{"id":8250,"date":"2026-03-16T11:21:22","date_gmt":"2026-03-16T10:21:22","guid":{"rendered":"https:\/\/vivando.ch\/?post_type=product&#038;p=8250"},"modified":"2026-03-18T16:59:05","modified_gmt":"2026-03-18T15:59:05","slug":"baiocco-copia","status":"publish","type":"product","link":"https:\/\/vivando.ch\/de\/shop\/spirituosen\/weine\/rot\/baiocco-copia\/","title":{"rendered":"Ultima Goccia Ticino DOC Merlot"},"content":{"rendered":"<p>Weinbereitung: Alkoholische G\u00e4rung und Mazeration nach Bordeaux-Art \u00fcber einen Zeitraum von etwa 30 Tagen bei kontrollierter Temperatur. Reifung in 225- und 500-Liter-Barriques aus franz\u00f6sischer Eiche \u00fcber 12 Monate. Farbe: Purpurrot, sehr intensiv. Bouquet: Fruchtig, rote Beeren, w\u00fcrzig, sehr elegant und komplex. Geschmack: Ausgewogene Struktur, vollmundig, sehr feine und weiche Tannine sowie eine gute aromatische Persistenz.<\/p>\n","protected":false},"excerpt":{"rendered":"<p>Weinbereitung: Alkoholische G\u00e4rung und Mazeration nach Bordeaux-Art \u00fcber einen Zeitraum von etwa 30 Tagen bei kontrollierter Temperatur. Reifung in 225- und 500-Liter-Barriques aus franz\u00f6sischer Eiche \u00fcber 12 Monate. Farbe: Purpurrot, sehr intensiv. Bouquet: Fruchtig, rote Beeren, w\u00fcrzig, sehr elegant und komplex. Geschmack: Ausgewogene Struktur, vollmundig, sehr feine und weiche Tannine sowie eine gute aromatische Persistenz.<\/p>\n","protected":false},"featured_media":8260,"template":"","meta":[],"product_brand":[],"product_cat":[810,786,805],"product_tag":[],"class_list":{"0":"post-8250","1":"product","2":"type-product","3":"status-publish","4":"has-post-thumbnail","6":"product_cat-rot","7":"product_cat-spirituosen","8":"product_cat-weine","9":"pa_abbinamenti-brasati-de","10":"pa_abbinamenti-braten","11":"pa_abbinamenti-gekocht","12":"pa_abbinamenti-vorspeisen","13":"pa_allergeni-sulfite","14":"pa_annata-2023-de","15":"pa_colore-rot","16":"pa_denominazione-doc-de","17":"pa_formato-bottiglia-standard-de","18":"pa_gradazione-alcolica-13-de","19":"pa_nazione-schweiz","20":"pa_note-heis","21":"pa_note-intensiv","22":"pa_note-schokolade","23":"pa_regione-tessin","24":"pa_sapore-dynamisch","25":"pa_sapore-heis","26":"pa_tipologia-stopp","27":"pa_uvaggio-merlot-de","29":"first","30":"instock","31":"taxable","32":"shipping-taxable","33":"purchasable","34":"product-type-simple"},"_links":{"self":[{"href":"https:\/\/vivando.ch\/de\/wp-json\/wp\/v2\/product\/8250","targetHints":{"allow":["GET"]}}],"collection":[{"href":"https:\/\/vivando.ch\/de\/wp-json\/wp\/v2\/product"}],"about":[{"href":"https:\/\/vivando.ch\/de\/wp-json\/wp\/v2\/types\/product"}],"wp:featuredmedia":[{"embeddable":true,"href":"https:\/\/vivando.ch\/de\/wp-json\/wp\/v2\/media\/8260"}],"wp:attachment":[{"href":"https:\/\/vivando.ch\/de\/wp-json\/wp\/v2\/media?parent=8250"}],"wp:term":[{"taxonomy":"product_brand","embeddable":true,"href":"https:\/\/vivando.ch\/de\/wp-json\/wp\/v2\/product_brand?post=8250"},{"taxonomy":"product_cat","embeddable":true,"href":"https:\/\/vivando.ch\/de\/wp-json\/wp\/v2\/product_cat?post=8250"},{"taxonomy":"product_tag","embeddable":true,"href":"https:\/\/vivando.ch\/de\/wp-json\/wp\/v2\/product_tag?post=8250"}],"curies":[{"name":"wp","href":"https:\/\/api.w.org\/{rel}","templated":true}]}}