{"id":8246,"date":"2026-03-16T10:13:51","date_gmt":"2026-03-16T09:13:51","guid":{"rendered":"https:\/\/vivando.ch\/?post_type=product&#038;p=8246"},"modified":"2026-03-18T17:00:17","modified_gmt":"2026-03-18T16:00:17","slug":"biasca-premium-copia","status":"publish","type":"product","link":"https:\/\/vivando.ch\/de\/shop\/spirituosen\/weine\/rot\/biasca-premium-copia\/","title":{"rendered":"Scintilla Ticino DOC Merlot"},"content":{"rendered":"<p>Der Scintilla verk\u00f6rpert die Essenz der Rebsorte Merlot in ihrer raffiniertesten Form und zeichnet sich durch eine unvergleichliche Finesse aus, die ihn innerhalb des Weinguts Mond\u00f2 auszeichnet. Dieser klassische Merlot ist ein vielseitiger Wein, der sich perfekt f\u00fcr jeden Anlass eignet und hervorragend zu Vorspeisen, ersten G\u00e4ngen und Fleischgerichten passt. Das Weingut Mond\u00f2 beschreibt ihn als \u201eeinen leicht zu trinkenden Merlot, der f\u00fcr jeden zug\u00e4nglich ist\u201c, der aus Trauben verschiedener Weinberge gekeltert wird.<\/p>\n","protected":false},"excerpt":{"rendered":"<p>Der Scintilla verk\u00f6rpert die Essenz der Rebsorte Merlot in ihrer raffiniertesten Form und zeichnet sich durch eine unvergleichliche Finesse aus, die ihn innerhalb des Weinguts Mond\u00f2 auszeichnet. Dieser klassische Merlot ist ein vielseitiger Wein, der sich perfekt f\u00fcr jeden Anlass eignet und hervorragend zu Vorspeisen, ersten G\u00e4ngen und Fleischgerichten passt. Das Weingut Mond\u00f2 beschreibt ihn [&hellip;]<\/p>\n","protected":false},"featured_media":8268,"template":"","meta":[],"product_brand":[],"product_cat":[810,786,805],"product_tag":[],"class_list":{"0":"post-8246","1":"product","2":"type-product","3":"status-publish","4":"has-post-thumbnail","6":"product_cat-rot","7":"product_cat-spirituosen","8":"product_cat-weine","9":"pa_abbinamenti-brasati-de","10":"pa_abbinamenti-braten","11":"pa_abbinamenti-gekocht","12":"pa_abbinamenti-vorspeisen","13":"pa_allergeni-sulfite","14":"pa_annata-2023-de","15":"pa_colore-rot","16":"pa_denominazione-doc-de","17":"pa_formato-bottiglia-standard-de","18":"pa_gradazione-alcolica-12-5-de","19":"pa_nazione-schweiz","20":"pa_note-heis","21":"pa_note-intensiv","22":"pa_note-schokolade","23":"pa_regione-tessin","24":"pa_sapore-dynamisch","25":"pa_sapore-heis","26":"pa_tipologia-stopp","27":"pa_uvaggio-merlot-de","29":"first","30":"instock","31":"taxable","32":"shipping-taxable","33":"purchasable","34":"product-type-simple"},"_links":{"self":[{"href":"https:\/\/vivando.ch\/de\/wp-json\/wp\/v2\/product\/8246","targetHints":{"allow":["GET"]}}],"collection":[{"href":"https:\/\/vivando.ch\/de\/wp-json\/wp\/v2\/product"}],"about":[{"href":"https:\/\/vivando.ch\/de\/wp-json\/wp\/v2\/types\/product"}],"wp:featuredmedia":[{"embeddable":true,"href":"https:\/\/vivando.ch\/de\/wp-json\/wp\/v2\/media\/8268"}],"wp:attachment":[{"href":"https:\/\/vivando.ch\/de\/wp-json\/wp\/v2\/media?parent=8246"}],"wp:term":[{"taxonomy":"product_brand","embeddable":true,"href":"https:\/\/vivando.ch\/de\/wp-json\/wp\/v2\/product_brand?post=8246"},{"taxonomy":"product_cat","embeddable":true,"href":"https:\/\/vivando.ch\/de\/wp-json\/wp\/v2\/product_cat?post=8246"},{"taxonomy":"product_tag","embeddable":true,"href":"https:\/\/vivando.ch\/de\/wp-json\/wp\/v2\/product_tag?post=8246"}],"curies":[{"name":"wp","href":"https:\/\/api.w.org\/{rel}","templated":true}]}}