{"id":8244,"date":"2026-03-16T09:57:17","date_gmt":"2026-03-16T08:57:17","guid":{"rendered":"https:\/\/vivando.ch\/?post_type=product&#038;p=8244"},"modified":"2026-03-18T17:00:35","modified_gmt":"2026-03-18T16:00:35","slug":"sassi-grossi-copia-2","status":"publish","type":"product","link":"https:\/\/vivando.ch\/de\/shop\/spirituosen\/weine\/rot\/sassi-grossi-copia-2\/","title":{"rendered":"Biasca Premium Ticino DOC Merlot"},"content":{"rendered":"<p>Farbe: Intensives, tiefes Rubinrot.<br \/>\nBouquet: Sehr intensiv und von guter Komplexit\u00e4t. Noten von Heidelbeere, Walderdbeere, Brombeere und Pflaume, begleitet von w\u00fcrzigen Noten, R\u00f6staromen und zarten Minznoten.<br \/>\nLagerf\u00e4higkeit: Der Biasca Premium entfaltet sein volles Potenzial im zweiten Jahr und beh\u00e4lt diese Eigenschaften bei optimaler Lagerung mindestens 7 Jahre lang und dar\u00fcber hinaus.<br \/>\nGeschmack: Voller und kompakter Auftakt. Weich und fruchtig, mit Tanninen von ausgezeichneter Menge und Qualit\u00e4t. Elegant, vollmundig und von guter Struktur und K\u00f6rper mit einem ausgewogenen Abgang und guter Persistenz.<\/p>\n","protected":false},"excerpt":{"rendered":"<p>Farbe: Intensives, tiefes Rubinrot. Bouquet: Sehr intensiv und von guter Komplexit\u00e4t. Noten von Heidelbeere, Walderdbeere, Brombeere und Pflaume, begleitet von w\u00fcrzigen Noten, R\u00f6staromen und zarten Minznoten. Lagerf\u00e4higkeit: Der Biasca Premium entfaltet sein volles Potenzial im zweiten Jahr und beh\u00e4lt diese Eigenschaften bei optimaler Lagerung mindestens 7 Jahre lang und dar\u00fcber hinaus. Geschmack: Voller und kompakter [&hellip;]<\/p>\n","protected":false},"featured_media":8281,"template":"","meta":[],"product_brand":[],"product_cat":[810,786,805],"product_tag":[],"class_list":{"0":"post-8244","1":"product","2":"type-product","3":"status-publish","4":"has-post-thumbnail","6":"product_cat-rot","7":"product_cat-spirituosen","8":"product_cat-weine","9":"pa_abbinamenti-brasati-de","10":"pa_abbinamenti-braten","11":"pa_abbinamenti-gekocht","12":"pa_abbinamenti-vorspeisen","13":"pa_allergeni-sulfite","14":"pa_annata-2022-de","15":"pa_cantina-gialdi-de","16":"pa_colore-rot","17":"pa_denominazione-doc-de","18":"pa_formato-bottiglia-standard-de","19":"pa_nazione-schweiz","20":"pa_note-heis","21":"pa_note-intensiv","22":"pa_note-schokolade","23":"pa_regione-tessin","24":"pa_sapore-dynamisch","25":"pa_sapore-heis","26":"pa_tipologia-stopp","27":"pa_uvaggio-merlot-de","29":"first","30":"instock","31":"taxable","32":"shipping-taxable","33":"purchasable","34":"product-type-simple"},"_links":{"self":[{"href":"https:\/\/vivando.ch\/de\/wp-json\/wp\/v2\/product\/8244","targetHints":{"allow":["GET"]}}],"collection":[{"href":"https:\/\/vivando.ch\/de\/wp-json\/wp\/v2\/product"}],"about":[{"href":"https:\/\/vivando.ch\/de\/wp-json\/wp\/v2\/types\/product"}],"wp:featuredmedia":[{"embeddable":true,"href":"https:\/\/vivando.ch\/de\/wp-json\/wp\/v2\/media\/8281"}],"wp:attachment":[{"href":"https:\/\/vivando.ch\/de\/wp-json\/wp\/v2\/media?parent=8244"}],"wp:term":[{"taxonomy":"product_brand","embeddable":true,"href":"https:\/\/vivando.ch\/de\/wp-json\/wp\/v2\/product_brand?post=8244"},{"taxonomy":"product_cat","embeddable":true,"href":"https:\/\/vivando.ch\/de\/wp-json\/wp\/v2\/product_cat?post=8244"},{"taxonomy":"product_tag","embeddable":true,"href":"https:\/\/vivando.ch\/de\/wp-json\/wp\/v2\/product_tag?post=8244"}],"curies":[{"name":"wp","href":"https:\/\/api.w.org\/{rel}","templated":true}]}}