{"id":8238,"date":"2026-03-13T13:56:01","date_gmt":"2026-03-13T12:56:01","guid":{"rendered":"https:\/\/vivando.ch\/?post_type=product&#038;p=8238"},"modified":"2026-03-18T17:01:40","modified_gmt":"2026-03-18T16:01:40","slug":"terre-alte-copia","status":"publish","type":"product","link":"https:\/\/vivando.ch\/de\/shop\/spirituosen\/weine\/rot\/terre-alte-copia\/","title":{"rendered":"Sassi Grossi Ticino DOC Merlot"},"content":{"rendered":"<p>Harmonisches und komplexes Bouquet mit fruchtigen Noten von Pflaume und Heidelbeere, begleitet von leichten Gew\u00fcrz- und R\u00f6stnoten sowie minzigen Nuancen.<br \/>\nDer Sassi Grossi entfaltet sein Potenzial ab dem Fr\u00fchjahr am besten und beh\u00e4lt diese Eigenschaften bei optimaler Lagerung 15 Jahre und l\u00e4nger. Am besten eine Stunde vor dem Genuss entkorken.<br \/>\nDer Geschmack: frischer und kr\u00e4ftiger Auftakt. Er ist gut strukturiert und pr\u00e4sentiert sich ausgewogen mit reifen, s\u00fc\u00dfen Tanninen von hervorragender Menge und Qualit\u00e4t. Eine gute W\u00fcrze begleitet den sehr langen und anhaltenden Abgang.<\/p>\n","protected":false},"excerpt":{"rendered":"<p>Harmonisches und komplexes Bouquet mit fruchtigen Noten von Pflaume und Heidelbeere, begleitet von leichten Gew\u00fcrz- und R\u00f6stnoten sowie minzigen Nuancen. Der Sassi Grossi entfaltet sein Potenzial ab dem Fr\u00fchjahr am besten und beh\u00e4lt diese Eigenschaften bei optimaler Lagerung 15 Jahre und l\u00e4nger. Am besten eine Stunde vor dem Genuss entkorken. Der Geschmack: frischer und kr\u00e4ftiger [&hellip;]<\/p>\n","protected":false},"featured_media":8277,"template":"","meta":[],"product_brand":[],"product_cat":[810,786,805],"product_tag":[],"class_list":{"0":"post-8238","1":"product","2":"type-product","3":"status-publish","4":"has-post-thumbnail","6":"product_cat-rot","7":"product_cat-spirituosen","8":"product_cat-weine","9":"pa_abbinamenti-brasati-de","10":"pa_abbinamenti-braten","11":"pa_abbinamenti-gekocht","12":"pa_abbinamenti-vorspeisen","13":"pa_allergeni-sulfite","14":"pa_annata-2022-de","15":"pa_cantina-gialdi-de","16":"pa_colore-rot","17":"pa_denominazione-doc-de","18":"pa_formato-bottiglia-standard-de","19":"pa_gradazione-alcolica-12-8-de","20":"pa_nazione-schweiz","21":"pa_note-heis","22":"pa_note-intensiv","23":"pa_note-schokolade","24":"pa_regione-tessin","25":"pa_sapore-dynamisch","26":"pa_sapore-heis","27":"pa_tipologia-stopp","28":"pa_uvaggio-merlot-de","30":"first","31":"instock","32":"taxable","33":"shipping-taxable","34":"purchasable","35":"product-type-simple"},"_links":{"self":[{"href":"https:\/\/vivando.ch\/de\/wp-json\/wp\/v2\/product\/8238","targetHints":{"allow":["GET"]}}],"collection":[{"href":"https:\/\/vivando.ch\/de\/wp-json\/wp\/v2\/product"}],"about":[{"href":"https:\/\/vivando.ch\/de\/wp-json\/wp\/v2\/types\/product"}],"wp:featuredmedia":[{"embeddable":true,"href":"https:\/\/vivando.ch\/de\/wp-json\/wp\/v2\/media\/8277"}],"wp:attachment":[{"href":"https:\/\/vivando.ch\/de\/wp-json\/wp\/v2\/media?parent=8238"}],"wp:term":[{"taxonomy":"product_brand","embeddable":true,"href":"https:\/\/vivando.ch\/de\/wp-json\/wp\/v2\/product_brand?post=8238"},{"taxonomy":"product_cat","embeddable":true,"href":"https:\/\/vivando.ch\/de\/wp-json\/wp\/v2\/product_cat?post=8238"},{"taxonomy":"product_tag","embeddable":true,"href":"https:\/\/vivando.ch\/de\/wp-json\/wp\/v2\/product_tag?post=8238"}],"curies":[{"name":"wp","href":"https:\/\/api.w.org\/{rel}","templated":true}]}}