{"id":8234,"date":"2026-03-18T16:43:15","date_gmt":"2026-03-18T15:43:15","guid":{"rendered":"https:\/\/vivando.ch\/?post_type=product&#038;p=8234"},"modified":"2026-03-18T16:55:37","modified_gmt":"2026-03-18T15:55:37","slug":"terre-alte-bianco","status":"publish","type":"product","link":"https:\/\/vivando.ch\/de\/shop\/spirituosen\/weine\/weiss\/terre-alte-bianco\/","title":{"rendered":"Terre Alte Bianco DOC Merlot"},"content":{"rendered":"<p>Fein und zart. Harmonisch mit fruchtigen Noten, die an wei\u00dfen Pfirsich und Williamsbirne erinnern, sowie zarten Zitrus- und Blumennoten. Frisch und angenehm. Elegant und harmonisch mit einem w\u00fcrzigen Abgang von guter L\u00e4nge. Ein idealer Terre Alte f\u00fcr den Aperitif!<\/p>\n","protected":false},"excerpt":{"rendered":"<p>Fein und zart. Harmonisch mit fruchtigen Noten, die an wei\u00dfen Pfirsich und Williamsbirne erinnern, sowie zarten Zitrus- und Blumennoten. Frisch und angenehm. Elegant und harmonisch mit einem w\u00fcrzigen Abgang von guter L\u00e4nge. Ein idealer Terre Alte f\u00fcr den Aperitif!<\/p>\n","protected":false},"featured_media":8273,"template":"","meta":[],"product_brand":[],"product_cat":[786,805,806],"product_tag":[],"class_list":{"0":"post-8234","1":"product","2":"type-product","3":"status-publish","4":"has-post-thumbnail","6":"product_cat-spirituosen","7":"product_cat-weine","8":"product_cat-weiss","9":"pa_abbinamenti-aperitifs","10":"pa_abbinamenti-meeresfruchte-vorspeisen","11":"pa_abbinamenti-vorspeisen","12":"pa_allergeni-sulfite","13":"pa_cantina-gialdi-de","14":"pa_colore-weise","15":"pa_denominazione-doc-de","16":"pa_formato-bottiglia-standard-de","17":"pa_gradazione-alcolica-12-5-de","18":"pa_nazione-schweiz","19":"pa_note-krauter","20":"pa_note-zitrusfruchte","21":"pa_regione-tessin","22":"pa_sapore-dynamisch","23":"pa_sapore-frisch","24":"pa_tipologia-stopp","25":"pa_uvaggio-merlot-de","27":"first","28":"instock","29":"taxable","30":"shipping-taxable","31":"purchasable","32":"product-type-simple"},"_links":{"self":[{"href":"https:\/\/vivando.ch\/de\/wp-json\/wp\/v2\/product\/8234","targetHints":{"allow":["GET"]}}],"collection":[{"href":"https:\/\/vivando.ch\/de\/wp-json\/wp\/v2\/product"}],"about":[{"href":"https:\/\/vivando.ch\/de\/wp-json\/wp\/v2\/types\/product"}],"wp:featuredmedia":[{"embeddable":true,"href":"https:\/\/vivando.ch\/de\/wp-json\/wp\/v2\/media\/8273"}],"wp:attachment":[{"href":"https:\/\/vivando.ch\/de\/wp-json\/wp\/v2\/media?parent=8234"}],"wp:term":[{"taxonomy":"product_brand","embeddable":true,"href":"https:\/\/vivando.ch\/de\/wp-json\/wp\/v2\/product_brand?post=8234"},{"taxonomy":"product_cat","embeddable":true,"href":"https:\/\/vivando.ch\/de\/wp-json\/wp\/v2\/product_cat?post=8234"},{"taxonomy":"product_tag","embeddable":true,"href":"https:\/\/vivando.ch\/de\/wp-json\/wp\/v2\/product_tag?post=8234"}],"curies":[{"name":"wp","href":"https:\/\/api.w.org\/{rel}","templated":true}]}}