{"id":8231,"date":"2026-03-18T16:44:35","date_gmt":"2026-03-18T15:44:35","guid":{"rendered":"https:\/\/vivando.ch\/?post_type=product&#038;p=8231"},"modified":"2026-03-18T16:55:16","modified_gmt":"2026-03-18T15:55:16","slug":"lariete","status":"publish","type":"product","link":"https:\/\/vivando.ch\/de\/shop\/spirituosen\/weine\/rot\/lariete\/","title":{"rendered":"L&#8217;Ariete DOC Merlot"},"content":{"rendered":"<p>1966 wurde die erste Flasche dieses sehr erfolgreichen Merlots produziert. Er hat eine leuchtend rubinrote Farbe, einen fruchtigen Charakter mit Aromen von reifen roten Beeren und Noten von s\u00fc\u00dfen Gew\u00fcrzen. Am Gaumen zeigt er eine gute, sehr ausgewogene Struktur mit angenehmen Tanninen.<\/p>\n<p>Er passt sehr gut zu Wurstwaren, ersten G\u00e4ngen, rotem Fleisch und mittelreifem K\u00e4se.<\/p>\n","protected":false},"excerpt":{"rendered":"<p>1966 wurde die erste Flasche dieses sehr erfolgreichen Merlots produziert. Er hat eine leuchtend rubinrote Farbe, einen fruchtigen Charakter mit Aromen von reifen roten Beeren und Noten von s\u00fc\u00dfen Gew\u00fcrzen. Am Gaumen zeigt er eine gute, sehr ausgewogene Struktur mit angenehmen Tanninen. Er passt sehr gut zu Wurstwaren, ersten G\u00e4ngen, rotem Fleisch und mittelreifem K\u00e4se.<\/p>\n","protected":false},"featured_media":8270,"template":"","meta":[],"product_brand":[],"product_cat":[810,786,805],"product_tag":[],"class_list":{"0":"post-8231","1":"product","2":"type-product","3":"status-publish","4":"has-post-thumbnail","6":"product_cat-rot","7":"product_cat-spirituosen","8":"product_cat-weine","9":"pa_abbinamenti-braten","10":"pa_abbinamenti-kase","11":"pa_abbinamenti-vorspeisen","12":"pa_allergeni-sulfite","13":"pa_annata-2020-de","14":"pa_cantina-valsangiacomo-f-lli-de","15":"pa_colore-rot","16":"pa_denominazione-doc-de","17":"pa_formato-bottiglia-standard-de","18":"pa_gradazione-alcolica-12-5-de","19":"pa_nazione-schweiz","20":"pa_note-charakteristisch","21":"pa_regione-tessin","22":"pa_sapore-entscheidend","23":"pa_tipologia-stopp","24":"pa_uvaggio-merlot-de","26":"first","27":"instock","28":"taxable","29":"shipping-taxable","30":"purchasable","31":"product-type-simple"},"_links":{"self":[{"href":"https:\/\/vivando.ch\/de\/wp-json\/wp\/v2\/product\/8231","targetHints":{"allow":["GET"]}}],"collection":[{"href":"https:\/\/vivando.ch\/de\/wp-json\/wp\/v2\/product"}],"about":[{"href":"https:\/\/vivando.ch\/de\/wp-json\/wp\/v2\/types\/product"}],"wp:featuredmedia":[{"embeddable":true,"href":"https:\/\/vivando.ch\/de\/wp-json\/wp\/v2\/media\/8270"}],"wp:attachment":[{"href":"https:\/\/vivando.ch\/de\/wp-json\/wp\/v2\/media?parent=8231"}],"wp:term":[{"taxonomy":"product_brand","embeddable":true,"href":"https:\/\/vivando.ch\/de\/wp-json\/wp\/v2\/product_brand?post=8231"},{"taxonomy":"product_cat","embeddable":true,"href":"https:\/\/vivando.ch\/de\/wp-json\/wp\/v2\/product_cat?post=8231"},{"taxonomy":"product_tag","embeddable":true,"href":"https:\/\/vivando.ch\/de\/wp-json\/wp\/v2\/product_tag?post=8231"}],"curies":[{"name":"wp","href":"https:\/\/api.w.org\/{rel}","templated":true}]}}