{"id":8219,"date":"2026-03-06T13:59:04","date_gmt":"2026-03-06T12:59:04","guid":{"rendered":"https:\/\/vivando.ch\/?post_type=product&#038;p=8219"},"modified":"2026-03-06T13:59:42","modified_gmt":"2026-03-06T12:59:42","slug":"aperitivo-barbaro-bio","status":"publish","type":"product","link":"https:\/\/vivando.ch\/de\/shop\/spirituosen\/likore\/aperitivo-barbaro-bio\/","title":{"rendered":"Aperitivo Barbaro Bio"},"content":{"rendered":"<p>Der Aperitivo Barbaro ist ein origineller Bitter, der auf nat\u00fcrliche Weise ausschlie\u00dflich aus Kr\u00e4utern, Bl\u00fcten, Fr\u00fcchten und Wurzeln hergestellt wird, die nach den Richtlinien des \u00f6kologischen Landbaus angebaut werden. Der Barbaro ist ein freier, authentischer Geist mit einem ausgepr\u00e4gten Charakter, der dank der zarten Zitrusnoten der Orangenschalen und der Intensit\u00e4t des Rhabarbers dennoch spontan und frisch bleibt. Es handelt sich um einen echten Aperitif, der verschiedene interessante und einfache Mischungen erm\u00f6glicht und sowohl zu Hause als auch in der Bar genossen werden kann.<\/p>\n","protected":false},"excerpt":{"rendered":"<p>Der Aperitivo Barbaro ist ein origineller Bitter, der auf nat\u00fcrliche Weise ausschlie\u00dflich aus Kr\u00e4utern, Bl\u00fcten, Fr\u00fcchten und Wurzeln hergestellt wird, die nach den Richtlinien des \u00f6kologischen Landbaus angebaut werden<\/p>\n","protected":false},"featured_media":8221,"template":"","meta":[],"product_brand":[],"product_cat":[804,786],"product_tag":[],"class_list":{"0":"post-8219","1":"product","2":"type-product","3":"status-publish","4":"has-post-thumbnail","6":"product_cat-likore","7":"product_cat-spirituosen","8":"pa_abbinamenti-aperitifs","9":"pa_cantina-bisbino-de","10":"pa_formato-bottiglia-70cl-de","11":"pa_gradazione-alcolica-16-de","12":"pa_nazione-schweiz","13":"pa_note-beeren","14":"pa_note-frische-blumen","15":"pa_note-krautige","16":"pa_regione-tessin","17":"pa_sapore-zitrusfruchte","19":"first","20":"instock","21":"taxable","22":"shipping-taxable","23":"purchasable","24":"product-type-simple"},"_links":{"self":[{"href":"https:\/\/vivando.ch\/de\/wp-json\/wp\/v2\/product\/8219","targetHints":{"allow":["GET"]}}],"collection":[{"href":"https:\/\/vivando.ch\/de\/wp-json\/wp\/v2\/product"}],"about":[{"href":"https:\/\/vivando.ch\/de\/wp-json\/wp\/v2\/types\/product"}],"wp:featuredmedia":[{"embeddable":true,"href":"https:\/\/vivando.ch\/de\/wp-json\/wp\/v2\/media\/8221"}],"wp:attachment":[{"href":"https:\/\/vivando.ch\/de\/wp-json\/wp\/v2\/media?parent=8219"}],"wp:term":[{"taxonomy":"product_brand","embeddable":true,"href":"https:\/\/vivando.ch\/de\/wp-json\/wp\/v2\/product_brand?post=8219"},{"taxonomy":"product_cat","embeddable":true,"href":"https:\/\/vivando.ch\/de\/wp-json\/wp\/v2\/product_cat?post=8219"},{"taxonomy":"product_tag","embeddable":true,"href":"https:\/\/vivando.ch\/de\/wp-json\/wp\/v2\/product_tag?post=8219"}],"curies":[{"name":"wp","href":"https:\/\/api.w.org\/{rel}","templated":true}]}}