{"id":8215,"date":"2026-03-06T14:00:36","date_gmt":"2026-03-06T13:00:36","guid":{"rendered":"https:\/\/vivando.ch\/?post_type=product&#038;p=8215"},"modified":"2026-03-06T14:00:23","modified_gmt":"2026-03-06T13:00:23","slug":"sopraceneri","status":"publish","type":"product","link":"https:\/\/vivando.ch\/de\/shop\/spirituosen\/weine\/rot\/sopraceneri\/","title":{"rendered":"Sopraceneri"},"content":{"rendered":"<p>Die drei Unternehmen (Cantina Pelossi SA, Fratelli Corti SA, Azienda Vitivinicola Trapletti SA) keltern individuell die besten Trauben, die aus den Weinbergen der Region Sopraceneri ausgew\u00e4hlt wurden. Die Mazeration dauert zun\u00e4chst \u00fcber 20 Tage, anschlie\u00dfend erfolgen die malolaktische G\u00e4rung und die lange Reifung \u00fcber mehr als zwei Jahre in \u00fcberwiegend neuen franz\u00f6sischen Barriques. Nach Abschluss der Reifung werden die besten Proben der drei Unternehmen blind verkostet, bevor die aus den besten Proben gewonnene Assemblage in Flaschen abgef\u00fcllt wird.<\/p>\n","protected":false},"excerpt":{"rendered":"<p>Die drei Unternehmen (Cantina Pelossi SA, Fratelli Corti SA, Azienda Vitivinicola Trapletti SA) keltern individuell die besten Trauben, die aus den Weinbergen der Region Sopraceneri ausgew\u00e4hlt wurden. Die Mazeration dauert zun\u00e4chst \u00fcber 20 Tage, anschlie\u00dfend erfolgen die malolaktische G\u00e4rung und die lange Reifung \u00fcber mehr als zwei Jahre in \u00fcberwiegend neuen franz\u00f6sischen Barriques. Nach Abschluss [&hellip;]<\/p>\n","protected":false},"featured_media":8217,"template":"","meta":[],"product_brand":[],"product_cat":[810,786,805],"product_tag":[],"class_list":{"0":"post-8215","1":"product","2":"type-product","3":"status-publish","4":"has-post-thumbnail","6":"product_cat-rot","7":"product_cat-spirituosen","8":"product_cat-weine","9":"pa_abbinamenti-brasati-de","10":"pa_abbinamenti-braten","11":"pa_abbinamenti-gebackenes-fleisch","12":"pa_annata-2021-de","13":"pa_colore-rot","14":"pa_denominazione-doc-de","15":"pa_formato-bottiglia-standard-de","16":"pa_gradazione-alcolica-14-de","17":"pa_nazione-schweiz","18":"pa_note-intensiv","19":"pa_note-reifes-obst","20":"pa_note-schwarze-fruchte","21":"pa_regione-tessin","22":"pa_sapore-austero-de","23":"pa_sapore-elegant","24":"pa_sapore-harmonische","25":"pa_tipologia-stopp","26":"pa_uvaggio-merlot-de","28":"first","29":"instock","30":"taxable","31":"shipping-taxable","32":"purchasable","33":"product-type-simple"},"_links":{"self":[{"href":"https:\/\/vivando.ch\/de\/wp-json\/wp\/v2\/product\/8215","targetHints":{"allow":["GET"]}}],"collection":[{"href":"https:\/\/vivando.ch\/de\/wp-json\/wp\/v2\/product"}],"about":[{"href":"https:\/\/vivando.ch\/de\/wp-json\/wp\/v2\/types\/product"}],"wp:featuredmedia":[{"embeddable":true,"href":"https:\/\/vivando.ch\/de\/wp-json\/wp\/v2\/media\/8217"}],"wp:attachment":[{"href":"https:\/\/vivando.ch\/de\/wp-json\/wp\/v2\/media?parent=8215"}],"wp:term":[{"taxonomy":"product_brand","embeddable":true,"href":"https:\/\/vivando.ch\/de\/wp-json\/wp\/v2\/product_brand?post=8215"},{"taxonomy":"product_cat","embeddable":true,"href":"https:\/\/vivando.ch\/de\/wp-json\/wp\/v2\/product_cat?post=8215"},{"taxonomy":"product_tag","embeddable":true,"href":"https:\/\/vivando.ch\/de\/wp-json\/wp\/v2\/product_tag?post=8215"}],"curies":[{"name":"wp","href":"https:\/\/api.w.org\/{rel}","templated":true}]}}