{"id":8192,"date":"2026-03-09T14:19:32","date_gmt":"2026-03-09T13:19:32","guid":{"rendered":"https:\/\/vivando.ch\/?post_type=product&#038;p=8192"},"modified":"2026-03-09T14:20:05","modified_gmt":"2026-03-09T13:20:05","slug":"oeil-de-perdrix-rose-neuchatel-aoc-caves-des-coteaux","status":"publish","type":"product","link":"https:\/\/vivando.ch\/de\/shop\/spirituosen\/weine\/rose\/oeil-de-perdrix-rose-neuchatel-aoc-caves-des-coteaux\/","title":{"rendered":"Oeil de Perdrix Ros\u00e9 Neuch\u00e2tel AOC Caves des Coteaux"},"content":{"rendered":"<p>Der Stil wird durch das Terroir bestimmt: eine gelungene Balance zwischen der Vertikalit\u00e4t des Saftes und einer fruchtigen und komplexen Cremigkeit: mazerierte Zitrusfr\u00fcchte und rote Beeren. Der Gaumen ist leicht angespannt, dann gro\u00dfz\u00fcgig, vollmundig und lang.<\/p>\n","protected":false},"excerpt":{"rendered":"<p>Der Stil wird durch das Terroir bestimmt: eine gelungene Balance zwischen der Vertikalit\u00e4t des Saftes und einer fruchtigen und komplexen Cremigkeit: mazerierte Zitrusfr\u00fcchte und rote Beeren. Der Gaumen ist leicht angespannt, dann gro\u00dfz\u00fcgig, vollmundig und lang.<\/p>\n","protected":false},"featured_media":8209,"template":"","meta":[],"product_brand":[],"product_cat":[809,786,805],"product_tag":[],"class_list":{"0":"post-8192","1":"product","2":"type-product","3":"status-publish","4":"has-post-thumbnail","6":"product_cat-rose","7":"product_cat-spirituosen","8":"product_cat-weine","9":"pa_abbinamenti-aperitifs","10":"pa_abbinamenti-gekocht","11":"pa_abbinamenti-vorspeisen","12":"pa_colore-rose","13":"pa_denominazione-aoc-de","14":"pa_formato-bottiglia-standard-de","15":"pa_gradazione-alcolica-13-5-de","16":"pa_nazione-schweiz","17":"pa_note-aromaten","18":"pa_sapore-gros","19":"pa_tipologia-stopp","20":"pa_uvaggio-pinot-nero-de","22":"first","23":"instock","24":"taxable","25":"shipping-taxable","26":"purchasable","27":"product-type-simple"},"_links":{"self":[{"href":"https:\/\/vivando.ch\/de\/wp-json\/wp\/v2\/product\/8192","targetHints":{"allow":["GET"]}}],"collection":[{"href":"https:\/\/vivando.ch\/de\/wp-json\/wp\/v2\/product"}],"about":[{"href":"https:\/\/vivando.ch\/de\/wp-json\/wp\/v2\/types\/product"}],"wp:featuredmedia":[{"embeddable":true,"href":"https:\/\/vivando.ch\/de\/wp-json\/wp\/v2\/media\/8209"}],"wp:attachment":[{"href":"https:\/\/vivando.ch\/de\/wp-json\/wp\/v2\/media?parent=8192"}],"wp:term":[{"taxonomy":"product_brand","embeddable":true,"href":"https:\/\/vivando.ch\/de\/wp-json\/wp\/v2\/product_brand?post=8192"},{"taxonomy":"product_cat","embeddable":true,"href":"https:\/\/vivando.ch\/de\/wp-json\/wp\/v2\/product_cat?post=8192"},{"taxonomy":"product_tag","embeddable":true,"href":"https:\/\/vivando.ch\/de\/wp-json\/wp\/v2\/product_tag?post=8192"}],"curies":[{"name":"wp","href":"https:\/\/api.w.org\/{rel}","templated":true}]}}