{"id":8127,"date":"2026-03-03T09:07:21","date_gmt":"2026-03-03T08:07:21","guid":{"rendered":"https:\/\/vivando.ch\/?post_type=product&#038;p=8127"},"modified":"2026-03-03T09:07:42","modified_gmt":"2026-03-03T08:07:42","slug":"gin-bisbino-ginger-dry","status":"publish","type":"product","link":"https:\/\/vivando.ch\/de\/shop\/spirituosen\/likore\/gin-bisbino-ginger-dry\/","title":{"rendered":"Gin Bisbino Ginger Dry"},"content":{"rendered":"<p>Dank der Entdeckung der faszinierenden Aromen des Ingwers, der zun\u00e4chst versuchsweise in den G\u00e4rten von Sagno angebaut wurde, haben wir das richtige Rezept gefunden, um den Gin Bisbino in einer \u00fcberraschenden \u201etrockenen Version\u201d anzubieten. Bisbino \u201eGinger Dry\u201d ist ein trockenerer Gin, weniger krautig als der Klassiker, besonders weich und mit einem ansprechenden w\u00fcrzigen Abgang.<\/p>\n","protected":false},"excerpt":{"rendered":"<p>Dank der Entdeckung der faszinierenden Aromen des Ingwers, der zun\u00e4chst versuchsweise in den G\u00e4rten von Sagno angebaut wurde, haben wir das richtige Rezept gefunden, um den Gin Bisbino in einer \u00fcberraschenden \u201etrockenen Version\u201d anzubieten. Bisbino \u201eGinger Dry\u201d ist ein trockenerer Gin, weniger krautig als der Klassiker, besonders weich und mit einem ansprechenden w\u00fcrzigen Abgang.<\/p>\n","protected":false},"featured_media":8175,"template":"","meta":[],"product_brand":[],"product_cat":[804,786],"product_tag":[1850],"class_list":{"0":"post-8127","1":"product","2":"type-product","3":"status-publish","4":"has-post-thumbnail","6":"product_cat-likore","7":"product_cat-spirituosen","8":"product_tag-bisbino","9":"pa_cantina-bisbino-de","10":"pa_formato-bottiglia-70-cl-de","11":"pa_gradazione-alcolica-40-de","12":"pa_nazione-schweiz","13":"pa_note-pikant","14":"pa_regione-tessin","16":"first","17":"instock","18":"taxable","19":"shipping-taxable","20":"purchasable","21":"product-type-simple"},"_links":{"self":[{"href":"https:\/\/vivando.ch\/de\/wp-json\/wp\/v2\/product\/8127","targetHints":{"allow":["GET"]}}],"collection":[{"href":"https:\/\/vivando.ch\/de\/wp-json\/wp\/v2\/product"}],"about":[{"href":"https:\/\/vivando.ch\/de\/wp-json\/wp\/v2\/types\/product"}],"wp:featuredmedia":[{"embeddable":true,"href":"https:\/\/vivando.ch\/de\/wp-json\/wp\/v2\/media\/8175"}],"wp:attachment":[{"href":"https:\/\/vivando.ch\/de\/wp-json\/wp\/v2\/media?parent=8127"}],"wp:term":[{"taxonomy":"product_brand","embeddable":true,"href":"https:\/\/vivando.ch\/de\/wp-json\/wp\/v2\/product_brand?post=8127"},{"taxonomy":"product_cat","embeddable":true,"href":"https:\/\/vivando.ch\/de\/wp-json\/wp\/v2\/product_cat?post=8127"},{"taxonomy":"product_tag","embeddable":true,"href":"https:\/\/vivando.ch\/de\/wp-json\/wp\/v2\/product_tag?post=8127"}],"curies":[{"name":"wp","href":"https:\/\/api.w.org\/{rel}","templated":true}]}}