{"id":8123,"date":"2026-02-26T08:03:50","date_gmt":"2026-02-26T07:03:50","guid":{"rendered":"https:\/\/vivando.ch\/?post_type=product&#038;p=8123"},"modified":"2026-03-03T09:42:32","modified_gmt":"2026-03-03T08:42:32","slug":"punch-allarancia-copia","status":"publish","type":"product","link":"https:\/\/vivando.ch\/de\/shop\/spirituosen\/likore\/punch-allarancia-copia\/","title":{"rendered":"Punch Al Mandarino"},"content":{"rendered":"<p>Ein aromatischer und vollmundiger Lik\u00f6r, perfekt f\u00fcr kalte Winterabende. Er zeichnet sich durch seinen intensiven Zitrusgeschmack aus, der durch die Zugabe von Orangenschalen erzielt wird. Aufgrund seines Alkoholgehalts eignet er sich ideal zum Warmtrinken, eventuell verfeinert mit einer Zitronenschale oder einer Zimtstange. Traditionell wird er als Digestif getrunken, eignet sich aber auch hervorragend als Zutat f\u00fcr Cocktails oder zum Aromatisieren von S\u00fc\u00dfspeisen und Desserts.<\/p>\n","protected":false},"excerpt":{"rendered":"<p>Ein aromatischer und vollmundiger Lik\u00f6r, perfekt f\u00fcr kalte Winterabende. Er zeichnet sich durch seinen intensiven Zitrusgeschmack aus, der durch die Zugabe von Orangenschalen erzielt wird. Aufgrund seines Alkoholgehalts eignet er sich ideal zum Warmtrinken, eventuell verfeinert mit einer Zitronenschale oder einer Zimtstange. Traditionell wird er als Digestif getrunken, eignet sich aber auch hervorragend als Zutat [&hellip;]<\/p>\n","protected":false},"featured_media":8134,"template":"","meta":[],"product_brand":[],"product_cat":[804,786],"product_tag":[931],"class_list":{"0":"post-8123","1":"product","2":"type-product","3":"status-publish","4":"has-post-thumbnail","6":"product_cat-likore","7":"product_cat-spirituosen","8":"product_tag-dilmoor-de","9":"pa_cantina-dilmoor-de","10":"pa_formato-bottiglia-70-cl-de","11":"pa_gradazione-alcolica-35-de","12":"pa_nazione-italien","13":"pa_note-orange","14":"pa_note-zitrusfruchte","15":"pa_regione-lombardei","16":"pa_tipologia-gestarkt","18":"first","19":"instock","20":"taxable","21":"shipping-taxable","22":"purchasable","23":"product-type-simple"},"_links":{"self":[{"href":"https:\/\/vivando.ch\/de\/wp-json\/wp\/v2\/product\/8123","targetHints":{"allow":["GET"]}}],"collection":[{"href":"https:\/\/vivando.ch\/de\/wp-json\/wp\/v2\/product"}],"about":[{"href":"https:\/\/vivando.ch\/de\/wp-json\/wp\/v2\/types\/product"}],"wp:featuredmedia":[{"embeddable":true,"href":"https:\/\/vivando.ch\/de\/wp-json\/wp\/v2\/media\/8134"}],"wp:attachment":[{"href":"https:\/\/vivando.ch\/de\/wp-json\/wp\/v2\/media?parent=8123"}],"wp:term":[{"taxonomy":"product_brand","embeddable":true,"href":"https:\/\/vivando.ch\/de\/wp-json\/wp\/v2\/product_brand?post=8123"},{"taxonomy":"product_cat","embeddable":true,"href":"https:\/\/vivando.ch\/de\/wp-json\/wp\/v2\/product_cat?post=8123"},{"taxonomy":"product_tag","embeddable":true,"href":"https:\/\/vivando.ch\/de\/wp-json\/wp\/v2\/product_tag?post=8123"}],"curies":[{"name":"wp","href":"https:\/\/api.w.org\/{rel}","templated":true}]}}