{"id":8112,"date":"2026-03-03T09:40:02","date_gmt":"2026-03-03T08:40:02","guid":{"rendered":"https:\/\/vivando.ch\/?post_type=product&#038;p=8112"},"modified":"2026-03-03T09:39:51","modified_gmt":"2026-03-03T08:39:51","slug":"grappa-podere-della-beccaccia","status":"publish","type":"product","link":"https:\/\/vivando.ch\/de\/shop\/spirituosen\/likore\/grappa-podere-della-beccaccia\/","title":{"rendered":"Grappa Podere Della Beccaccia"},"content":{"rendered":"<p>Der Grappa Podere della Beccaccia ist ein hochwertiges italienisches Destillat, das aus ausgew\u00e4hlten Trestern der besten Trauben gewonnen wird. Er zeichnet sich durch ein intensives und anhaltendes Aroma mit fruchtigen und blumigen Noten aus und eignet sich perfekt zum puren Genuss oder mit einem Eisw\u00fcrfel. Der Alkoholgehalt von 38 % rundet den Geschmack perfekt ab und macht ihn zu einem vielseitigen Destillat, das sich f\u00fcr verschiedene Anl\u00e4sse eignet. Ideal f\u00fcr alle, die diese K\u00f6stlichkeit mit Freunden und Verwandten teilen m\u00f6chten.<\/p>\n","protected":false},"excerpt":{"rendered":"<p>Der Grappa Podere della Beccaccia ist ein hochwertiges italienisches Destillat, das aus ausgew\u00e4hlten Trestern der besten Trauben gewonnen wird. Er zeichnet sich durch ein intensives und anhaltendes Aroma mit fruchtigen und blumigen Noten aus und eignet sich perfekt zum puren Genuss oder mit einem Eisw\u00fcrfel. Der Alkoholgehalt von 38 % rundet den Geschmack perfekt ab [&hellip;]<\/p>\n","protected":false},"featured_media":8136,"template":"","meta":[],"product_brand":[],"product_cat":[804,786],"product_tag":[],"class_list":{"0":"post-8112","1":"product","2":"type-product","3":"status-publish","4":"has-post-thumbnail","6":"product_cat-likore","7":"product_cat-spirituosen","8":"pa_cantina-dilmoor-de","9":"pa_colore-weise","10":"pa_formato-bottiglia-70-cl-de","11":"pa_nazione-italien","12":"pa_note-umhullend","13":"pa_regione-piemont","15":"first","16":"instock","17":"taxable","18":"shipping-taxable","19":"purchasable","20":"product-type-simple"},"_links":{"self":[{"href":"https:\/\/vivando.ch\/de\/wp-json\/wp\/v2\/product\/8112","targetHints":{"allow":["GET"]}}],"collection":[{"href":"https:\/\/vivando.ch\/de\/wp-json\/wp\/v2\/product"}],"about":[{"href":"https:\/\/vivando.ch\/de\/wp-json\/wp\/v2\/types\/product"}],"wp:featuredmedia":[{"embeddable":true,"href":"https:\/\/vivando.ch\/de\/wp-json\/wp\/v2\/media\/8136"}],"wp:attachment":[{"href":"https:\/\/vivando.ch\/de\/wp-json\/wp\/v2\/media?parent=8112"}],"wp:term":[{"taxonomy":"product_brand","embeddable":true,"href":"https:\/\/vivando.ch\/de\/wp-json\/wp\/v2\/product_brand?post=8112"},{"taxonomy":"product_cat","embeddable":true,"href":"https:\/\/vivando.ch\/de\/wp-json\/wp\/v2\/product_cat?post=8112"},{"taxonomy":"product_tag","embeddable":true,"href":"https:\/\/vivando.ch\/de\/wp-json\/wp\/v2\/product_tag?post=8112"}],"curies":[{"name":"wp","href":"https:\/\/api.w.org\/{rel}","templated":true}]}}