{"id":8108,"date":"2026-03-03T09:37:00","date_gmt":"2026-03-03T08:37:00","guid":{"rendered":"https:\/\/vivando.ch\/?post_type=product&#038;p=8108"},"modified":"2026-03-03T09:38:00","modified_gmt":"2026-03-03T08:38:00","slug":"alma-assemblage-franciacorta-docg-extra-brut","status":"publish","type":"product","link":"https:\/\/vivando.ch\/de\/shop\/spirituosen\/weine\/schaumwein\/alma-assemblage-franciacorta-docg-extra-brut\/","title":{"rendered":"Alma Assemblage Franciacorta DOCG Extra Brut"},"content":{"rendered":"<p>Alma Assemblage ist unsere authentischste Interpretation der Franciacorta.<br \/>\nEs ist der h\u00f6chste Ausdruck eines Projekts, das 1977 mit dem Ziel ins Leben gerufen wurde, die reine Essenz der Harmonie zu erforschen. Heute ist es das Symbol einer Tradition, die die geheimnisvollste Seele unseres Landes und den \u00f6nologischen Stil von Bellavista verk\u00f6rpert. Es ist eine tief empfundene Hommage an den Ort, an dem wir unsere Wurzeln geschlagen haben, den wir lieben und sch\u00fctzen. Es verk\u00f6rpert ein Weinbauerbe, das die Sorgfalt widerspiegelt, die wir jeder Phase der Verarbeitung widmen, und den Respekt, den wir der Zeit entgegenbringen, wobei wir uns ausschlie\u00dflich von der Natur und ihrer au\u00dfergew\u00f6hnlichen Artenvielfalt leiten lassen. Assemblage, weil jede Weinlese ein Neuanfang ist, ein Akt des Zuh\u00f6rens und der Interpretation der Natur.<br \/>\nDie Zusammensetzung der Cuv\u00e9e ist ein komplexer Prozess, bei dem der Stil des Weinguts mit den Besonderheiten der Ernte in Einklang gebracht werden muss, um die Best\u00e4ndigkeit des sensorischen Profils des Weins zu gew\u00e4hrleisten.<br \/>\nDie Tradition entwickelt sich weiter und erneuert sich jedes Jahr.<\/p>\n","protected":false},"excerpt":{"rendered":"<p>Alma Assemblage ist unsere authentischste Interpretation der Franciacorta. Es ist der h\u00f6chste Ausdruck eines Projekts, das 1977 mit dem Ziel ins Leben gerufen wurde, die reine Essenz der Harmonie zu erforschen. Heute ist es das Symbol einer Tradition, die die geheimnisvollste Seele unseres Landes und den \u00f6nologischen Stil von Bellavista verk\u00f6rpert. Es ist eine tief [&hellip;]<\/p>\n","protected":false},"featured_media":8140,"template":"","meta":[],"product_brand":[],"product_cat":[811,786,805,806],"product_tag":[1853],"class_list":{"0":"post-8108","1":"product","2":"type-product","3":"status-publish","4":"has-post-thumbnail","6":"product_cat-schaumwein","7":"product_cat-spirituosen","8":"product_cat-weine","9":"product_cat-weiss","10":"product_tag-bellavista","11":"pa_abbinamenti-aperitifs","12":"pa_abbinamenti-dessert-de","13":"pa_abbinamenti-meeresfruchte-vorspeisen","14":"pa_abbinamenti-vorspeisen","15":"pa_allergeni-sulfite","16":"pa_cantina-bellavista-de","17":"pa_colore-weise","18":"pa_denominazione-docg-de","19":"pa_formato-bottiglia-standard-de","20":"pa_gradazione-alcolica-12-5-de","21":"pa_nazione-italien","22":"pa_note-orangenschalen","23":"pa_note-zitrusfruchte","24":"pa_regione-lombardei","25":"pa_sapore-elegant","26":"pa_sapore-gros","27":"pa_tipologia-schaumwein","28":"pa_uvaggio-chardonnay-de","29":"pa_uvaggio-pinot-blanc-de","30":"pa_uvaggio-pinot-nero-de","32":"first","33":"instock","34":"taxable","35":"shipping-taxable","36":"purchasable","37":"product-type-simple"},"_links":{"self":[{"href":"https:\/\/vivando.ch\/de\/wp-json\/wp\/v2\/product\/8108","targetHints":{"allow":["GET"]}}],"collection":[{"href":"https:\/\/vivando.ch\/de\/wp-json\/wp\/v2\/product"}],"about":[{"href":"https:\/\/vivando.ch\/de\/wp-json\/wp\/v2\/types\/product"}],"wp:featuredmedia":[{"embeddable":true,"href":"https:\/\/vivando.ch\/de\/wp-json\/wp\/v2\/media\/8140"}],"wp:attachment":[{"href":"https:\/\/vivando.ch\/de\/wp-json\/wp\/v2\/media?parent=8108"}],"wp:term":[{"taxonomy":"product_brand","embeddable":true,"href":"https:\/\/vivando.ch\/de\/wp-json\/wp\/v2\/product_brand?post=8108"},{"taxonomy":"product_cat","embeddable":true,"href":"https:\/\/vivando.ch\/de\/wp-json\/wp\/v2\/product_cat?post=8108"},{"taxonomy":"product_tag","embeddable":true,"href":"https:\/\/vivando.ch\/de\/wp-json\/wp\/v2\/product_tag?post=8108"}],"curies":[{"name":"wp","href":"https:\/\/api.w.org\/{rel}","templated":true}]}}