{"id":8102,"date":"2026-03-03T09:35:32","date_gmt":"2026-03-03T08:35:32","guid":{"rendered":"https:\/\/vivando.ch\/?post_type=product&#038;p=8102"},"modified":"2026-03-03T09:34:52","modified_gmt":"2026-03-03T08:34:52","slug":"corte-del-lupo-rosso-curtefranca-doc","status":"publish","type":"product","link":"https:\/\/vivando.ch\/de\/shop\/spirituosen\/weine\/rot\/corte-del-lupo-rosso-curtefranca-doc\/","title":{"rendered":"Corte Del Lupo Rosso Curtefranca DOC"},"content":{"rendered":"<p>Ca\u2019 del Bosco hat beschlossen, die traditionelle rote Rebsorte der Region wiederzuentdecken und neu zu bewerten, indem es den Sorten Merlot, Cabernet Franc und Carm\u00e9n\u00e8re gegen\u00fcber Cabernet Sauvignon wieder den Vorzug gibt. Eine R\u00fcckkehr zur Vergangenheit, um den Charakter der Merlot-Traube, die Eleganz des Cabernet Franc und die Rundheit des Carm\u00e9n\u00e8re hervorzuheben. Der Cabernet Sauvignon sorgt f\u00fcr die notwendige Struktur, um Ausgewogenheit und Langlebigkeit zu gew\u00e4hrleisten. Dieser Wein ist das Ergebnis einer sorgf\u00e4ltigen Auswahl der Trauben und einer gekonnten Weinbereitung unter vollst\u00e4ndiger Einhaltung der Ca\u2019 del Bosco-Methode. Die Trauben stammen aus 11 verschiedenen Weinbergen, werden von Hand in kleinen Kisten geerntet und sofort kodiert und in K\u00fchlzellen gek\u00fchlt. Jede Traube wird von erfahrenen Augen und H\u00e4nden ausgew\u00e4hlt und kommt dann in den Genuss unseres exklusiven \u201eTrauben-Spas\u201d. Dabei handelt es sich um ein spezielles System zum Waschen und Hydromassieren der Trauben, das aus drei Einweichbecken und einem System zur vollst\u00e4ndigen Trocknung besteht. Anschlie\u00dfend wird jede Traube \u00fcber den Mazerationsbeh\u00e4lter transportiert. Beim Entrappen fallen die Beeren durch die Schwerkraft von oben in den Beh\u00e4lter. Dadurch entfallen die traditionellen Pumpsysteme, die zum Aufbrechen der Schalen und zu unerw\u00fcnschten grasigen Noten f\u00fchren.<\/p>\n","protected":false},"excerpt":{"rendered":"<p>Ca\u2019 del Bosco hat beschlossen, die traditionelle rote Rebsorte der Region wiederzuentdecken und neu zu bewerten, indem es den Sorten Merlot, Cabernet Franc und Carm\u00e9n\u00e8re gegen\u00fcber Cabernet Sauvignon wieder den Vorzug gibt. Eine R\u00fcckkehr zur Vergangenheit, um den Charakter der Merlot-Traube, die Eleganz des Cabernet Franc und die Rundheit des Carm\u00e9n\u00e8re hervorzuheben. Der Cabernet Sauvignon [&hellip;]<\/p>\n","protected":false},"featured_media":8157,"template":"","meta":[],"product_brand":[],"product_cat":[810,786,805],"product_tag":[1852],"class_list":{"0":"post-8102","1":"product","2":"type-product","3":"status-publish","4":"has-post-thumbnail","6":"product_cat-rot","7":"product_cat-spirituosen","8":"product_cat-weine","9":"product_tag-ca-del-bosco","10":"pa_abbinamenti-brasati-de","11":"pa_abbinamenti-braten","12":"pa_abbinamenti-gegrillte-fleischsorten","13":"pa_abbinamenti-wild","14":"pa_allergeni-sulfite","15":"pa_colore-rot","16":"pa_denominazione-doc-de","17":"pa_formato-bottiglia-standard-de","18":"pa_gradazione-alcolica-13-de","19":"pa_nazione-italien","20":"pa_note-heis","21":"pa_note-leder","22":"pa_note-schokolade","23":"pa_regione-lombardei","24":"pa_sapore-austero-de","25":"pa_sapore-gros","26":"pa_sapore-umhullend","27":"pa_tipologia-stopp","28":"pa_uvaggio-cabernet-franc-de","29":"pa_uvaggio-cabernet-sauvignon-de","30":"pa_uvaggio-carmenere-de","31":"pa_uvaggio-merlot-de","33":"first","34":"instock","35":"taxable","36":"shipping-taxable","37":"purchasable","38":"product-type-simple"},"_links":{"self":[{"href":"https:\/\/vivando.ch\/de\/wp-json\/wp\/v2\/product\/8102","targetHints":{"allow":["GET"]}}],"collection":[{"href":"https:\/\/vivando.ch\/de\/wp-json\/wp\/v2\/product"}],"about":[{"href":"https:\/\/vivando.ch\/de\/wp-json\/wp\/v2\/types\/product"}],"wp:featuredmedia":[{"embeddable":true,"href":"https:\/\/vivando.ch\/de\/wp-json\/wp\/v2\/media\/8157"}],"wp:attachment":[{"href":"https:\/\/vivando.ch\/de\/wp-json\/wp\/v2\/media?parent=8102"}],"wp:term":[{"taxonomy":"product_brand","embeddable":true,"href":"https:\/\/vivando.ch\/de\/wp-json\/wp\/v2\/product_brand?post=8102"},{"taxonomy":"product_cat","embeddable":true,"href":"https:\/\/vivando.ch\/de\/wp-json\/wp\/v2\/product_cat?post=8102"},{"taxonomy":"product_tag","embeddable":true,"href":"https:\/\/vivando.ch\/de\/wp-json\/wp\/v2\/product_tag?post=8102"}],"curies":[{"name":"wp","href":"https:\/\/api.w.org\/{rel}","templated":true}]}}