{"id":8100,"date":"2026-03-03T09:33:14","date_gmt":"2026-03-03T08:33:14","guid":{"rendered":"https:\/\/vivando.ch\/?post_type=product&#038;p=8100"},"modified":"2026-03-03T09:33:54","modified_gmt":"2026-03-03T08:33:54","slug":"corte-del-lupo-bianco-curtefranca-doc","status":"publish","type":"product","link":"https:\/\/vivando.ch\/de\/shop\/spirituosen\/weine\/weiss\/corte-del-lupo-bianco-curtefranca-doc\/","title":{"rendered":"Corte Del Lupo Bianco Curtefranca DOC"},"content":{"rendered":"<p>Der \u201eCorte del Lupo Bianco\u201d wird aus Trauben von 13 Weinbergen gewonnen, die aufgrund ihrer Lage, ihrer Klone und ihres Alters das Potenzial f\u00fcr die F\u00fclle und Integrit\u00e4t eines<br \/>\nWei\u00dfweins im Stil von Ca\u2019 del Bosco garantieren. Eine perfekte Kombination: das Aroma der Chardonnay-Traube und die Eleganz des Pinot Bianco. Gem\u00e4\u00df der Ca\u2019 del Bosco-Methode werden die Trauben von Hand in kleinen Kisten geerntet, sofort kodiert und in K\u00fchlzellen gek\u00fchlt. Jede Traube wird von erfahrenen Augen und H\u00e4nden ausgew\u00e4hlt, um anschlie\u00dfend von unserem exklusiven \u201eTrauben-Spa\u201d zu profitieren. Ein spezielles System zum Waschen und Hydromassieren der Trauben, bestehend aus drei Einweichbecken und einem System zum vollst\u00e4ndigen Trocknen. Nur der beste Most der ersten Pressung wird f\u00fcr diesen Wein verwendet, der zu etwa einem Viertel in kleinen Eichenf\u00e4ssern vinifiziert wird, die im Vorjahr f\u00fcr den Chardonnay verwendet wurden. Der restliche Anteil wird in Stahltanks vinifiziert. Die beiden Fraktionen werden nach 8 Monaten Reifung auf der Hefe ohne malolaktische G\u00e4rung verschnitten; anschlie\u00dfend wird der Wein auf nat\u00fcrliche Weise durch Schwerkraft abgef\u00fcllt. Dank innovativer \u201eLangkan\u00fclen\u201d-H\u00e4hne steigt der Wein vom Boden der Flasche auf, ohne zu laminieren, ohne Ersch\u00fctterungen und ohne oxidativen Schock. In dieser Phase werden keine Sulfite zugesetzt, um die Unversehrtheit und Gesundheit zu gew\u00e4hrleisten. Schlie\u00dflich wird jede abgef\u00fcllte Flasche eindeutig gekennzeichnet, um ihre R\u00fcckverfolgbarkeit zu gew\u00e4hrleisten.<\/p>\n","protected":false},"excerpt":{"rendered":"<p>Der \u201eCorte del Lupo Bianco\u201d wird aus Trauben von 13 Weinbergen gewonnen, die aufgrund ihrer Lage, ihrer Klone und ihres Alters das Potenzial f\u00fcr die F\u00fclle und Integrit\u00e4t eines Wei\u00dfweins im Stil von Ca\u2019 del Bosco garantieren. Eine perfekte Kombination: das Aroma der Chardonnay-Traube und die Eleganz des Pinot Bianco. Gem\u00e4\u00df der Ca\u2019 del Bosco-Methode [&hellip;]<\/p>\n","protected":false},"featured_media":8161,"template":"","meta":[],"product_brand":[],"product_cat":[786,805,806],"product_tag":[1852],"class_list":{"0":"post-8100","1":"product","2":"type-product","3":"status-publish","4":"has-post-thumbnail","6":"product_cat-spirituosen","7":"product_cat-weine","8":"product_cat-weiss","9":"product_tag-ca-del-bosco","10":"pa_abbinamenti-meeresfruchte-vorspeisen","11":"pa_abbinamenti-vorspeisen","12":"pa_allergeni-sulfite","13":"pa_colore-weise","14":"pa_denominazione-doc-de","15":"pa_formato-bottiglia-standard-de","16":"pa_gradazione-alcolica-13-de","17":"pa_nazione-italien","18":"pa_note-umhullend","19":"pa_note-zitrusfruchte","20":"pa_regione-lombardei","21":"pa_sapore-komplexe","22":"pa_tipologia-stopp","23":"pa_uvaggio-chardonnay-de","24":"pa_uvaggio-pinot-blanc-de","26":"first","27":"instock","28":"taxable","29":"shipping-taxable","30":"purchasable","31":"product-type-simple"},"_links":{"self":[{"href":"https:\/\/vivando.ch\/de\/wp-json\/wp\/v2\/product\/8100","targetHints":{"allow":["GET"]}}],"collection":[{"href":"https:\/\/vivando.ch\/de\/wp-json\/wp\/v2\/product"}],"about":[{"href":"https:\/\/vivando.ch\/de\/wp-json\/wp\/v2\/types\/product"}],"wp:featuredmedia":[{"embeddable":true,"href":"https:\/\/vivando.ch\/de\/wp-json\/wp\/v2\/media\/8161"}],"wp:attachment":[{"href":"https:\/\/vivando.ch\/de\/wp-json\/wp\/v2\/media?parent=8100"}],"wp:term":[{"taxonomy":"product_brand","embeddable":true,"href":"https:\/\/vivando.ch\/de\/wp-json\/wp\/v2\/product_brand?post=8100"},{"taxonomy":"product_cat","embeddable":true,"href":"https:\/\/vivando.ch\/de\/wp-json\/wp\/v2\/product_cat?post=8100"},{"taxonomy":"product_tag","embeddable":true,"href":"https:\/\/vivando.ch\/de\/wp-json\/wp\/v2\/product_tag?post=8100"}],"curies":[{"name":"wp","href":"https:\/\/api.w.org\/{rel}","templated":true}]}}