{"id":8098,"date":"2026-03-03T09:38:59","date_gmt":"2026-03-03T08:38:59","guid":{"rendered":"https:\/\/vivando.ch\/?post_type=product&#038;p=8098"},"modified":"2026-03-03T09:39:20","modified_gmt":"2026-03-03T08:39:20","slug":"la-balena-toscana-igt","status":"publish","type":"product","link":"https:\/\/vivando.ch\/de\/shop\/spirituosen\/weine\/weiss\/la-balena-toscana-igt\/","title":{"rendered":"La Balena Toscana IGT"},"content":{"rendered":"<p>Leuchtende strohgelbe Farbe mit kr\u00e4ftigen Goldnuancen. Aromatischer Auftakt mit Noten von Glyzinie, Linde, Akazie, Ginster, gefolgt von Zeder, Melisse, Thymian und mediterraner Macchia. Die Fruchtigkeit wird durch Noten von Pfirsich und Wintermelone bereichert. Vollmundig, w\u00fcrzig, angenehm zitrusartig, frisch und k\u00f6rperreich im Geschmack. Langer Abgang mit Kr\u00e4uternoten.<\/p>\n","protected":false},"excerpt":{"rendered":"<p>Leuchtende strohgelbe Farbe mit kr\u00e4ftigen Goldnuancen. Aromatischer Auftakt mit Noten von Glyzinie, Linde, Akazie, Ginster, gefolgt von Zeder, Melisse, Thymian und mediterraner Macchia. Die Fruchtigkeit wird durch Noten von Pfirsich und Wintermelone bereichert. Vollmundig, w\u00fcrzig, angenehm zitrusartig, frisch und k\u00f6rperreich im Geschmack. Langer Abgang mit Kr\u00e4uternoten.<\/p>\n","protected":false},"featured_media":8138,"template":"","meta":[],"product_brand":[],"product_cat":[786,805,806],"product_tag":[1856],"class_list":{"0":"post-8098","1":"product","2":"type-product","3":"status-publish","4":"has-post-thumbnail","6":"product_cat-spirituosen","7":"product_cat-weine","8":"product_cat-weiss","9":"product_tag-petra","10":"pa_abbinamenti-meeresfruchte-vorspeisen","11":"pa_abbinamenti-vorspeisen","12":"pa_cantina-petra-de","13":"pa_colore-weise","14":"pa_denominazione-igt-de","15":"pa_formato-bottiglia-standard-de","16":"pa_gradazione-alcolica-13-de","17":"pa_nazione-italien","18":"pa_note-ananas-de","19":"pa_note-apfel","20":"pa_note-gruner-apfel","21":"pa_regione-toskana","22":"pa_sapore-apfel","23":"pa_sapore-fruchtig","24":"pa_tipologia-stopp","25":"pa_uvaggio-viognier-de","27":"first","28":"instock","29":"taxable","30":"shipping-taxable","31":"purchasable","32":"product-type-simple"},"_links":{"self":[{"href":"https:\/\/vivando.ch\/de\/wp-json\/wp\/v2\/product\/8098","targetHints":{"allow":["GET"]}}],"collection":[{"href":"https:\/\/vivando.ch\/de\/wp-json\/wp\/v2\/product"}],"about":[{"href":"https:\/\/vivando.ch\/de\/wp-json\/wp\/v2\/types\/product"}],"wp:featuredmedia":[{"embeddable":true,"href":"https:\/\/vivando.ch\/de\/wp-json\/wp\/v2\/media\/8138"}],"wp:attachment":[{"href":"https:\/\/vivando.ch\/de\/wp-json\/wp\/v2\/media?parent=8098"}],"wp:term":[{"taxonomy":"product_brand","embeddable":true,"href":"https:\/\/vivando.ch\/de\/wp-json\/wp\/v2\/product_brand?post=8098"},{"taxonomy":"product_cat","embeddable":true,"href":"https:\/\/vivando.ch\/de\/wp-json\/wp\/v2\/product_cat?post=8098"},{"taxonomy":"product_tag","embeddable":true,"href":"https:\/\/vivando.ch\/de\/wp-json\/wp\/v2\/product_tag?post=8098"}],"curies":[{"name":"wp","href":"https:\/\/api.w.org\/{rel}","templated":true}]}}