{"id":8096,"date":"2026-03-03T09:05:31","date_gmt":"2026-03-03T08:05:31","guid":{"rendered":"https:\/\/vivando.ch\/?post_type=product&#038;p=8096"},"modified":"2026-03-03T09:05:57","modified_gmt":"2026-03-03T08:05:57","slug":"pinot-grigio-delle-venezie-doc-2","status":"publish","type":"product","link":"https:\/\/vivando.ch\/de\/shop\/spirituosen\/weine\/weiss\/pinot-grigio-delle-venezie-doc-2\/","title":{"rendered":"Pinot Grigio Delle Venezie DOC"},"content":{"rendered":"<p>Die Weinlese erfolgt ausschlie\u00dflich von Hand in den<br \/>\nersten zehn Tagen des Septembers. Der Most, der durch<br \/>\nsanftes Pressen der ganzen Trauben gewonnen wird, wird bei<br \/>\nkontrollierter Temperatur vergoren.<br \/>\nIm sp\u00e4ten Fr\u00fchjahr erfolgt die Abf\u00fcllung.<\/p>\n","protected":false},"excerpt":{"rendered":"<p>Die Weinlese erfolgt ausschlie\u00dflich von Hand in den ersten zehn Tagen des Septembers. Der Most, der durch sanftes Pressen der ganzen Trauben gewonnen wird, wird bei kontrollierter Temperatur vergoren. Im sp\u00e4ten Fr\u00fchjahr erfolgt die Abf\u00fcllung.<\/p>\n","protected":false},"featured_media":8169,"template":"","meta":[],"product_brand":[],"product_cat":[786,805,806],"product_tag":[1205],"class_list":{"0":"post-8096","1":"product","2":"type-product","3":"status-publish","4":"has-post-thumbnail","6":"product_cat-spirituosen","7":"product_cat-weine","8":"product_cat-weiss","9":"product_tag-cesari-de","10":"pa_abbinamenti-aperitifs","11":"pa_abbinamenti-meeresfruchte-vorspeisen","12":"pa_abbinamenti-vorspeisen","13":"pa_cantina-cesari-de","14":"pa_colore-weise","15":"pa_denominazione-doc-de","16":"pa_formato-bottiglia-standard-de","17":"pa_nazione-italien","18":"pa_regione-venetien","19":"pa_sapore-apfel","20":"pa_sapore-banana-de","21":"pa_tipologia-stopp","22":"pa_uvaggio-pinot-grigio-de","24":"first","25":"instock","26":"taxable","27":"shipping-taxable","28":"purchasable","29":"product-type-simple"},"_links":{"self":[{"href":"https:\/\/vivando.ch\/de\/wp-json\/wp\/v2\/product\/8096","targetHints":{"allow":["GET"]}}],"collection":[{"href":"https:\/\/vivando.ch\/de\/wp-json\/wp\/v2\/product"}],"about":[{"href":"https:\/\/vivando.ch\/de\/wp-json\/wp\/v2\/types\/product"}],"wp:featuredmedia":[{"embeddable":true,"href":"https:\/\/vivando.ch\/de\/wp-json\/wp\/v2\/media\/8169"}],"wp:attachment":[{"href":"https:\/\/vivando.ch\/de\/wp-json\/wp\/v2\/media?parent=8096"}],"wp:term":[{"taxonomy":"product_brand","embeddable":true,"href":"https:\/\/vivando.ch\/de\/wp-json\/wp\/v2\/product_brand?post=8096"},{"taxonomy":"product_cat","embeddable":true,"href":"https:\/\/vivando.ch\/de\/wp-json\/wp\/v2\/product_cat?post=8096"},{"taxonomy":"product_tag","embeddable":true,"href":"https:\/\/vivando.ch\/de\/wp-json\/wp\/v2\/product_tag?post=8096"}],"curies":[{"name":"wp","href":"https:\/\/api.w.org\/{rel}","templated":true}]}}