{"id":8083,"date":"2026-02-25T15:48:06","date_gmt":"2026-02-25T14:48:06","guid":{"rendered":"https:\/\/vivando.ch\/?post_type=product&#038;p=8083"},"modified":"2026-02-25T15:48:19","modified_gmt":"2026-02-25T14:48:19","slug":"franciacorta-rose-extra-brut-docg-la-montina","status":"publish","type":"product","link":"https:\/\/vivando.ch\/de\/shop\/spirituosen\/weine\/rose\/franciacorta-rose-extra-brut-docg-la-montina\/","title":{"rendered":"Franciacorta Ros\u00e9 Extra Brut DOCG La Montina"},"content":{"rendered":"<p>Dieser Ros\u00e9 wird haupts\u00e4chlich aus Pinot Noir-Trauben gewonnen,<br \/>\ndie in unseren Weinbergen geerntet werden, deren<br \/>\nGeschichte und Qualit\u00e4t traditionell<br \/>\netabliert sind. Die klassischen sanften Pressungen und die<br \/>\nrichtige Mazerationszeit auf den Schalen<br \/>\nverleihen diesem Wein Kraft,<br \/>\nKomplexit\u00e4t und Persistenz. Der Chardonnay<br \/>\nvervollst\u00e4ndigt die Cuv\u00e9e, um die<br \/>\nPerfektion der Ausgewogenheit zu erreichen. Er hat einen weichen und<br \/>\nreichhaltigen Schaum; in der Nase werden die ausgepr\u00e4gten Noten<br \/>\nvon Waldfr\u00fcchten und reifen Fr\u00fcchten hervorgehoben.<br \/>\nAm Gaumen ist er voll, weich, aber mit gutem<br \/>\nK\u00f6rper. Hervorragend als Aperitif, aber sicherlich<br \/>\nentfaltet er sein volles Potenzial zu Wurstwaren, gegrilltem Fleisch,<br \/>\nBlauschimmelk\u00e4se und Grana Padano.<\/p>\n<p>&nbsp;<\/p>\n","protected":false},"excerpt":{"rendered":"<p>Dieser Ros\u00e9 wird haupts\u00e4chlich aus Pinot Noir-Trauben gewonnen, die in unseren Weinbergen geerntet werden, deren Geschichte und Qualit\u00e4t traditionell etabliert sind. Die klassischen sanften Pressungen und die richtige Mazerationszeit auf den Schalen verleihen diesem Wein Kraft, Komplexit\u00e4t und Persistenz. Der Chardonnay vervollst\u00e4ndigt die Cuv\u00e9e, um die Perfektion der Ausgewogenheit zu erreichen. Er hat einen weichen [&hellip;]<\/p>\n","protected":false},"featured_media":8086,"template":"","meta":[],"product_brand":[],"product_cat":[809,811,786,805],"product_tag":[1029],"class_list":{"0":"post-8083","1":"product","2":"type-product","3":"status-publish","4":"has-post-thumbnail","6":"product_cat-rose","7":"product_cat-schaumwein","8":"product_cat-spirituosen","9":"product_cat-weine","10":"product_tag-la-montina-de","11":"pa_abbinamenti-kase","12":"pa_abbinamenti-obst","13":"pa_abbinamenti-susigkeiten","14":"pa_abbinamenti-vorspeisen","15":"pa_cantina-la-montina-de","16":"pa_colore-rose","17":"pa_denominazione-docg-de","18":"pa_formato-bottiglia-standard-de","19":"pa_gradazione-alcolica-12-5-de","20":"pa_nazione-italien","21":"pa_note-elegant","22":"pa_note-umhullend","23":"pa_regione-lombardei","24":"pa_sapore-gros","25":"pa_tipologia-schaumwein","26":"pa_uvaggio-chardonnay-de","27":"pa_uvaggio-pinot-nero-de","29":"first","30":"instock","31":"taxable","32":"shipping-taxable","33":"purchasable","34":"product-type-simple"},"_links":{"self":[{"href":"https:\/\/vivando.ch\/de\/wp-json\/wp\/v2\/product\/8083","targetHints":{"allow":["GET"]}}],"collection":[{"href":"https:\/\/vivando.ch\/de\/wp-json\/wp\/v2\/product"}],"about":[{"href":"https:\/\/vivando.ch\/de\/wp-json\/wp\/v2\/types\/product"}],"wp:featuredmedia":[{"embeddable":true,"href":"https:\/\/vivando.ch\/de\/wp-json\/wp\/v2\/media\/8086"}],"wp:attachment":[{"href":"https:\/\/vivando.ch\/de\/wp-json\/wp\/v2\/media?parent=8083"}],"wp:term":[{"taxonomy":"product_brand","embeddable":true,"href":"https:\/\/vivando.ch\/de\/wp-json\/wp\/v2\/product_brand?post=8083"},{"taxonomy":"product_cat","embeddable":true,"href":"https:\/\/vivando.ch\/de\/wp-json\/wp\/v2\/product_cat?post=8083"},{"taxonomy":"product_tag","embeddable":true,"href":"https:\/\/vivando.ch\/de\/wp-json\/wp\/v2\/product_tag?post=8083"}],"curies":[{"name":"wp","href":"https:\/\/api.w.org\/{rel}","templated":true}]}}