{"id":8060,"date":"2026-02-24T09:02:56","date_gmt":"2026-02-24T08:02:56","guid":{"rendered":"https:\/\/vivando.ch\/?post_type=product&#038;p=8060"},"modified":"2026-02-24T09:03:56","modified_gmt":"2026-02-24T08:03:56","slug":"glamti-bevanda-alcolica-spumante","status":"publish","type":"product","link":"https:\/\/vivando.ch\/de\/shop\/getranke\/getranke-de\/glamti-bevanda-alcolica-spumante\/","title":{"rendered":"Glamti Bevanda Alcolica Spumante"},"content":{"rendered":"<p>Das exotische Aroma des Tees, die traditionelle Frische der Kohlens\u00e4ure und der unvergleichliche Duft der Zitronen aus Sorrento I.G.P.: Das ist Glamt\u00ec, der erste italienische Sprudeltee. Der glamour\u00f6seste von allen.<\/p>\n","protected":false},"excerpt":{"rendered":"<p>Das exotische Aroma des Tees, die traditionelle Frische der Kohlens\u00e4ure und der unvergleichliche Duft der Zitronen aus Sorrento I.G.P.: Das ist Glamt\u00ec, der erste italienische Sprudeltee. Der glamour\u00f6seste von allen.<\/p>\n","protected":false},"featured_media":8062,"template":"","meta":[],"product_brand":[],"product_cat":[812,787,786],"product_tag":[],"class_list":{"0":"post-8060","1":"product","2":"type-product","3":"status-publish","4":"has-post-thumbnail","6":"product_cat-getranke-de","7":"product_cat-getranke","8":"product_cat-spirituosen","9":"pa_colore-weise","10":"pa_formato-bottiglia-standard-de","11":"pa_nazione-italien","12":"pa_note-frische-blumen","13":"pa_note-pikant","14":"pa_regione-piemont","15":"pa_sapore-blumen","16":"pa_sapore-fruchtig","17":"pa_sapore-weich","18":"pa_tipologia-schaumwein","20":"first","21":"instock","22":"taxable","23":"shipping-taxable","24":"purchasable","25":"product-type-simple"},"_links":{"self":[{"href":"https:\/\/vivando.ch\/de\/wp-json\/wp\/v2\/product\/8060","targetHints":{"allow":["GET"]}}],"collection":[{"href":"https:\/\/vivando.ch\/de\/wp-json\/wp\/v2\/product"}],"about":[{"href":"https:\/\/vivando.ch\/de\/wp-json\/wp\/v2\/types\/product"}],"wp:featuredmedia":[{"embeddable":true,"href":"https:\/\/vivando.ch\/de\/wp-json\/wp\/v2\/media\/8062"}],"wp:attachment":[{"href":"https:\/\/vivando.ch\/de\/wp-json\/wp\/v2\/media?parent=8060"}],"wp:term":[{"taxonomy":"product_brand","embeddable":true,"href":"https:\/\/vivando.ch\/de\/wp-json\/wp\/v2\/product_brand?post=8060"},{"taxonomy":"product_cat","embeddable":true,"href":"https:\/\/vivando.ch\/de\/wp-json\/wp\/v2\/product_cat?post=8060"},{"taxonomy":"product_tag","embeddable":true,"href":"https:\/\/vivando.ch\/de\/wp-json\/wp\/v2\/product_tag?post=8060"}],"curies":[{"name":"wp","href":"https:\/\/api.w.org\/{rel}","templated":true}]}}