{"id":8057,"date":"2026-02-24T10:07:56","date_gmt":"2026-02-24T09:07:56","guid":{"rendered":"https:\/\/vivando.ch\/?post_type=product&#038;p=8057"},"modified":"2026-02-24T17:52:55","modified_gmt":"2026-02-24T16:52:55","slug":"toselli-rosso-bevanda-analcolica","status":"publish","type":"product","link":"https:\/\/vivando.ch\/de\/shop\/spirituosen\/weine\/rot\/toselli-rosso-bevanda-analcolica\/","title":{"rendered":"Toselli Red Alcohol Free"},"content":{"rendered":"<p>Wenn man entdeckt, dass man mit Toselli Red ansto\u00dfen kann, ist das ein einzigartiges Gef\u00fchl. Es kommt einem wie ein Traum vor. Ein Abstinenzler, der Sekt trinkt, wer h\u00e4tte das gedacht?<\/p>\n","protected":false},"excerpt":{"rendered":"<p>Wenn man entdeckt, dass man mit Toselli Red ansto\u00dfen kann, ist das ein einzigartiges Gef\u00fchl. Es kommt einem wie ein Traum vor. Ein Abstinenzler, der Sekt trinkt, wer h\u00e4tte das gedacht?<\/p>\n","protected":false},"featured_media":8069,"template":"","meta":[],"product_brand":[],"product_cat":[812,787,810],"product_tag":[1834],"class_list":{"0":"post-8057","1":"product","2":"type-product","3":"status-publish","4":"has-post-thumbnail","6":"product_cat-getranke-de","7":"product_cat-getranke","8":"product_cat-rot","9":"product_tag-luigi-bosca","10":"pa_colore-rot","11":"pa_formato-bottiglia-standard-de","12":"pa_nazione-italien","13":"pa_note-blumen-de","14":"pa_note-pfirsich","15":"pa_regione-piemont","16":"pa_sapore-blumen","17":"pa_sapore-fruchtig","18":"pa_sapore-weich","19":"pa_tipologia-schaumwein","21":"first","22":"instock","23":"taxable","24":"shipping-taxable","25":"purchasable","26":"product-type-simple"},"_links":{"self":[{"href":"https:\/\/vivando.ch\/de\/wp-json\/wp\/v2\/product\/8057","targetHints":{"allow":["GET"]}}],"collection":[{"href":"https:\/\/vivando.ch\/de\/wp-json\/wp\/v2\/product"}],"about":[{"href":"https:\/\/vivando.ch\/de\/wp-json\/wp\/v2\/types\/product"}],"wp:featuredmedia":[{"embeddable":true,"href":"https:\/\/vivando.ch\/de\/wp-json\/wp\/v2\/media\/8069"}],"wp:attachment":[{"href":"https:\/\/vivando.ch\/de\/wp-json\/wp\/v2\/media?parent=8057"}],"wp:term":[{"taxonomy":"product_brand","embeddable":true,"href":"https:\/\/vivando.ch\/de\/wp-json\/wp\/v2\/product_brand?post=8057"},{"taxonomy":"product_cat","embeddable":true,"href":"https:\/\/vivando.ch\/de\/wp-json\/wp\/v2\/product_cat?post=8057"},{"taxonomy":"product_tag","embeddable":true,"href":"https:\/\/vivando.ch\/de\/wp-json\/wp\/v2\/product_tag?post=8057"}],"curies":[{"name":"wp","href":"https:\/\/api.w.org\/{rel}","templated":true}]}}