{"id":8056,"date":"2026-02-24T10:05:14","date_gmt":"2026-02-24T09:05:14","guid":{"rendered":"https:\/\/vivando.ch\/?post_type=product&#038;p=8056"},"modified":"2026-02-24T17:54:05","modified_gmt":"2026-02-24T16:54:05","slug":"toselli-bianco-bevanda-analcolica","status":"publish","type":"product","link":"https:\/\/vivando.ch\/de\/shop\/spirituosen\/weine\/schaumwein\/toselli-bianco-bevanda-analcolica\/","title":{"rendered":"Toselli White Alcohol Free"},"content":{"rendered":"<p>F\u00fcr alle, die keinen Alkohol m\u00f6gen oder nicht trinken d\u00fcrfen: Das ist der perfekte Sekt. S\u00fc\u00df, s\u00e4uerlich, ausgewogen. Einfach Toselli.<\/p>\n","protected":false},"excerpt":{"rendered":"<p>F\u00fcr alle, die keinen Alkohol m\u00f6gen oder nicht trinken d\u00fcrfen: Das ist der perfekte Sekt. S\u00fc\u00df, s\u00e4uerlich, ausgewogen. Einfach Toselli.<\/p>\n","protected":false},"featured_media":8067,"template":"","meta":[],"product_brand":[],"product_cat":[787,812,811,806],"product_tag":[],"class_list":{"0":"post-8056","1":"product","2":"type-product","3":"status-publish","4":"has-post-thumbnail","6":"product_cat-getranke","7":"product_cat-getranke-de","8":"product_cat-schaumwein","9":"product_cat-weiss","10":"pa_colore-gelb","11":"pa_colore-strohgelb","12":"pa_formato-bottiglia-standard-de","13":"pa_nazione-italien","14":"pa_note-pfirsich","15":"pa_note-pikant","16":"pa_note-weise-blumen","17":"pa_regione-piemont","18":"pa_sapore-fruchtig","19":"pa_sapore-intensive","20":"pa_sapore-sus","21":"pa_sapore-weich","22":"pa_tipologia-schaumwein","24":"first","25":"instock","26":"taxable","27":"shipping-taxable","28":"purchasable","29":"product-type-simple"},"_links":{"self":[{"href":"https:\/\/vivando.ch\/de\/wp-json\/wp\/v2\/product\/8056","targetHints":{"allow":["GET"]}}],"collection":[{"href":"https:\/\/vivando.ch\/de\/wp-json\/wp\/v2\/product"}],"about":[{"href":"https:\/\/vivando.ch\/de\/wp-json\/wp\/v2\/types\/product"}],"wp:featuredmedia":[{"embeddable":true,"href":"https:\/\/vivando.ch\/de\/wp-json\/wp\/v2\/media\/8067"}],"wp:attachment":[{"href":"https:\/\/vivando.ch\/de\/wp-json\/wp\/v2\/media?parent=8056"}],"wp:term":[{"taxonomy":"product_brand","embeddable":true,"href":"https:\/\/vivando.ch\/de\/wp-json\/wp\/v2\/product_brand?post=8056"},{"taxonomy":"product_cat","embeddable":true,"href":"https:\/\/vivando.ch\/de\/wp-json\/wp\/v2\/product_cat?post=8056"},{"taxonomy":"product_tag","embeddable":true,"href":"https:\/\/vivando.ch\/de\/wp-json\/wp\/v2\/product_tag?post=8056"}],"curies":[{"name":"wp","href":"https:\/\/api.w.org\/{rel}","templated":true}]}}