{"id":8054,"date":"2026-02-24T09:02:28","date_gmt":"2026-02-24T08:02:28","guid":{"rendered":"https:\/\/vivando.ch\/?post_type=product&#038;p=8054"},"modified":"2026-02-24T17:55:08","modified_gmt":"2026-02-24T16:55:08","slug":"bosca-zero-bevanda-analcolica-dry","status":"publish","type":"product","link":"https:\/\/vivando.ch\/de\/shop\/spirituosen\/weine\/schaumwein\/bosca-zero-bevanda-analcolica-dry\/","title":{"rendered":"Bosca Zero Dry Alcohol Free"},"content":{"rendered":"<p>Eine Ode an die Freiheit, ohne Verzichte und ohne Bedenken zu w\u00e4hlen. Jede Bl\u00e4schen ein St\u00fcckchen Freude. Zero ist die Leichtigkeit eines besonderen Moments, mit seiner lebhaften und frischen Perlage, die wie ein Fl\u00fcgelschlag im Glas wirkt. Perfekt allein, \u00fcberraschend in der Mixologie, ist er der Geschmack einer Zukunft, die nach Tradition und Vision duftet.<\/p>\n","protected":false},"excerpt":{"rendered":"<p>Eine Ode an die Freiheit, ohne Verzichte und ohne Bedenken zu w\u00e4hlen. Jede Bl\u00e4schen ein St\u00fcckchen Freude. Zero ist die Leichtigkeit eines besonderen Moments, mit seiner lebhaften und frischen Perlage, die wie ein Fl\u00fcgelschlag im Glas wirkt. Perfekt allein, \u00fcberraschend in der Mixologie, ist er der Geschmack einer Zukunft, die nach Tradition und Vision duftet.<\/p>\n","protected":false},"featured_media":8071,"template":"","meta":[],"product_brand":[],"product_cat":[812,787,811,806],"product_tag":[],"class_list":{"0":"post-8054","1":"product","2":"type-product","3":"status-publish","4":"has-post-thumbnail","6":"product_cat-getranke-de","7":"product_cat-getranke","8":"product_cat-schaumwein","9":"product_cat-weiss","10":"pa_colore-gelb","11":"pa_colore-strohgelb","12":"pa_formato-bottiglia-standard-de","13":"pa_nazione-italien","14":"pa_regione-piemont","15":"pa_sapore-honig","16":"pa_sapore-zitrusfruchte","17":"pa_tipologia-schaumwein","19":"first","20":"instock","21":"taxable","22":"shipping-taxable","23":"purchasable","24":"product-type-simple"},"_links":{"self":[{"href":"https:\/\/vivando.ch\/de\/wp-json\/wp\/v2\/product\/8054","targetHints":{"allow":["GET"]}}],"collection":[{"href":"https:\/\/vivando.ch\/de\/wp-json\/wp\/v2\/product"}],"about":[{"href":"https:\/\/vivando.ch\/de\/wp-json\/wp\/v2\/types\/product"}],"wp:featuredmedia":[{"embeddable":true,"href":"https:\/\/vivando.ch\/de\/wp-json\/wp\/v2\/media\/8071"}],"wp:attachment":[{"href":"https:\/\/vivando.ch\/de\/wp-json\/wp\/v2\/media?parent=8054"}],"wp:term":[{"taxonomy":"product_brand","embeddable":true,"href":"https:\/\/vivando.ch\/de\/wp-json\/wp\/v2\/product_brand?post=8054"},{"taxonomy":"product_cat","embeddable":true,"href":"https:\/\/vivando.ch\/de\/wp-json\/wp\/v2\/product_cat?post=8054"},{"taxonomy":"product_tag","embeddable":true,"href":"https:\/\/vivando.ch\/de\/wp-json\/wp\/v2\/product_tag?post=8054"}],"curies":[{"name":"wp","href":"https:\/\/api.w.org\/{rel}","templated":true}]}}