{"id":8045,"date":"2026-02-24T10:11:30","date_gmt":"2026-02-24T09:11:30","guid":{"rendered":"https:\/\/vivando.ch\/?post_type=product&#038;p=8045"},"modified":"2026-02-24T10:11:17","modified_gmt":"2026-02-24T09:11:17","slug":"nemaro-negramaro-puglia-igt","status":"publish","type":"product","link":"https:\/\/vivando.ch\/de\/shop\/spirituosen\/weine\/rot\/nemaro-negramaro-puglia-igt\/","title":{"rendered":"Nemaro Negramaro Puglia IGT"},"content":{"rendered":"<p>Anbau: Spalier<br \/>\nPflanzdichte: 4500 Rebst\u00f6cke pro Hektar<br \/>\nAnbaugebiet: Das Anbaugebiet Brindisi im Ortsteil Cerano zeichnet sich durch<br \/>\nfeuchte Winter und trockene, sehr hei\u00dfe Sommer mit Temperaturunterschieden von 10-15 \u00b0C aus, was<br \/>\neine vollst\u00e4ndige Reifung der Trauben und au\u00dfergew\u00f6hnliche Ergebnisse bei der Weinbereitung erm\u00f6glicht.<br \/>\nBoden: Rote Erde mit hohem Anteil an feinem und grobem Sand<br \/>\nWeinlese: Zweite Septemberdekade<br \/>\nWeinbereitung: Handlese mit Auswahl der Trauben, Entrappung und Kelterung,<br \/>\nVorfermentationsmazeration bei 10 \u00b0C f\u00fcr 24-48 Stunden. Temperaturkontrollierte Mazeration<br \/>\nund alkoholische G\u00e4rung mit einheimischen Hefen f\u00fcr etwa 10 Tage bei 24-28 \u00b0C. Abziehen und<br \/>\nPressen der Trester mit sanften Pressen.<br \/>\nReifung: Malolaktische G\u00e4rung in Stahl und anschlie\u00dfende Reifung in<br \/>\nZement- und Stahltanks.<br \/>\nOrganoleptische Eigenschaften: Intensives Rubinrot, duftende Fruchtnoten von<br \/>\nkleinen roten Beeren und eine subtile w\u00fcrzige Note, die das komplexe Aromenspektrum bereichert.<br \/>\nWarm und weich, mit guter S\u00e4ure und feinen Tanninen. Langer, trockener und<br \/>\nangenehmer Abgang, gute Struktur und Ausgewogenheit der organoleptischen Eigenschaften machen ihn zu einem<br \/>\ninteressanten und vielseitigen Wein.<br \/>\nSpeisenempfehlung: Erste G\u00e4nge mit frischer und gef\u00fcllter Pasta, Gem\u00fcse- und Pilzsuppen,<br \/>\ngegrilltes oder gebackenes Fleisch, mittelreifer K\u00e4se.<br \/>\nServiertemperatur: 18 \u00b0C<\/p>\n","protected":false},"excerpt":{"rendered":"<p>Anbau: Spalier Pflanzdichte: 4500 Rebst\u00f6cke pro Hektar Anbaugebiet: Das Anbaugebiet Brindisi im Ortsteil Cerano zeichnet sich durch feuchte Winter und trockene, sehr hei\u00dfe Sommer mit Temperaturunterschieden von 10-15 \u00b0C aus, was eine vollst\u00e4ndige Reifung der Trauben und au\u00dfergew\u00f6hnliche Ergebnisse bei der Weinbereitung erm\u00f6glicht. Boden: Rote Erde mit hohem Anteil an feinem und grobem Sand Weinlese: [&hellip;]<\/p>\n","protected":false},"featured_media":8044,"template":"","meta":[],"product_brand":[],"product_cat":[810,786,805],"product_tag":[1837],"class_list":{"0":"post-8045","1":"product","2":"type-product","3":"status-publish","4":"has-post-thumbnail","6":"product_cat-rot","7":"product_cat-spirituosen","8":"product_cat-weine","9":"product_tag-giuliani","10":"pa_abbinamenti-gekocht","11":"pa_abbinamenti-vorspeisen","12":"pa_abbinamenti-weises-fleisch","13":"pa_allergeni-sulfite","14":"pa_colore-rot","15":"pa_denominazione-igt-de","16":"pa_formato-bottiglia-standard-de","17":"pa_gradazione-alcolica-13-de","18":"pa_nazione-italien","19":"pa_note-charakteristisch","20":"pa_note-elegant","21":"pa_regione-apulien","22":"pa_sapore-dynamisch","23":"pa_sapore-gros","24":"pa_tipologia-stopp","26":"first","27":"instock","28":"taxable","29":"shipping-taxable","30":"purchasable","31":"product-type-simple"},"_links":{"self":[{"href":"https:\/\/vivando.ch\/de\/wp-json\/wp\/v2\/product\/8045","targetHints":{"allow":["GET"]}}],"collection":[{"href":"https:\/\/vivando.ch\/de\/wp-json\/wp\/v2\/product"}],"about":[{"href":"https:\/\/vivando.ch\/de\/wp-json\/wp\/v2\/types\/product"}],"wp:featuredmedia":[{"embeddable":true,"href":"https:\/\/vivando.ch\/de\/wp-json\/wp\/v2\/media\/8044"}],"wp:attachment":[{"href":"https:\/\/vivando.ch\/de\/wp-json\/wp\/v2\/media?parent=8045"}],"wp:term":[{"taxonomy":"product_brand","embeddable":true,"href":"https:\/\/vivando.ch\/de\/wp-json\/wp\/v2\/product_brand?post=8045"},{"taxonomy":"product_cat","embeddable":true,"href":"https:\/\/vivando.ch\/de\/wp-json\/wp\/v2\/product_cat?post=8045"},{"taxonomy":"product_tag","embeddable":true,"href":"https:\/\/vivando.ch\/de\/wp-json\/wp\/v2\/product_tag?post=8045"}],"curies":[{"name":"wp","href":"https:\/\/api.w.org\/{rel}","templated":true}]}}