{"id":8043,"date":"2026-02-24T10:09:36","date_gmt":"2026-02-24T09:09:36","guid":{"rendered":"https:\/\/vivando.ch\/?post_type=product&#038;p=8043"},"modified":"2026-02-24T10:10:02","modified_gmt":"2026-02-24T09:10:02","slug":"prigio-primitivo-doc-gioia-del-colle","status":"publish","type":"product","link":"https:\/\/vivando.ch\/de\/shop\/spirituosen\/weine\/rot\/prigio-primitivo-doc-gioia-del-colle\/","title":{"rendered":"Prigi\u00f2 Primitivo DOC Gioia del Colle"},"content":{"rendered":"<p>Anbau: Spalier mit mindestens 20 Jahren Alter<br \/>\nPflanzdichte: 4500 Rebst\u00f6cke pro Hektar<br \/>\nAnbaugebiet: Zentrales Murgia-Gebiet in den Gemeinden Turi, Gioia del Colle und Putignano,<br \/>\ngekennzeichnet durch feuchte Winter und trockene, sehr hei\u00dfe Sommer mit Temperaturunterschieden<br \/>\nvon 10-15 \u00b0C, die eine vollst\u00e4ndige Reifung der Trauben und au\u00dfergew\u00f6hnliche Ergebnisse bei der<br \/>\nWeinbereitung erm\u00f6glichen. Hauptanbaugebiet der DOP Gioia del Colle.<br \/>\nBoden: Rote Erde mit hohem Anteil an Felsvorspr\u00fcngen, die zerbr\u00f6ckeln<br \/>\nund den Wurzeln in der Sommerhitze Kalk und K\u00fchlung spenden.<br \/>\nWeinlese: Erste und zweite Septemberdekade<br \/>\nWeinbereitung: Handlese mit Auswahl der Trauben, Entrappung und Kelterung,<br \/>\nVorfermentationsmazeration bei 10 \u00b0C f\u00fcr 24-48 Stunden. Temperaturkontrollierte Mazeration<br \/>\nund alkoholische G\u00e4rung mit einheimischen Hefen f\u00fcr etwa 10 Tage bei 24-28 \u00b0C. Abziehen und<br \/>\nPressen der Trester mit sanften Pressen.<br \/>\nReifung: Malolaktische G\u00e4rung in Stahl und anschlie\u00dfende Reifung in<br \/>\nZementtanks. Organoleptische Eigenschaften: Intensives Rubinrot mit granatroten Reflexen, bezaubert sofort<br \/>\nmit seiner feinen Fruchtigkeit und seinen bedeutenden balsamischen Noten, charakteristisch f\u00fcr das<br \/>\nwundersch\u00f6ne Anbaugebiet. Leichte und elegante Gew\u00fcrznoten vervollst\u00e4ndigen ein<br \/>\nkomplexes und umh\u00fcllendes Bouquet. Er beeindruckt mit seinen bedeutenden, weichen Tanninen, die<br \/>\nperfekt mit der W\u00e4rme und Kraft der Struktur des Weins harmonieren. Sch\u00f6ne<br \/>\nW\u00fcrze und Frische, feine und anhaltende balsamische Noten. Langer und konsistenter Abgang.<br \/>\nDieser komplexe und harmonische, volle und elegante Wein ist zweifellos ein wunderbarer<br \/>\nAusdruck des Primitivo di Gioia del Colle.<br \/>\nSpeisenempfehlung: Un\u00fcbertroffen zu gemischten Braten, geschmortem Fleisch und<br \/>\nRag\u00f9. Passt auch gut zu gereiftem Hartk\u00e4se.<br \/>\nServiertemperatur: 18 \u00b0C<\/p>\n","protected":false},"excerpt":{"rendered":"<p>Anbau: Spalier mit mindestens 20 Jahren Alter Pflanzdichte: 4500 Rebst\u00f6cke pro Hektar Anbaugebiet: Zentrales Murgia-Gebiet in den Gemeinden Turi, Gioia del Colle und Putignano, gekennzeichnet durch feuchte Winter und trockene, sehr hei\u00dfe Sommer mit Temperaturunterschieden von 10-15 \u00b0C, die eine vollst\u00e4ndige Reifung der Trauben und au\u00dfergew\u00f6hnliche Ergebnisse bei der Weinbereitung erm\u00f6glichen. Hauptanbaugebiet der DOP Gioia [&hellip;]<\/p>\n","protected":false},"featured_media":8033,"template":"","meta":[],"product_brand":[],"product_cat":[810,786,805],"product_tag":[1837],"class_list":{"0":"post-8043","1":"product","2":"type-product","3":"status-publish","4":"has-post-thumbnail","6":"product_cat-rot","7":"product_cat-spirituosen","8":"product_cat-weine","9":"product_tag-giuliani","10":"pa_abbinamenti-brasati-de","11":"pa_abbinamenti-gebackenes-fleisch","12":"pa_abbinamenti-gegrillte-fleischsorten","13":"pa_abbinamenti-gereifter-kase","14":"pa_abbinamenti-wild","15":"pa_allergeni-sulfite","16":"pa_annata-2022-de","17":"pa_colore-rot","18":"pa_denominazione-doc-de","19":"pa_formato-bottiglia-standard-de","20":"pa_gradazione-alcolica-14-5-de","21":"pa_nazione-italien","22":"pa_note-rote-beeren","23":"pa_note-umhullend","24":"pa_note-wildkirsche","25":"pa_regione-apulien","26":"pa_sapore-amarena-de","27":"pa_sapore-gros","28":"pa_tipologia-stopp","29":"pa_uvaggio-primitivo-de","31":"first","32":"instock","33":"taxable","34":"shipping-taxable","35":"purchasable","36":"product-type-simple"},"_links":{"self":[{"href":"https:\/\/vivando.ch\/de\/wp-json\/wp\/v2\/product\/8043","targetHints":{"allow":["GET"]}}],"collection":[{"href":"https:\/\/vivando.ch\/de\/wp-json\/wp\/v2\/product"}],"about":[{"href":"https:\/\/vivando.ch\/de\/wp-json\/wp\/v2\/types\/product"}],"wp:featuredmedia":[{"embeddable":true,"href":"https:\/\/vivando.ch\/de\/wp-json\/wp\/v2\/media\/8033"}],"wp:attachment":[{"href":"https:\/\/vivando.ch\/de\/wp-json\/wp\/v2\/media?parent=8043"}],"wp:term":[{"taxonomy":"product_brand","embeddable":true,"href":"https:\/\/vivando.ch\/de\/wp-json\/wp\/v2\/product_brand?post=8043"},{"taxonomy":"product_cat","embeddable":true,"href":"https:\/\/vivando.ch\/de\/wp-json\/wp\/v2\/product_cat?post=8043"},{"taxonomy":"product_tag","embeddable":true,"href":"https:\/\/vivando.ch\/de\/wp-json\/wp\/v2\/product_tag?post=8043"}],"curies":[{"name":"wp","href":"https:\/\/api.w.org\/{rel}","templated":true}]}}