{"id":8038,"date":"2026-02-24T10:14:44","date_gmt":"2026-02-24T09:14:44","guid":{"rendered":"https:\/\/vivando.ch\/?post_type=product&#038;p=8038"},"modified":"2026-02-24T10:15:08","modified_gmt":"2026-02-24T09:15:08","slug":"topparello-rosato-primitivo-igt-puglia","status":"publish","type":"product","link":"https:\/\/vivando.ch\/de\/shop\/spirituosen\/weine\/rose\/topparello-rosato-primitivo-igt-puglia\/","title":{"rendered":"Topparello Rosato Primitivo IGT Puglia"},"content":{"rendered":"<p>Anbau: Spalier<br \/>\nPflanzdichte: 4500 Rebst\u00f6cke pro Hektar<br \/>\nAnbaugebiet: Zentrales Murgia-Gebiet in den Gemeinden Turi, Gioia del<br \/>\nColle und Putignano, gekennzeichnet durch feuchte Winter und trockene,<br \/>\nsehr hei\u00dfe Sommer mit Temperaturunterschieden von 10-15 \u00b0C, die<br \/>\neine vollst\u00e4ndige Reifung der Trauben und au\u00dfergew\u00f6hnliche Ergebnisse<br \/>\nbei der Weinbereitung erm\u00f6glichen. Hauptgebiet der zentralen Murgia.<\/p>\n<p>Boden: Rote Erde mit hohem Anteil an Felsvorspr\u00fcngen,<br \/>\ndie zerbr\u00f6ckelt Kalk und K\u00fchlung f\u00fcr die<br \/>\nWurzeln in der Sommerhitze liefern.<br \/>\nWeinlese: Erste und zweite Septemberdekade<br \/>\nWeinbereitung: Handlese mit Auswahl der Trauben,<br \/>\nEntrappung und Pressung der entrappten Trauben mit sanften Pressen,<br \/>\nwobei nur der erste Teil des Mosts (60 %) verwendet wird,<br \/>\nder bei niedriger Temperatur vergoren wird.<br \/>\nReifung: 4-6 Monate in Stahl und Flasche gereift<br \/>\nOrganoleptische Eigenschaften: Lebhaftes Bouquet mit fruchtigen<br \/>\nund blumigen Noten, darunter Kirsche, Granatapfel,<br \/>\nVeilchen und Teerose, w\u00fcrzig und frisch, fein und von guter L\u00e4nge,<br \/>\ntrocken und klar im Abgang, ein genussvoller und sehr trinkbarer Wein,<br \/>\nder eine feine und delikate Harmonie von Empfindungen schenkt<br \/>\nSpeisenempfehlung: Sehr vielseitiger Wein, der zu allen G\u00e4ngen passt. Er harmoniert<br \/>\ngut mit traditionellen mediterranen Gerichten, H\u00fclsenfr\u00fcchtesuppen<br \/>\nund wei\u00dfem Fleisch, aufwendigen Fisch- und Meeresfr\u00fcchtegerichten.<br \/>\nEr passt gut zu Vorspeisen, gegrilltem Fisch, Muscheln und<br \/>\nKrebstieren, aber auch zu wei\u00dfem Fleisch und mittelreifem K\u00e4se.<\/p>\n","protected":false},"excerpt":{"rendered":"<p>Anbau: Spalier Pflanzdichte: 4500 Rebst\u00f6cke pro Hektar Anbaugebiet: Zentrales Murgia-Gebiet in den Gemeinden Turi, Gioia del Colle und Putignano, gekennzeichnet durch feuchte Winter und trockene, sehr hei\u00dfe Sommer mit Temperaturunterschieden von 10-15 \u00b0C, die eine vollst\u00e4ndige Reifung der Trauben und au\u00dfergew\u00f6hnliche Ergebnisse bei der Weinbereitung erm\u00f6glichen. Hauptgebiet der zentralen Murgia. Boden: Rote Erde mit hohem [&hellip;]<\/p>\n","protected":false},"featured_media":8037,"template":"","meta":[],"product_brand":[],"product_cat":[809,786,805],"product_tag":[1837],"class_list":{"0":"post-8038","1":"product","2":"type-product","3":"status-publish","4":"has-post-thumbnail","6":"product_cat-rose","7":"product_cat-spirituosen","8":"product_cat-weine","9":"product_tag-giuliani","10":"pa_abbinamenti-fisch","11":"pa_abbinamenti-suppen","12":"pa_abbinamenti-weises-fleisch","13":"pa_allergeni-sulfite","14":"pa_colore-rose","15":"pa_denominazione-igt-de","16":"pa_formato-bottiglia-standard-de","17":"pa_nazione-italien","18":"pa_note-blumen-de","19":"pa_note-kirsche","20":"pa_regione-apulien","21":"pa_sapore-frisch","22":"pa_sapore-trocken-de","23":"pa_tipologia-stopp","24":"pa_uvaggio-primitivo-de","26":"first","27":"instock","28":"taxable","29":"shipping-taxable","30":"purchasable","31":"product-type-simple"},"_links":{"self":[{"href":"https:\/\/vivando.ch\/de\/wp-json\/wp\/v2\/product\/8038","targetHints":{"allow":["GET"]}}],"collection":[{"href":"https:\/\/vivando.ch\/de\/wp-json\/wp\/v2\/product"}],"about":[{"href":"https:\/\/vivando.ch\/de\/wp-json\/wp\/v2\/types\/product"}],"wp:featuredmedia":[{"embeddable":true,"href":"https:\/\/vivando.ch\/de\/wp-json\/wp\/v2\/media\/8037"}],"wp:attachment":[{"href":"https:\/\/vivando.ch\/de\/wp-json\/wp\/v2\/media?parent=8038"}],"wp:term":[{"taxonomy":"product_brand","embeddable":true,"href":"https:\/\/vivando.ch\/de\/wp-json\/wp\/v2\/product_brand?post=8038"},{"taxonomy":"product_cat","embeddable":true,"href":"https:\/\/vivando.ch\/de\/wp-json\/wp\/v2\/product_cat?post=8038"},{"taxonomy":"product_tag","embeddable":true,"href":"https:\/\/vivando.ch\/de\/wp-json\/wp\/v2\/product_tag?post=8038"}],"curies":[{"name":"wp","href":"https:\/\/api.w.org\/{rel}","templated":true}]}}