{"id":7394,"date":"2024-09-05T09:15:35","date_gmt":"2024-09-12T16:01:26","guid":{"rendered":"https:\/\/vivando.ch\/?post_type=product&#038;p=7394"},"modified":"2024-09-12T17:01:26","modified_gmt":"2024-09-12T16:01:26","slug":"giornico-oro","status":"publish","type":"product","link":"https:\/\/vivando.ch\/de\/shop\/spirituosen\/weine\/rot\/giornico-oro\/","title":{"rendered":"Giornico Oro"},"content":{"rendered":"<p>Der Giornico Oro ist ein Wein von intensivem und komplexem Charakter, mit einer leuchtenden rubinroten Farbe. In der Nase zeichnet er sich durch fruchtige Noten von schwarzen und roten Beeren aus, die durch rauchige, mentholhaltige und lakritzige Ankl\u00e4nge bereichert werden. Am Gaumen ist er elegant, mit feinen Tanninen, einer guten Struktur und einem langen mineralischen Abgang. Die Weinberge, aus denen er stammt, befinden sich in der Bergregion der Drei T\u00e4ler auf B\u00f6den, die reich an Granit und Gneis sind und dem Wein ein ausgezeichnetes Alterungspotenzial verleihen. Nach der traditionellen Weinbereitung im Stahltank wird der Wein \u00fcber 10 Monate in Barriques ausgebaut. Die Weinkellerei Gialdi Vini SA wurde 1953 von Guglielmo Gialdi gegr\u00fcndet und wird heute von seinem Sohn Feliciano Gialdi gef\u00fchrt, der sie zu einer der renommiertesten des Tessins gemacht hat.<\/p>\n","protected":false},"excerpt":{"rendered":"<p>Die Weinberge, aus denen er stammt, liegen in der Bergregion der Drei T\u00e4ler auf B\u00f6den, die reich an Granit und Gneis sind und dem Wein ein hervorragendes Alterungspotenzial verleihen.<\/p>\n","protected":false},"featured_media":7393,"template":"","meta":[],"product_brand":[],"product_cat":[810,786,805],"product_tag":[],"class_list":{"0":"post-7394","1":"product","2":"type-product","3":"status-publish","4":"has-post-thumbnail","6":"product_cat-rot","7":"product_cat-spirituosen","8":"product_cat-weine","9":"pa_abbinamenti-braten","10":"pa_abbinamenti-rotes-fleisch","11":"pa_abbinamenti-vorspeisen","12":"pa_allergeni-sulfite","13":"pa_annata-2023-de","14":"pa_bicchiere-consigliato-kelch","15":"pa_cantina-gialdi-de","16":"pa_colore-rot","17":"pa_denominazione-doc-de","18":"pa_formato-bottiglia-standard-de","19":"pa_gradazione-alcolica-13-5-de","20":"pa_nazione-schweiz","21":"pa_note-blaubeere","22":"pa_note-blaue-himbeere","23":"pa_note-kirsche","24":"pa_potenziale-evolutivo-8-de","25":"pa_regione-tessin","26":"pa_sapore-elegant","27":"pa_sapore-fruchtig","28":"pa_sapore-vollstandig","29":"pa_sapore-weich","30":"pa_sapore-zart-mineralisch","31":"pa_temperatura-di-servizio-16-oc-de-2","32":"pa_temperatura-di-servizio-18-oc-de-2","33":"pa_tipologia-stopp","34":"pa_uvaggio-merlot-de","36":"first","37":"instock","38":"taxable","39":"shipping-taxable","40":"purchasable","41":"product-type-simple"},"_links":{"self":[{"href":"https:\/\/vivando.ch\/de\/wp-json\/wp\/v2\/product\/7394","targetHints":{"allow":["GET"]}}],"collection":[{"href":"https:\/\/vivando.ch\/de\/wp-json\/wp\/v2\/product"}],"about":[{"href":"https:\/\/vivando.ch\/de\/wp-json\/wp\/v2\/types\/product"}],"wp:featuredmedia":[{"embeddable":true,"href":"https:\/\/vivando.ch\/de\/wp-json\/wp\/v2\/media\/7393"}],"wp:attachment":[{"href":"https:\/\/vivando.ch\/de\/wp-json\/wp\/v2\/media?parent=7394"}],"wp:term":[{"taxonomy":"product_brand","embeddable":true,"href":"https:\/\/vivando.ch\/de\/wp-json\/wp\/v2\/product_brand?post=7394"},{"taxonomy":"product_cat","embeddable":true,"href":"https:\/\/vivando.ch\/de\/wp-json\/wp\/v2\/product_cat?post=7394"},{"taxonomy":"product_tag","embeddable":true,"href":"https:\/\/vivando.ch\/de\/wp-json\/wp\/v2\/product_tag?post=7394"}],"curies":[{"name":"wp","href":"https:\/\/api.w.org\/{rel}","templated":true}]}}