{"id":7383,"date":"2024-08-27T16:14:02","date_gmt":"2024-08-27T15:13:31","guid":{"rendered":"https:\/\/vivando.ch\/?post_type=product&#038;p=7383"},"modified":"2024-08-27T16:13:31","modified_gmt":"2024-08-27T15:13:31","slug":"sursur-grillo-doc","status":"publish","type":"product","link":"https:\/\/vivando.ch\/de\/shop\/spirituosen\/weine\/weiss\/sursur-grillo-doc\/","title":{"rendered":"SurSur Grillo DOC"},"content":{"rendered":"<p>Der SurSur 2023 ist ein Wei\u00dfwein, der auf dem Weingut Contessa Entellina, zwischen Marsala und Salemi, aus Grillo-Trauben hergestellt wird. Die Weinberge liegen auf H\u00fcgeln 200-400 m \u00fcber dem Meeresspiegel und wachsen auf n\u00e4hrstoffreichen B\u00f6den mit einem Klima, das von milden Wintern und trockenen Sommern gepr\u00e4gt ist. Der Jahrgang 2023 verzeichnete unterdurchschnittliche Niederschl\u00e4ge, aber dank einer sorgf\u00e4ltigen agronomischen Bewirtschaftung erreichten die Trauben einen optimalen Reifegrad. Der im Stahltank vergorene und in der Flasche ausgebaute Wein hat eine strohgelbe Farbe, frische Noten von wei\u00dfen Fr\u00fcchten und Wildblumen sowie eine angenehme Frische am Gaumen. Seine Langlebigkeit betr\u00e4gt etwa drei Jahre. Der Name \u201eSurSur\u201c, inspiriert vom arabischen Wort f\u00fcr \u201eGrille\u201c, ist eine Hommage an die Natur und an die Gr\u00fcnderin von Donnafugata, Gabriella.<\/p>\n","protected":false},"excerpt":{"rendered":"<p>Der Name \u201eSurSur\u201c, inspiriert vom arabischen Wort f\u00fcr \u201eGrille\u201c, ist eine Hommage an die Natur und an die Gr\u00fcnderin von Donnafugata, Gabriella.<\/p>\n","protected":false},"featured_media":7385,"template":"","meta":[],"product_brand":[],"product_cat":[786,805,806],"product_tag":[],"class_list":{"0":"post-7383","1":"product","2":"type-product","3":"status-publish","4":"has-post-thumbnail","6":"product_cat-spirituosen","7":"product_cat-weine","8":"product_cat-weiss","9":"pa_abbinamenti-fisch","10":"pa_abbinamenti-fischsuppen","11":"pa_abbinamenti-gegrillte-fleischsorten","12":"pa_abbinamenti-vegetarisch","13":"pa_abbinamenti-weichkase","14":"pa_allergeni-sulfite","15":"pa_bicchiere-consigliato-kelch","16":"pa_cantina-donnafugata-de","17":"pa_colore-weise","18":"pa_denominazione-doc-de","19":"pa_formato-bottiglia-standard-de","20":"pa_gradazione-alcolica-13-de","21":"pa_nazione-italien","22":"pa_note-minze","23":"pa_note-weisblattrige-fruchte","24":"pa_note-wilde-blumen","25":"pa_potenziale-evolutivo-2-3-de","26":"pa_regione-sizilien","27":"pa_sapore-frisch","28":"pa_sapore-fruchtig","29":"pa_sapore-weich","30":"pa_temperatura-di-servizio-11-oc-de-2","31":"pa_temperatura-di-servizio-9-oc-de-2","32":"pa_tipologia-stopp","33":"pa_uvaggio-grillo-de","35":"first","36":"instock","37":"taxable","38":"shipping-taxable","39":"purchasable","40":"product-type-simple"},"_links":{"self":[{"href":"https:\/\/vivando.ch\/de\/wp-json\/wp\/v2\/product\/7383","targetHints":{"allow":["GET"]}}],"collection":[{"href":"https:\/\/vivando.ch\/de\/wp-json\/wp\/v2\/product"}],"about":[{"href":"https:\/\/vivando.ch\/de\/wp-json\/wp\/v2\/types\/product"}],"wp:featuredmedia":[{"embeddable":true,"href":"https:\/\/vivando.ch\/de\/wp-json\/wp\/v2\/media\/7385"}],"wp:attachment":[{"href":"https:\/\/vivando.ch\/de\/wp-json\/wp\/v2\/media?parent=7383"}],"wp:term":[{"taxonomy":"product_brand","embeddable":true,"href":"https:\/\/vivando.ch\/de\/wp-json\/wp\/v2\/product_brand?post=7383"},{"taxonomy":"product_cat","embeddable":true,"href":"https:\/\/vivando.ch\/de\/wp-json\/wp\/v2\/product_cat?post=7383"},{"taxonomy":"product_tag","embeddable":true,"href":"https:\/\/vivando.ch\/de\/wp-json\/wp\/v2\/product_tag?post=7383"}],"curies":[{"name":"wp","href":"https:\/\/api.w.org\/{rel}","templated":true}]}}