{"id":6010,"date":"2023-02-19T15:30:24","date_gmt":"2023-02-19T14:30:24","guid":{"rendered":"https:\/\/vivando.ch\/?post_type=product&#038;p=6010"},"modified":"2023-05-20T09:11:34","modified_gmt":"2023-05-20T08:11:34","slug":"sambi-bevanda-ai-fiori-di-sambuco-bio-copia","status":"publish","type":"product","link":"https:\/\/vivando.ch\/de\/shop\/spirituosen\/weine\/bio\/sambi-bevanda-ai-fiori-di-sambuco-bio-copia\/","title":{"rendered":"Sambi Bevanda ai fiori di Sambuco BIO"},"content":{"rendered":"<p>Einzigartiges Produkt, das im Tessin aus biologischen Holunderbl\u00fcten hergestellt wird.<br \/>\nEin vergn\u00fcgliches Getr\u00e4nk, das von Martino und Gabriele kreiert wurde, die handwerkliches K\u00f6nnen und die Kunst des Sekts miteinander verbunden haben, um das Rezept ihrer Gro\u00dfmutter wieder aufleben zu lassen.<br \/>\nSamb\u00ec ist ein alkoholisches, prickelndes Getr\u00e4nk mit dem feinen Geschmack von Holunderbl\u00fcten. Zutaten: Holunderbl\u00fcten, Monte Generoso-Wasser, Zitrone, Zucker.<br \/>\nZutaten: Holunderbl\u00fcten, Generoso-Wasser, Zucker und Zitrone.<\/p>\n","protected":false},"excerpt":{"rendered":"<p>Einzigartiges Produkt, das im Tessin aus biologischen Holunderbl\u00fcten hergestellt wird.<\/p>\n","protected":false},"featured_media":6012,"template":"","meta":[],"product_brand":[],"product_cat":[807,787,786],"product_tag":[1022],"class_list":{"0":"post-6010","1":"product","2":"type-product","3":"status-publish","4":"has-post-thumbnail","6":"product_cat-bio","7":"product_cat-getranke","8":"product_cat-spirituosen","9":"product_tag-bio-de","10":"pa_abbinamenti-aperitifs","11":"pa_cantina-sambi-de-2","12":"pa_colore-strohgelb","13":"pa_formato-bottiglia-standard-de","14":"pa_gradazione-alcolica-4-2-de","15":"pa_nazione-schweiz","16":"pa_note-holunderbeere","17":"pa_note-zitrone","18":"pa_regione-tessin","19":"pa_sapore-holunderbeere","20":"pa_sapore-sus","21":"pa_tipologia-prickelnd","23":"first","24":"instock","25":"taxable","26":"shipping-taxable","27":"purchasable","28":"product-type-simple"},"_links":{"self":[{"href":"https:\/\/vivando.ch\/de\/wp-json\/wp\/v2\/product\/6010","targetHints":{"allow":["GET"]}}],"collection":[{"href":"https:\/\/vivando.ch\/de\/wp-json\/wp\/v2\/product"}],"about":[{"href":"https:\/\/vivando.ch\/de\/wp-json\/wp\/v2\/types\/product"}],"wp:featuredmedia":[{"embeddable":true,"href":"https:\/\/vivando.ch\/de\/wp-json\/wp\/v2\/media\/6012"}],"wp:attachment":[{"href":"https:\/\/vivando.ch\/de\/wp-json\/wp\/v2\/media?parent=6010"}],"wp:term":[{"taxonomy":"product_brand","embeddable":true,"href":"https:\/\/vivando.ch\/de\/wp-json\/wp\/v2\/product_brand?post=6010"},{"taxonomy":"product_cat","embeddable":true,"href":"https:\/\/vivando.ch\/de\/wp-json\/wp\/v2\/product_cat?post=6010"},{"taxonomy":"product_tag","embeddable":true,"href":"https:\/\/vivando.ch\/de\/wp-json\/wp\/v2\/product_tag?post=6010"}],"curies":[{"name":"wp","href":"https:\/\/api.w.org\/{rel}","templated":true}]}}