{"id":5890,"date":"2022-06-03T13:30:09","date_gmt":"2023-01-26T21:00:51","guid":{"rendered":"https:\/\/vivando.ch\/shop\/unkategorisiert\/vin-santo-del-chianti-doc\/"},"modified":"2023-01-26T22:00:51","modified_gmt":"2023-01-26T21:00:51","slug":"vin-santo-del-chianti-doc-rufina","status":"publish","type":"product","link":"https:\/\/vivando.ch\/de\/shop\/spirituosen\/weine\/weiss\/vin-santo-del-chianti-doc-rufina\/","title":{"rendered":"Vin Santo Del Chianti DOC"},"content":{"rendered":"<div id=\"product-description-short-211\">\n<p>Der Vin Santo wird nur in den besten Jahrg\u00e4ngen und in sehr begrenzten Mengen hergestellt. Dieser Dessertwein, der nach den Regeln der traditionellen Technik, teilweise in abgewandelter Form, hergestellt wird, ist vor allem die Frucht der Leidenschaft, der Aufmerksamkeit und der Phantasie all derer, die zu seiner Herstellung beitragen.<br \/>\nGoldgelbe Farbe mit bernsteinfarbenen Reflexen. Sehr intensives, komplexes und anhaltendes Bouquet, \u00e4therisch, mit deutlichen Noten von Trockenfr\u00fcchten, Vanille, Orangenschalen und Weihrauch. Am Gaumen s\u00fc\u00df, vollmundig, ausgewogen und mit einem langen Abgang. Mit seinem hohen Restzuckergehalt ist er ein klassischer Dessertwein, der gut zu trockenem Geb\u00e4ck, Sahnegeb\u00e4ck und Torten passt. Er passt auch gut zu Blauschimmelk\u00e4se wie Gorgonzola und Roquefort.<\/p>\n<\/div>\n","protected":false},"excerpt":{"rendered":"<p>Anhaltende, \u00e4therische und klare Aromen von Trockenfr\u00fcchten, Vanille, Orangenschalen und Weihrauch. Nachspeise. Er passt auch hervorragend zu K\u00e4sesorten wie Gorgonzola und Roquefort.<\/p>\n","protected":false},"featured_media":3449,"template":"","meta":[],"product_brand":[],"product_cat":[786,805,806],"product_tag":[1114],"class_list":{"0":"post-5890","1":"product","2":"type-product","3":"status-publish","4":"has-post-thumbnail","6":"product_cat-spirituosen","7":"product_cat-weine","8":"product_cat-weiss","9":"product_tag-renzo-masi-de","10":"pa_abbinamenti-patisserie","11":"pa_abbinamenti-susigkeiten","12":"pa_annata-2012-de","13":"pa_cantina-renzo-masi-de","14":"pa_colore-weise","15":"pa_denominazione-doc-de","16":"pa_formato-bottiglia-standard-de","17":"pa_gradazione-alcolica-15-de","18":"pa_nazione-italien","19":"pa_note-getrocknete-fruchte","20":"pa_note-orangenschalen","21":"pa_note-vanille","22":"pa_note-weihrauch","23":"pa_regione-toskana","24":"pa_sapore-harmonische","25":"pa_sapore-sus","26":"pa_tipologia-stopp","27":"pa_uvaggio-chianti-malvasia","28":"pa_uvaggio-trebbiano-toscano-de","30":"first","31":"instock","32":"taxable","33":"shipping-taxable","34":"purchasable","35":"product-type-simple"},"_links":{"self":[{"href":"https:\/\/vivando.ch\/de\/wp-json\/wp\/v2\/product\/5890","targetHints":{"allow":["GET"]}}],"collection":[{"href":"https:\/\/vivando.ch\/de\/wp-json\/wp\/v2\/product"}],"about":[{"href":"https:\/\/vivando.ch\/de\/wp-json\/wp\/v2\/types\/product"}],"wp:featuredmedia":[{"embeddable":true,"href":"https:\/\/vivando.ch\/de\/wp-json\/wp\/v2\/media\/3449"}],"wp:attachment":[{"href":"https:\/\/vivando.ch\/de\/wp-json\/wp\/v2\/media?parent=5890"}],"wp:term":[{"taxonomy":"product_brand","embeddable":true,"href":"https:\/\/vivando.ch\/de\/wp-json\/wp\/v2\/product_brand?post=5890"},{"taxonomy":"product_cat","embeddable":true,"href":"https:\/\/vivando.ch\/de\/wp-json\/wp\/v2\/product_cat?post=5890"},{"taxonomy":"product_tag","embeddable":true,"href":"https:\/\/vivando.ch\/de\/wp-json\/wp\/v2\/product_tag?post=5890"}],"curies":[{"name":"wp","href":"https:\/\/api.w.org\/{rel}","templated":true}]}}