{"id":5885,"date":"2022-06-06T09:06:49","date_gmt":"2023-01-26T20:51:02","guid":{"rendered":"https:\/\/vivando.ch\/shop\/unkategorisiert\/santagostino-baglio-soria-sicilia-doc-catarratto-chardonnay\/"},"modified":"2023-01-26T21:51:02","modified_gmt":"2023-01-26T20:51:02","slug":"santagostino-baglio-soria-sicilia-doc-catarratto-chardonnay","status":"publish","type":"product","link":"https:\/\/vivando.ch\/de\/shop\/spirituosen\/weine\/weiss\/santagostino-baglio-soria-sicilia-doc-catarratto-chardonnay\/","title":{"rendered":"Santagostino Baglio Soria Sicilia DOC Catarratto Chardonnay"},"content":{"rendered":"<div id=\"product-description-short-117\">\n<p>Elegant und fein schon in der Farbe, ein faszinierendes Goldgelb, das sich in einem sehr breiten Aromenspektrum ausdr\u00fcckt, in dem frische Blumen und Fr\u00fcchte in Harmonie tanzen, insbesondere Iris, wei\u00dfe Pflaume, Pfirsich und Melone, bereichert durch einen Hintergrund von Vanille und Haselnuss von seltener Feinheit. Am Gaumen entfaltet er sich mit \u00fcberraschender Eleganz, frisch und einladend, umh\u00fcllend und selbstbewusst. cEr passt gut zu Vorspeisen, Fisch- und Krustentiergerichten, mittelalten K\u00e4sesorten und ist auch f\u00fcr Mahlzeiten im Freien geeignet.<\/p>\n<\/div>\n","protected":false},"excerpt":{"rendered":"<p>Aroma von frischen Blumen und Fr\u00fcchten, insbesondere von Iris, wei\u00dfer Pflaume, Pfirsich und Melone, bereichert durch einen Hintergrund von Vanille und Haselnuss. Seltene Delikatesse.<\/p>\n","protected":false},"featured_media":4035,"template":"","meta":[],"product_brand":[],"product_cat":[786,805,806],"product_tag":[1002],"class_list":{"0":"post-5885","1":"product","2":"type-product","3":"status-publish","4":"has-post-thumbnail","6":"product_cat-spirituosen","7":"product_cat-weine","8":"product_cat-weiss","9":"product_tag-casa-vinicola-firriato-de","10":"pa_abbinamenti-fisch","11":"pa_abbinamenti-hartkase","12":"pa_abbinamenti-krustentiere","13":"pa_abbinamenti-vorspeisen","14":"pa_allergeni-sulfite","15":"pa_annata-2023-de","16":"pa_cantina-casa-vinicola-firriato-de","17":"pa_colore-weise","18":"pa_denominazione-doc-de","19":"pa_formato-bottiglia-standard-de","20":"pa_gradazione-alcolica-13-de","21":"pa_nazione-italien","22":"pa_note-blumen","23":"pa_note-iris-de","24":"pa_note-melone-de","25":"pa_note-pfirsich","26":"pa_regione-sizilien","27":"pa_sapore-elegant","28":"pa_sapore-frisch","29":"pa_sapore-umhullend","30":"pa_tipologia-stopp","31":"pa_uvaggio-catarratto-de","32":"pa_uvaggio-chardonnay-de","34":"first","35":"instock","36":"featured","37":"taxable","38":"shipping-taxable","39":"purchasable","40":"product-type-simple"},"_links":{"self":[{"href":"https:\/\/vivando.ch\/de\/wp-json\/wp\/v2\/product\/5885","targetHints":{"allow":["GET"]}}],"collection":[{"href":"https:\/\/vivando.ch\/de\/wp-json\/wp\/v2\/product"}],"about":[{"href":"https:\/\/vivando.ch\/de\/wp-json\/wp\/v2\/types\/product"}],"wp:featuredmedia":[{"embeddable":true,"href":"https:\/\/vivando.ch\/de\/wp-json\/wp\/v2\/media\/4035"}],"wp:attachment":[{"href":"https:\/\/vivando.ch\/de\/wp-json\/wp\/v2\/media?parent=5885"}],"wp:term":[{"taxonomy":"product_brand","embeddable":true,"href":"https:\/\/vivando.ch\/de\/wp-json\/wp\/v2\/product_brand?post=5885"},{"taxonomy":"product_cat","embeddable":true,"href":"https:\/\/vivando.ch\/de\/wp-json\/wp\/v2\/product_cat?post=5885"},{"taxonomy":"product_tag","embeddable":true,"href":"https:\/\/vivando.ch\/de\/wp-json\/wp\/v2\/product_tag?post=5885"}],"curies":[{"name":"wp","href":"https:\/\/api.w.org\/{rel}","templated":true}]}}