{"id":5880,"date":"2022-06-06T08:45:25","date_gmt":"2023-01-26T20:45:30","guid":{"rendered":"https:\/\/vivando.ch\/shop\/unkategorisiert\/pradalupo-roero-arneis-docg\/"},"modified":"2023-01-26T21:45:30","modified_gmt":"2023-01-26T20:45:30","slug":"pradalupo-roero-arneis-docg","status":"publish","type":"product","link":"https:\/\/vivando.ch\/de\/shop\/spirituosen\/weine\/weiss\/pradalupo-roero-arneis-docg\/","title":{"rendered":"Pradalupo Roero Arneis DOCG"},"content":{"rendered":"<p>Dieser italienische Wei\u00dfwein wird zu 100 % aus Arneis-Trauben hergestellt, die auch als Barola bianco bekannt sind. Diese alte Rebsorte wird nur im Piemont angebaut. Die Trauben f\u00fcr diesen Wein werden entrappt, gequetscht und nach der Ernte 24 Stunden lang kalt eingemaischt. Nach der anschlie\u00dfenden G\u00e4rung wurde dieser Wei\u00dfwein 6 Monate im Edelstahltank ausgebaut und weitere 4 Monate in der Flasche verfeinert.<br \/>\ncDie Farbe ist ein intensives Strohgelb mit gr\u00fcnlichen Reflexen. In der Nase erinnert das Bouquet an den Duft von exotischen Fr\u00fcchten, reifen Birnen, Wei\u00dfdornbl\u00fcten und Akazienhonig. Im Mund ist er angenehm umh\u00fcllend, weich, s\u00fc\u00df mit einer S\u00e4ure, die dem Nachgeschmack Frische und W\u00fcrze verleiht. Genie\u00dfen Sie diesen trockenen Wei\u00dfwein als Aperitif oder zu Fisch und Meeresfr\u00fcchtegerichten.<\/p>\n<div class=\"product-actions\">\n<div class=\"product-variants\"><\/div>\n<section class=\"product-discounts\"><\/section>\n<div class=\"product-add-to-cart\">\n<div class=\"product-quantity\">\n<div class=\"input-group bootstrap-touchspin\"><\/div>\n<\/div>\n<\/div>\n<\/div>\n","protected":false},"excerpt":{"rendered":"<p>Das Bouquet erinnert an den Duft von exotischen Fr\u00fcchten, reifen Birnen, Wei\u00dfdornbl\u00fcten und Akazienhonig. Ausgezeichnet als Aperitif oder zu Fisch- und Meeresfr\u00fcchtegerichten.<\/p>\n","protected":false},"featured_media":3102,"template":"","meta":[],"product_brand":[],"product_cat":[786,805,806],"product_tag":[1023],"class_list":{"0":"post-5880","1":"product","2":"type-product","3":"status-publish","4":"has-post-thumbnail","6":"product_cat-spirituosen","7":"product_cat-weine","8":"product_cat-weiss","9":"product_tag-cantine-fontanafredda-de","10":"pa_abbinamenti-erste-kurse","11":"pa_abbinamenti-fisch","12":"pa_abbinamenti-pasta-de","13":"pa_abbinamenti-risotto-de","14":"pa_abbinamenti-vorspeisen","15":"pa_allergeni-sulfite","16":"pa_cantina-cantine-fontanafredda-de","17":"pa_colore-weise","18":"pa_denominazione-docg-de","19":"pa_formato-bottiglia-standard-de","20":"pa_gradazione-alcolica-13-5-de","21":"pa_nazione-italien","22":"pa_note-akazienhonig","23":"pa_note-ausgereifte-birne","24":"pa_note-exotische-fruchte","25":"pa_note-weisdornbluten","26":"pa_regione-piemont","27":"pa_sapore-saurehaltig","28":"pa_sapore-schmackhaftes","29":"pa_sapore-sus","30":"pa_sapore-umhullend","31":"pa_sapore-weich","32":"pa_tipologia-stopp","33":"pa_uvaggio-arneis-de","35":"first","36":"instock","37":"taxable","38":"shipping-taxable","39":"purchasable","40":"product-type-simple"},"_links":{"self":[{"href":"https:\/\/vivando.ch\/de\/wp-json\/wp\/v2\/product\/5880","targetHints":{"allow":["GET"]}}],"collection":[{"href":"https:\/\/vivando.ch\/de\/wp-json\/wp\/v2\/product"}],"about":[{"href":"https:\/\/vivando.ch\/de\/wp-json\/wp\/v2\/types\/product"}],"wp:featuredmedia":[{"embeddable":true,"href":"https:\/\/vivando.ch\/de\/wp-json\/wp\/v2\/media\/3102"}],"wp:attachment":[{"href":"https:\/\/vivando.ch\/de\/wp-json\/wp\/v2\/media?parent=5880"}],"wp:term":[{"taxonomy":"product_brand","embeddable":true,"href":"https:\/\/vivando.ch\/de\/wp-json\/wp\/v2\/product_brand?post=5880"},{"taxonomy":"product_cat","embeddable":true,"href":"https:\/\/vivando.ch\/de\/wp-json\/wp\/v2\/product_cat?post=5880"},{"taxonomy":"product_tag","embeddable":true,"href":"https:\/\/vivando.ch\/de\/wp-json\/wp\/v2\/product_tag?post=5880"}],"curies":[{"name":"wp","href":"https:\/\/api.w.org\/{rel}","templated":true}]}}