{"id":5879,"date":"2022-06-03T13:05:21","date_gmt":"2023-01-26T20:44:03","guid":{"rendered":"https:\/\/vivando.ch\/shop\/unkategorisiert\/poggerissi-bianco-di-toscana-igt\/"},"modified":"2023-01-26T21:44:03","modified_gmt":"2023-01-26T20:44:03","slug":"poggerissi-bianco-di-toscana-igt","status":"publish","type":"product","link":"https:\/\/vivando.ch\/de\/shop\/spirituosen\/weine\/weiss\/poggerissi-bianco-di-toscana-igt\/","title":{"rendered":"Poggerissi Bianco Di Toscana IGT"},"content":{"rendered":"<div id=\"product-description-short-218\">\n<p>Ein Wein mit &#8222;typischer geografischer Angabe&#8220;, der aus Trauben aus den am besten geeigneten Gebieten der Toskana hergestellt wird. Dieser Wein zeichnet sich durch sehr intensive fruchtige Aromen aus und zeigt seine besten Eigenschaften in den ersten beiden Jahren nach der Ernte. Strohgelbe Farbe, mit gr\u00fcnen Reflexen. Reichhaltiges und intensives Bouquet, mit fruchtigen Noten von Apfel, Birne und tropischen Fr\u00fcchten. Im Mund m\u00e4\u00dfig strukturiert, frisch, weich und harmonisch.<\/p>\n<\/div>\n","protected":false},"excerpt":{"rendered":"<p>Reichhaltiges und intensives Bouquet, mit fruchtigen Noten von Apfel, Birne und tropischen Fr\u00fcchten. Im Mund m\u00e4\u00dfig strukturiert, frisch, weich und harmonisch.<\/p>\n","protected":false},"featured_media":3443,"template":"","meta":[],"product_brand":[],"product_cat":[786,805,806],"product_tag":[1114],"class_list":{"0":"post-5879","1":"product","2":"type-product","3":"status-publish","4":"has-post-thumbnail","6":"product_cat-spirituosen","7":"product_cat-weine","8":"product_cat-weiss","9":"product_tag-renzo-masi-de","10":"pa_abbinamenti-fisch","11":"pa_abbinamenti-fisch-risottos","12":"pa_abbinamenti-suppen-de","13":"pa_cantina-renzo-masi-de","14":"pa_colore-weise","15":"pa_denominazione-igt-de","16":"pa_formato-bottiglia-standard-de","17":"pa_gradazione-alcolica-12-5-de","18":"pa_nazione-italien","19":"pa_note-apfel","20":"pa_note-birne","21":"pa_note-tropische-fruchte","22":"pa_regione-toskana","23":"pa_sapore-frisch","24":"pa_sapore-harmonische","25":"pa_sapore-strukturiert","26":"pa_sapore-weich","27":"pa_tipologia-stopp","28":"pa_uvaggio-chardonnay-de","29":"pa_uvaggio-trebbiano-toscano-de","31":"first","32":"instock","33":"taxable","34":"shipping-taxable","35":"purchasable","36":"product-type-simple"},"_links":{"self":[{"href":"https:\/\/vivando.ch\/de\/wp-json\/wp\/v2\/product\/5879","targetHints":{"allow":["GET"]}}],"collection":[{"href":"https:\/\/vivando.ch\/de\/wp-json\/wp\/v2\/product"}],"about":[{"href":"https:\/\/vivando.ch\/de\/wp-json\/wp\/v2\/types\/product"}],"wp:featuredmedia":[{"embeddable":true,"href":"https:\/\/vivando.ch\/de\/wp-json\/wp\/v2\/media\/3443"}],"wp:attachment":[{"href":"https:\/\/vivando.ch\/de\/wp-json\/wp\/v2\/media?parent=5879"}],"wp:term":[{"taxonomy":"product_brand","embeddable":true,"href":"https:\/\/vivando.ch\/de\/wp-json\/wp\/v2\/product_brand?post=5879"},{"taxonomy":"product_cat","embeddable":true,"href":"https:\/\/vivando.ch\/de\/wp-json\/wp\/v2\/product_cat?post=5879"},{"taxonomy":"product_tag","embeddable":true,"href":"https:\/\/vivando.ch\/de\/wp-json\/wp\/v2\/product_tag?post=5879"}],"curies":[{"name":"wp","href":"https:\/\/api.w.org\/{rel}","templated":true}]}}