{"id":5874,"date":"2022-06-06T11:07:16","date_gmt":"2023-01-26T20:38:16","guid":{"rendered":"https:\/\/vivando.ch\/shop\/unkategorisiert\/pecorino-terre-di-chieti-igp-orsetto-oro\/"},"modified":"2023-01-26T21:38:16","modified_gmt":"2023-01-26T20:38:16","slug":"pecorino-terre-di-chieti-igp-orsetto-oro","status":"publish","type":"product","link":"https:\/\/vivando.ch\/de\/shop\/spirituosen\/weine\/weiss\/pecorino-terre-di-chieti-igp-orsetto-oro\/","title":{"rendered":"Pecorino Terre Di Chieti IGP Orsetto Oro"},"content":{"rendered":"<p>Die Weinkellerei Casal Thaulero produziert diesen jungen und frischen Pecorino-Wei\u00dfwein der Linie Orsetto Oro. Die Linie ist vom Teddyb\u00e4r inspiriert, dem Symbol des Nationalparks der Abruzzen, der die Region in der ganzen Welt repr\u00e4sentiert. Es ist die Linie, die Geschm\u00e4cker und Empfindungen auff\u00e4ngt, das zeitgen\u00f6ssische Gesicht der Tradition mit Weinen, die modern und frisch, aber gleichzeitig delikat und elegant schmecken, die Protagonisten der heutigen jugendlichen Moden und Trends. F\u00fcr die Herstellung werden 100% reine Pecorino-Trauben verwendet. Alle Tiere werden in dem in der Spezifikation angegebenen Gebiet der g.U. aufgezogen.<br \/>\nLeuchtend strohgelbe Farbe, leicht aufgeladen. Breites Bouquet mit blumigen Noten von Ginster und Akazie, Ankl\u00e4ngen von exotischen Fr\u00fcchten und balsamischen Nuancen. Ideal f\u00fcr Vorspeisen im Allgemeinen, leichte Fischgerichte, wei\u00dfes Fleisch und Frischk\u00e4se.<\/p>\n","protected":false},"excerpt":{"rendered":"<p>Breites Bouquet mit blumigen Noten von Ginster und Akazie, Ankl\u00e4ngen von exotischen Fr\u00fcchten und balsamischen Nuancen. Ideal f\u00fcr Aperitifs und leichte Gerichte.<\/p>\n","protected":false},"featured_media":3473,"template":"","meta":[],"product_brand":[],"product_cat":[786,805,806],"product_tag":[1366],"class_list":{"0":"post-5874","1":"product","2":"type-product","3":"status-publish","4":"has-post-thumbnail","6":"product_cat-spirituosen","7":"product_cat-weine","8":"product_cat-weiss","9":"product_tag-casal-thaulero-de","10":"pa_abbinamenti-fisch","11":"pa_abbinamenti-junger-kase","12":"pa_abbinamenti-vorspeisen","13":"pa_abbinamenti-weises-fleisch","14":"pa_allergeni-sulfite","15":"pa_cantina-casal-thaulero-de","16":"pa_colore-weise","17":"pa_denominazione-igt-de","18":"pa_formato-bottiglia-standard-de","19":"pa_gradazione-alcolica-13-de","20":"pa_nazione-italien","21":"pa_note-akazie","22":"pa_note-balsamische-nuancen","23":"pa_note-besen","24":"pa_note-exotische-fruchte","25":"pa_regione-abruzzen","26":"pa_sapore-persistent","27":"pa_sapore-schmackhaftes","28":"pa_tipologia-stopp","29":"pa_uvaggio-pecorino-kase","31":"first","32":"instock","33":"taxable","34":"shipping-taxable","35":"purchasable","36":"product-type-simple"},"_links":{"self":[{"href":"https:\/\/vivando.ch\/de\/wp-json\/wp\/v2\/product\/5874","targetHints":{"allow":["GET"]}}],"collection":[{"href":"https:\/\/vivando.ch\/de\/wp-json\/wp\/v2\/product"}],"about":[{"href":"https:\/\/vivando.ch\/de\/wp-json\/wp\/v2\/types\/product"}],"wp:featuredmedia":[{"embeddable":true,"href":"https:\/\/vivando.ch\/de\/wp-json\/wp\/v2\/media\/3473"}],"wp:attachment":[{"href":"https:\/\/vivando.ch\/de\/wp-json\/wp\/v2\/media?parent=5874"}],"wp:term":[{"taxonomy":"product_brand","embeddable":true,"href":"https:\/\/vivando.ch\/de\/wp-json\/wp\/v2\/product_brand?post=5874"},{"taxonomy":"product_cat","embeddable":true,"href":"https:\/\/vivando.ch\/de\/wp-json\/wp\/v2\/product_cat?post=5874"},{"taxonomy":"product_tag","embeddable":true,"href":"https:\/\/vivando.ch\/de\/wp-json\/wp\/v2\/product_tag?post=5874"}],"curies":[{"name":"wp","href":"https:\/\/api.w.org\/{rel}","templated":true}]}}