{"id":5863,"date":"2022-06-02T10:00:44","date_gmt":"2023-01-26T20:13:58","guid":{"rendered":"https:\/\/vivando.ch\/shop\/unkategorisiert\/valle-doro-montepulciano-dabruzzo-dop\/"},"modified":"2023-01-26T21:13:58","modified_gmt":"2023-01-26T20:13:58","slug":"valle-doro-montepulciano-dabruzzo-dop","status":"publish","type":"product","link":"https:\/\/vivando.ch\/de\/shop\/spirituosen\/weine\/rot\/valle-doro-montepulciano-dabruzzo-dop\/","title":{"rendered":"Valle D&#8217;Oro Montepulciano D&#8217;Abruzzo DOP"},"content":{"rendered":"<div id=\"product-description-short-382\">\n<p><span class=\"font-202503\">Intensive rubinrote Farbe mit violetten Reflexen, ein Aroma von Sauerkirschen und ein zarter Hauch von Gew\u00fcrzen: ein gro\u00dfz\u00fcgiger und authentischer, mehrfach ausgezeichneter Montepulciano d&#8217;Abruzzo, der langsam genossen werden sollte. Ein intensiver Montepulciano mit Geschmack <\/span><span class=\"font-202503\">voll, weich und anhaltend, <\/span><span class=\"font-202503\">mit Noten von roten <\/span><span class=\"font-202503\">und Sauerkirschen, passt zu herzhaften und raffinierten Gerichten, Pilzen, Tr\u00fcffeln, Fleisch und halbgereiftener<\/span><span class=\"font-202503\">K\u00e4sesorten<\/span><\/p>\n<\/div>\n<div class=\"product-actions\">\n<div class=\"product-variants\"><\/div>\n<section class=\"product-discounts\"><\/section>\n<div class=\"product-add-to-cart\">\n<div class=\"product-quantity\">\n<div class=\"input-group bootstrap-touchspin\"><\/div>\n<\/div>\n<\/div>\n<\/div>\n","protected":false},"excerpt":{"rendered":"<div id=\"product-description-short-382\">\n<p><span class=\"font-202503\">voll, weich und anhaltend, mit Noten von roten <\/span><span class=\"font-202503\">und Sauerkirschen,i<\/span><span class=\"font-202503\">passt zu herzhaften und raffinierten Gerichten, <\/span><span class=\"font-202503\">Pilzen, Tr\u00fcffeln, Fleisch und halbgereiftener <\/span><span class=\"font-202503\">K\u00e4sesorten<\/span><\/p>\n<\/div>\n","protected":false},"featured_media":3497,"template":"","meta":[],"product_brand":[],"product_cat":[810,786,805],"product_tag":[1008],"class_list":{"0":"post-5863","1":"product","2":"type-product","3":"status-publish","4":"has-post-thumbnail","6":"product_cat-rot","7":"product_cat-spirituosen","8":"product_cat-weine","9":"product_tag-cantina-tollo-de","10":"pa_abbinamenti-junger-kase","11":"pa_abbinamenti-rotes-fleisch","12":"pa_abbinamenti-strukturierte-erstkurse","13":"pa_abbinamenti-truffel","14":"pa_annata-2022-de","15":"pa_cantina-cantina-tollo-de","16":"pa_colore-rot","17":"pa_denominazione-dop-de","18":"pa_formato-bottiglia-standard-de","19":"pa_gradazione-alcolica-13-de","20":"pa_nazione-italien","21":"pa_note-kirsche","22":"pa_note-pikant","23":"pa_note-reife-rote-fruchte","24":"pa_regione-abruzzen","25":"pa_sapore-leichtgewicht","26":"pa_sapore-strukturiert","27":"pa_tipologia-stopp","28":"pa_uvaggio-montepulciano-de","30":"first","31":"instock","32":"taxable","33":"shipping-taxable","34":"purchasable","35":"product-type-simple"},"_links":{"self":[{"href":"https:\/\/vivando.ch\/de\/wp-json\/wp\/v2\/product\/5863","targetHints":{"allow":["GET"]}}],"collection":[{"href":"https:\/\/vivando.ch\/de\/wp-json\/wp\/v2\/product"}],"about":[{"href":"https:\/\/vivando.ch\/de\/wp-json\/wp\/v2\/types\/product"}],"wp:featuredmedia":[{"embeddable":true,"href":"https:\/\/vivando.ch\/de\/wp-json\/wp\/v2\/media\/3497"}],"wp:attachment":[{"href":"https:\/\/vivando.ch\/de\/wp-json\/wp\/v2\/media?parent=5863"}],"wp:term":[{"taxonomy":"product_brand","embeddable":true,"href":"https:\/\/vivando.ch\/de\/wp-json\/wp\/v2\/product_brand?post=5863"},{"taxonomy":"product_cat","embeddable":true,"href":"https:\/\/vivando.ch\/de\/wp-json\/wp\/v2\/product_cat?post=5863"},{"taxonomy":"product_tag","embeddable":true,"href":"https:\/\/vivando.ch\/de\/wp-json\/wp\/v2\/product_tag?post=5863"}],"curies":[{"name":"wp","href":"https:\/\/api.w.org\/{rel}","templated":true}]}}