{"id":5850,"date":"2022-06-03T12:56:28","date_gmt":"2023-01-26T19:02:06","guid":{"rendered":"https:\/\/vivando.ch\/shop\/unkategorisiert\/sergioveto-toscana-igt\/"},"modified":"2023-01-26T20:02:06","modified_gmt":"2023-01-26T19:02:06","slug":"ser-gioveto-toscana-igt","status":"publish","type":"product","link":"https:\/\/vivando.ch\/de\/shop\/spirituosen\/weine\/rot\/ser-gioveto-toscana-igt\/","title":{"rendered":"Sergioveto Toscana IGT"},"content":{"rendered":"<div id=\"product-description-short-221\">\n<p>Nach einer sorgf\u00e4ltigen Auswahl der Trauben aus den besten Weinbergen des Unternehmens und einer etwa 15-t\u00e4gigen Mazeration auf den Schalen reift der Wein nach Abschluss der G\u00e4rung 9 bis 14 Monate in Barriques aus franz\u00f6sischer Eiche.<br \/>\nSehr intensive rubinrote Farbe, die mit zunehmendem Alter zu Granatrot tendiert. Intensives und anhaltendes Bouquet mit Noten von kleinen roten Fr\u00fcchten und Marmelade. Holzgew\u00fcrz ist pr\u00e4sent und verleiht dem Bouquet s\u00fc\u00dfe Noten. Ein Wein von gro\u00dfer Struktur, ausgewogen und mit guter aromatischer Persistenz. Ein Wein mit gro\u00dfem Alterungspotenzial, der gut zu raffinierten Saucen, wichtigen roten Fleisch- und Wildgerichten und reifen K\u00e4sesorten passt. Bei einer Temperatur von 18\/20 \u00b0C servieren.<\/p>\n<\/div>\n","protected":false},"excerpt":{"rendered":"<p>Intensives und anhaltendes Aroma, mit Ankl\u00e4ngen an kleine rote Fr\u00fcchte und Marmelade. Die W\u00fcrzigkeit des Holzes verleiht dem Bouquet s\u00fc\u00dfe Noten.<\/p>\n","protected":false},"featured_media":4067,"template":"","meta":[],"product_brand":[],"product_cat":[810,786,805],"product_tag":[1264],"class_list":{"0":"post-5850","1":"product","2":"type-product","3":"status-publish","4":"has-post-thumbnail","6":"product_cat-rot","7":"product_cat-spirituosen","8":"product_cat-weine","9":"product_tag-rocca-delle-macie-de","10":"pa_abbinamenti-erste-gange-mit-fleischsaucen","11":"pa_abbinamenti-gereifter-kase","12":"pa_abbinamenti-rotes-fleisch","13":"pa_abbinamenti-spiel","14":"pa_annata-2020-de","15":"pa_cantina-rocca-delle-macie-de","16":"pa_colore-rot","17":"pa_denominazione-igt-de","18":"pa_formato-bottiglia-standard-de","19":"pa_gradazione-alcolica-13-5-de","20":"pa_nazione-italien","21":"pa_note-legno-de","22":"pa_note-marmelade","23":"pa_note-rote-fruchte","24":"pa_note-suse-gewurze","25":"pa_regione-toskana","26":"pa_sapore-aromatisch","27":"pa_sapore-persistent","28":"pa_sapore-strukturiert","29":"pa_tipologia-stopp","30":"pa_uvaggio-sangiovese-de","32":"first","33":"instock","34":"taxable","35":"shipping-taxable","36":"purchasable","37":"product-type-simple"},"_links":{"self":[{"href":"https:\/\/vivando.ch\/de\/wp-json\/wp\/v2\/product\/5850","targetHints":{"allow":["GET"]}}],"collection":[{"href":"https:\/\/vivando.ch\/de\/wp-json\/wp\/v2\/product"}],"about":[{"href":"https:\/\/vivando.ch\/de\/wp-json\/wp\/v2\/types\/product"}],"wp:featuredmedia":[{"embeddable":true,"href":"https:\/\/vivando.ch\/de\/wp-json\/wp\/v2\/media\/4067"}],"wp:attachment":[{"href":"https:\/\/vivando.ch\/de\/wp-json\/wp\/v2\/media?parent=5850"}],"wp:term":[{"taxonomy":"product_brand","embeddable":true,"href":"https:\/\/vivando.ch\/de\/wp-json\/wp\/v2\/product_brand?post=5850"},{"taxonomy":"product_cat","embeddable":true,"href":"https:\/\/vivando.ch\/de\/wp-json\/wp\/v2\/product_cat?post=5850"},{"taxonomy":"product_tag","embeddable":true,"href":"https:\/\/vivando.ch\/de\/wp-json\/wp\/v2\/product_tag?post=5850"}],"curies":[{"name":"wp","href":"https:\/\/api.w.org\/{rel}","templated":true}]}}