{"id":5841,"date":"2022-06-02T15:19:45","date_gmt":"2023-01-26T17:22:30","guid":{"rendered":"https:\/\/vivando.ch\/shop\/unkategorisiert\/sangiovese-maremma-toscana-doc-magnum-cassetta-legno\/"},"modified":"2023-01-26T18:22:30","modified_gmt":"2023-01-26T17:22:30","slug":"tenuta-sassoregale-sangiovese-maremma-toscana-doc-magnum-cassetta-legno","status":"publish","type":"product","link":"https:\/\/vivando.ch\/de\/shop\/spirituosen\/weine\/rot\/tenuta-sassoregale-sangiovese-maremma-toscana-doc-magnum-cassetta-legno\/","title":{"rendered":"Sangiovese Maremma Toscana DOC Magnum (Cassetta Legno)"},"content":{"rendered":"<p>Nach der Rotweinbereitung (mit sorgf\u00e4ltiger Mazeration auf den Schalen) und der malolaktischen G\u00e4rung reift der Wein f\u00fcr eine kurze, aber gezielte Zeit in kleinen Eichenf\u00e4ssern. Die Farbe ist ein lebhaftes Rubinrot. Die Nase ist sauber und klar, mit Noten von Sauerkirsche und kleinen Beeren und einer angemessenen W\u00fcrze. Im Mund \u00f6ffnet er sich mit einem vollen und entschiedenen Geschmack, der seine ganze Intensit\u00e4t und Eleganz zum Ausdruck bringt. Er passt hervorragend zu gegrilltem rotem Fleisch, aber auch zu Wurstwaren und traditionellem toskanischen Pecorino-K\u00e4se.<\/p>\n","protected":false},"excerpt":{"rendered":"<p>Noten von Sauerkirsche und kleinen Beeren sowie eine angemessene W\u00fcrze. Im Mund \u00f6ffnet er sich mit einem vollen und entschiedenen Geschmack, der seine ganze Intensit\u00e4t und Eleganz zum Ausdruck bringt.<\/p>\n","protected":false},"featured_media":3429,"template":"","meta":[],"product_brand":[],"product_cat":[810,786,805],"product_tag":[1358],"class_list":{"0":"post-5841","1":"product","2":"type-product","3":"status-publish","4":"has-post-thumbnail","6":"product_cat-rot","7":"product_cat-spirituosen","8":"product_cat-weine","9":"product_tag-tenuta-sassoregale-de","10":"pa_abbinamenti-gegrillte-fleischsorten","11":"pa_abbinamenti-kase","12":"pa_abbinamenti-rotes-fleisch","13":"pa_abbinamenti-salumi-de","14":"pa_annata-2021-de","15":"pa_cantina-tenuta-sassoregale-de","16":"pa_colore-rot","17":"pa_denominazione-doc-de","18":"pa_formato-bottiglia-magnum-de","19":"pa_gradazione-alcolica-13-5-de","20":"pa_nazione-italien","21":"pa_note-beeren","22":"pa_note-marasca-konfiture","23":"pa_note-pikant","24":"pa_regione-toskana","25":"pa_sapore-elegant","26":"pa_sapore-entscheidend","27":"pa_sapore-intensive","28":"pa_sapore-vollstandig","29":"pa_tipologia-stopp","30":"pa_uvaggio-sangiovese-de","32":"first","33":"instock","34":"taxable","35":"shipping-taxable","36":"purchasable","37":"product-type-simple"},"_links":{"self":[{"href":"https:\/\/vivando.ch\/de\/wp-json\/wp\/v2\/product\/5841","targetHints":{"allow":["GET"]}}],"collection":[{"href":"https:\/\/vivando.ch\/de\/wp-json\/wp\/v2\/product"}],"about":[{"href":"https:\/\/vivando.ch\/de\/wp-json\/wp\/v2\/types\/product"}],"wp:featuredmedia":[{"embeddable":true,"href":"https:\/\/vivando.ch\/de\/wp-json\/wp\/v2\/media\/3429"}],"wp:attachment":[{"href":"https:\/\/vivando.ch\/de\/wp-json\/wp\/v2\/media?parent=5841"}],"wp:term":[{"taxonomy":"product_brand","embeddable":true,"href":"https:\/\/vivando.ch\/de\/wp-json\/wp\/v2\/product_brand?post=5841"},{"taxonomy":"product_cat","embeddable":true,"href":"https:\/\/vivando.ch\/de\/wp-json\/wp\/v2\/product_cat?post=5841"},{"taxonomy":"product_tag","embeddable":true,"href":"https:\/\/vivando.ch\/de\/wp-json\/wp\/v2\/product_tag?post=5841"}],"curies":[{"name":"wp","href":"https:\/\/api.w.org\/{rel}","templated":true}]}}