{"id":5815,"date":"2022-06-02T14:29:02","date_gmt":"2023-01-26T10:59:00","guid":{"rendered":"https:\/\/vivando.ch\/shop\/unkategorisiert\/montecoco-salice-salentino-dop\/"},"modified":"2023-01-26T11:59:00","modified_gmt":"2023-01-26T10:59:00","slug":"montecoco-salice-salentino-dop","status":"publish","type":"product","link":"https:\/\/vivando.ch\/de\/shop\/spirituosen\/weine\/rot\/montecoco-salice-salentino-dop\/","title":{"rendered":"Montecoco Salice Salentino DOP"},"content":{"rendered":"<div id=\"product-description-short-280\">\n<p>Der Wein wird aus reifen, ausgew\u00e4hlten Negroamaro und Malvasia Nera Trauben hergestellt, die sanft entrappt und mit neuen, sehr delikaten Verarbeitungstechniken verarbeitet werden. W\u00e4hrend der Mazerationsphase (ca. 8 Tage) in horizontalen Rotationsg\u00e4rbeh\u00e4ltern mit einem Fassungsverm\u00f6gen von 500 Hektolitern durchl\u00e4uft der Wein ebenfalls eine alkoholische G\u00e4rung bei einer Temperatur von nicht mehr als 20\u00b0C. Anschlie\u00dfend wird der Wein in 225 Liter fassende Barriques aus franz\u00f6sischer Eiche gef\u00fcllt, wo er die malolaktische G\u00e4rung durchl\u00e4uft, bevor er weitere 6 Monate im Holz und anschlie\u00dfend in der Flasche ruht.<br \/>\nRubinrot mit violetten Reflexen, in der Nase angenehme Aromen von Wildpflaumen, Brombeeren, Walderdbeeren und R\u00f6stnoten. Harmonischer, eleganter, tanninhaltiger Gaumen.<\/p>\n<\/div>\n","protected":false},"excerpt":{"rendered":"<p>Angenehme Aromen von Wildpflaume, Brombeere, Walderdbeere und R\u00f6stnoten. Harmonischer, eleganter, tanninhaltiger Gaumen.<\/p>\n","protected":false},"featured_media":3553,"template":"","meta":[],"product_brand":[],"product_cat":[810,786,805],"product_tag":[1364],"class_list":{"0":"post-5815","1":"product","2":"type-product","3":"status-publish","4":"has-post-thumbnail","6":"product_cat-rot","7":"product_cat-spirituosen","8":"product_cat-weine","9":"product_tag-cantina-due-palme-de","10":"pa_abbinamenti-pasta-de","11":"pa_abbinamenti-vorspeisen","12":"pa_annata-2021-de","13":"pa_cantina-cantina-due-palme-de","14":"pa_colore-rot","15":"pa_denominazione-dop-de","16":"pa_formato-bottiglia-standard-de","17":"pa_gradazione-alcolica-12-5-de","18":"pa_nazione-italien","19":"pa_note-blaue-himbeere","20":"pa_note-gerosteter-kaffee","21":"pa_note-walderdbeeren","22":"pa_regione-apulien","23":"pa_sapore-elegant","24":"pa_sapore-gerbsaure","25":"pa_sapore-harmonische","26":"pa_tipologia-stopp","27":"pa_uvaggio-negroamaro-de","28":"pa_uvaggio-schwarzer-malvasier","30":"first","31":"instock","32":"taxable","33":"shipping-taxable","34":"purchasable","35":"product-type-simple"},"_links":{"self":[{"href":"https:\/\/vivando.ch\/de\/wp-json\/wp\/v2\/product\/5815","targetHints":{"allow":["GET"]}}],"collection":[{"href":"https:\/\/vivando.ch\/de\/wp-json\/wp\/v2\/product"}],"about":[{"href":"https:\/\/vivando.ch\/de\/wp-json\/wp\/v2\/types\/product"}],"wp:featuredmedia":[{"embeddable":true,"href":"https:\/\/vivando.ch\/de\/wp-json\/wp\/v2\/media\/3553"}],"wp:attachment":[{"href":"https:\/\/vivando.ch\/de\/wp-json\/wp\/v2\/media?parent=5815"}],"wp:term":[{"taxonomy":"product_brand","embeddable":true,"href":"https:\/\/vivando.ch\/de\/wp-json\/wp\/v2\/product_brand?post=5815"},{"taxonomy":"product_cat","embeddable":true,"href":"https:\/\/vivando.ch\/de\/wp-json\/wp\/v2\/product_cat?post=5815"},{"taxonomy":"product_tag","embeddable":true,"href":"https:\/\/vivando.ch\/de\/wp-json\/wp\/v2\/product_tag?post=5815"}],"curies":[{"name":"wp","href":"https:\/\/api.w.org\/{rel}","templated":true}]}}