{"id":5805,"date":"2022-06-02T10:05:27","date_gmt":"2023-01-26T10:44:34","guid":{"rendered":"https:\/\/vivando.ch\/shop\/unkategorisiert\/malaroja-toscana-igt\/"},"modified":"2023-01-26T11:44:34","modified_gmt":"2023-01-26T10:44:34","slug":"malaroja-toscana-igt","status":"publish","type":"product","link":"https:\/\/vivando.ch\/de\/shop\/spirituosen\/weine\/rot\/malaroja-toscana-igt\/","title":{"rendered":"Malaroja Toscana IGT"},"content":{"rendered":"<p>Der Malaroja ist ein Wein von gro\u00dfer Komplexit\u00e4t und Struktur. Der Malaroja ist ein Wein von gro\u00dfer Komplexit\u00e4t und Struktur. Intensive rubinrote Farbe, balsamisches, intensives und s\u00fc\u00dfes Bouquet mit sortentypischen Noten von Menthol und roten Fr\u00fcchten. Im Mund sind die Tannine weich, seidig und \u00fcberzeugend, mit gro\u00dfer S\u00fc\u00dfe und Harmonie, aber auch unterst\u00fctzt durch eine ausgezeichnete Frische. Die Noten der Rebsorte treten deutlich hervor und sorgen f\u00fcr einen langen Abgang und eine gro\u00dfe Nachhaltigkeit des Geschmacks. Hervorragend zu wichtigen roten Fleischgerichten und sehr reifen K\u00e4sesorten, perfekt zu Wild und Braten.<\/p>\n","protected":false},"excerpt":{"rendered":"<p>Ein Wein von gro\u00dfer Komplexit\u00e4t und Struktur, 15 Monate in Barriques gereift. Hervorragend zu wichtigen roten Fleischgerichten und sehr reifen K\u00e4sesorten.<\/p>\n","protected":false},"featured_media":3463,"template":"","meta":[],"product_brand":[],"product_cat":[810,786,805],"product_tag":[1252],"class_list":{"0":"post-5805","1":"product","2":"type-product","3":"status-publish","4":"has-post-thumbnail","6":"product_cat-rot","7":"product_cat-spirituosen","8":"product_cat-weine","9":"product_tag-donne-fittipaldi-de","10":"pa_abbinamenti-braten","11":"pa_abbinamenti-gereifter-kase","12":"pa_abbinamenti-nicht-zu-aufwendiges-fleisch","13":"pa_abbinamenti-spiel","14":"pa_annata-2012-de","15":"pa_cantina-donne-fittipaldi-de","16":"pa_colore-rot","17":"pa_denominazione-igt-de","18":"pa_formato-bottiglia-standard-de","19":"pa_gradazione-alcolica-14-5-de","20":"pa_nazione-italien","21":"pa_note-balsamische-nuancen","22":"pa_note-rote-fruchte","23":"pa_note-suse-gewurze","24":"pa_regione-toskana","25":"pa_sapore-harmonische","26":"pa_sapore-komplexe","27":"pa_sapore-strukturiert","28":"pa_sapore-sus","29":"pa_tipologia-stopp","30":"pa_uvaggio-malbec-de","32":"first","33":"instock","34":"taxable","35":"shipping-taxable","36":"purchasable","37":"product-type-simple"},"_links":{"self":[{"href":"https:\/\/vivando.ch\/de\/wp-json\/wp\/v2\/product\/5805","targetHints":{"allow":["GET"]}}],"collection":[{"href":"https:\/\/vivando.ch\/de\/wp-json\/wp\/v2\/product"}],"about":[{"href":"https:\/\/vivando.ch\/de\/wp-json\/wp\/v2\/types\/product"}],"wp:featuredmedia":[{"embeddable":true,"href":"https:\/\/vivando.ch\/de\/wp-json\/wp\/v2\/media\/3463"}],"wp:attachment":[{"href":"https:\/\/vivando.ch\/de\/wp-json\/wp\/v2\/media?parent=5805"}],"wp:term":[{"taxonomy":"product_brand","embeddable":true,"href":"https:\/\/vivando.ch\/de\/wp-json\/wp\/v2\/product_brand?post=5805"},{"taxonomy":"product_cat","embeddable":true,"href":"https:\/\/vivando.ch\/de\/wp-json\/wp\/v2\/product_cat?post=5805"},{"taxonomy":"product_tag","embeddable":true,"href":"https:\/\/vivando.ch\/de\/wp-json\/wp\/v2\/product_tag?post=5805"}],"curies":[{"name":"wp","href":"https:\/\/api.w.org\/{rel}","templated":true}]}}