{"id":5798,"date":"2022-06-06T10:46:21","date_gmt":"2023-01-26T10:30:10","guid":{"rendered":"https:\/\/vivando.ch\/shop\/unkategorisiert\/lambrusco-salamino-di-s-croce-doc-vino-frizzante-amabile\/"},"modified":"2023-01-26T11:30:10","modified_gmt":"2023-01-26T10:30:10","slug":"lambrusco-salamino-di-s-croce-doc-vino-frizzante-amabile","status":"publish","type":"product","link":"https:\/\/vivando.ch\/de\/shop\/spirituosen\/weine\/rot\/lambrusco-salamino-di-s-croce-doc-vino-frizzante-amabile\/","title":{"rendered":"Lambrusco Salamino Di S. Croce DOC Vino Frizzante Amabile"},"content":{"rendered":"<p>CHIARLI 1860 ist der \u00e4lteste Hersteller von Lambrusco und anderen typischen Weinen in der Emilia-Romagna. Seine Gr\u00fcndung geht auf das Jahr 1860 zur\u00fcck. CHIARLI 1860 verf\u00fcgt durch die 6 landwirtschaftlichen Betriebe der Familie Chiarli \u00fcber mehr als 100 Hektar Weinberge, die in den typischen Lambrusco DOC Gebieten liegen.<br \/>\nIntensive rote Farbe, weicher und weiniger Geschmack, fruchtiges Bouquet, feines und reichhaltiges Mousse. Er ist ideal f\u00fcr typische emilianische Men\u00fcs und eignet sich auch als Dessertwein.<\/p>\n","protected":false},"excerpt":{"rendered":"<p>Weicher und weiniger Geschmack, fruchtiges Bouquet, feine und reichhaltige Mousse. Er ist ideal f\u00fcr typische emilianische Men\u00fcs und eignet sich auch als Dessertwein.<\/p>\n","protected":false},"featured_media":3402,"template":"","meta":[],"product_brand":[],"product_cat":[810,786,805],"product_tag":[1347],"class_list":{"0":"post-5798","1":"product","2":"type-product","3":"status-publish","4":"has-post-thumbnail","6":"product_cat-rot","7":"product_cat-spirituosen","8":"product_cat-weine","9":"product_tag-cantine-chiarli-de","10":"pa_abbinamenti-susigkeiten","11":"pa_allergeni-sulfite","12":"pa_cantina-cantine-chiarli-figli-de","13":"pa_colore-rot","14":"pa_denominazione-doc-de","15":"pa_formato-bottiglia-standard-de","16":"pa_gradazione-alcolica-7-5-de","17":"pa_nazione-italien","18":"pa_note-fruchtig","19":"pa_regione-emilia-romagna-de","20":"pa_sapore-vinous","21":"pa_sapore-weich","22":"pa_tipologia-stopp","23":"pa_uvaggio-lambrusco-de","25":"first","26":"instock","27":"taxable","28":"shipping-taxable","29":"purchasable","30":"product-type-simple"},"_links":{"self":[{"href":"https:\/\/vivando.ch\/de\/wp-json\/wp\/v2\/product\/5798","targetHints":{"allow":["GET"]}}],"collection":[{"href":"https:\/\/vivando.ch\/de\/wp-json\/wp\/v2\/product"}],"about":[{"href":"https:\/\/vivando.ch\/de\/wp-json\/wp\/v2\/types\/product"}],"wp:featuredmedia":[{"embeddable":true,"href":"https:\/\/vivando.ch\/de\/wp-json\/wp\/v2\/media\/3402"}],"wp:attachment":[{"href":"https:\/\/vivando.ch\/de\/wp-json\/wp\/v2\/media?parent=5798"}],"wp:term":[{"taxonomy":"product_brand","embeddable":true,"href":"https:\/\/vivando.ch\/de\/wp-json\/wp\/v2\/product_brand?post=5798"},{"taxonomy":"product_cat","embeddable":true,"href":"https:\/\/vivando.ch\/de\/wp-json\/wp\/v2\/product_cat?post=5798"},{"taxonomy":"product_tag","embeddable":true,"href":"https:\/\/vivando.ch\/de\/wp-json\/wp\/v2\/product_tag?post=5798"}],"curies":[{"name":"wp","href":"https:\/\/api.w.org\/{rel}","templated":true}]}}