{"id":5790,"date":"2022-06-02T13:03:26","date_gmt":"2023-01-25T21:32:57","guid":{"rendered":"https:\/\/vivando.ch\/shop\/unkategorisiert\/il-sogno-vino-da-uve-stramature\/"},"modified":"2023-01-25T22:32:57","modified_gmt":"2023-01-25T21:32:57","slug":"il-sogno-vino-da-uve-stramature","status":"publish","type":"product","link":"https:\/\/vivando.ch\/de\/shop\/spirituosen\/weine\/rot\/il-sogno-vino-da-uve-stramature\/","title":{"rendered":"Il Sogno Vino Da Uve Stramature"},"content":{"rendered":"<p>Il Sogno di Travaglini ist ein Wein aus getrockneten Trauben, der verf\u00fchrerische Aromen und sanfte D\u00fcfte von au\u00dfergew\u00f6hnlicher Intensit\u00e4t zum Ausdruck bringt. Das Unternehmen Travaglini hat seinen Sitz im n\u00f6rdlichen Piemont in Gattinara. Ein Gebiet mit alten Traditionen, das sich durch B\u00f6den auszeichnet, die von einem sehr alten Vulkan stammen, der B\u00f6den reich an Mineralien und insbesondere Eisen hinterlassen hat, die f\u00fcr den Anbau von Reben ideal sind.<br \/>\nIntensive granatrote Farbe, Wein von gro\u00dfer Struktur, mit komplexen und vielf\u00e4ltigen Aromen und D\u00fcften, die von Waldbeeren bis zu leichten balsamischen Ankl\u00e4ngen reichen, begleitet von mineralischen Noten, mit einem Abgang von reifen Fr\u00fcchten. Er passt gut zu roten Fleischgerichten, Eint\u00f6pfen, reifem K\u00e4se und dunkler Schokolade.<\/p>\n","protected":false},"excerpt":{"rendered":"<p>Aromen von Beeren bis hin zu leichten balsamischen Noten, mineralische Noten und ein Abgang von reifen Fr\u00fcchten. Geeignet f\u00fcr rotes Fleisch, K\u00e4se und Schokolade.<\/p>\n","protected":false},"featured_media":3130,"template":"","meta":[],"product_brand":[],"product_cat":[810,786,805],"product_tag":[1315],"class_list":{"0":"post-5790","1":"product","2":"type-product","3":"status-publish","4":"has-post-thumbnail","6":"product_cat-rot","7":"product_cat-spirituosen","8":"product_cat-weine","9":"product_tag-travaglini-giancarlo-de","10":"pa_abbinamenti-dunkle-schokolade","11":"pa_abbinamenti-eintopfgerichte","12":"pa_abbinamenti-gereifter-kase","13":"pa_abbinamenti-rotes-fleisch","14":"pa_annata-2020-de","15":"pa_cantina-travaglini-de","16":"pa_colore-rot","17":"pa_denominazione-docg-de","18":"pa_formato-bottiglia-standard-de","19":"pa_gradazione-alcolica-13-5-de","20":"pa_nazione-italien","21":"pa_note-balsamische-nuancen","22":"pa_note-beeren","23":"pa_note-reifes-obst","24":"pa_regione-piemont","25":"pa_sapore-ausgewogene","26":"pa_sapore-frisch","27":"pa_sapore-schmackhaftes","28":"pa_tipologia-stopp","29":"pa_uvaggio-nebbiolo-de","31":"first","32":"instock","33":"taxable","34":"shipping-taxable","35":"purchasable","36":"product-type-simple"},"_links":{"self":[{"href":"https:\/\/vivando.ch\/de\/wp-json\/wp\/v2\/product\/5790","targetHints":{"allow":["GET"]}}],"collection":[{"href":"https:\/\/vivando.ch\/de\/wp-json\/wp\/v2\/product"}],"about":[{"href":"https:\/\/vivando.ch\/de\/wp-json\/wp\/v2\/types\/product"}],"wp:featuredmedia":[{"embeddable":true,"href":"https:\/\/vivando.ch\/de\/wp-json\/wp\/v2\/media\/3130"}],"wp:attachment":[{"href":"https:\/\/vivando.ch\/de\/wp-json\/wp\/v2\/media?parent=5790"}],"wp:term":[{"taxonomy":"product_brand","embeddable":true,"href":"https:\/\/vivando.ch\/de\/wp-json\/wp\/v2\/product_brand?post=5790"},{"taxonomy":"product_cat","embeddable":true,"href":"https:\/\/vivando.ch\/de\/wp-json\/wp\/v2\/product_cat?post=5790"},{"taxonomy":"product_tag","embeddable":true,"href":"https:\/\/vivando.ch\/de\/wp-json\/wp\/v2\/product_tag?post=5790"}],"curies":[{"name":"wp","href":"https:\/\/api.w.org\/{rel}","templated":true}]}}