{"id":5783,"date":"2022-06-06T10:47:57","date_gmt":"2022-06-06T09:47:57","guid":{"rendered":"https:\/\/vivando.ch\/shop\/unkategorisiert\/guado-de-gemoli-doc-bolgheri-superiore\/"},"modified":"2023-01-25T22:23:23","modified_gmt":"2023-01-25T21:23:23","slug":"guado-de-gemoli-doc-bolgheri-superiore","status":"publish","type":"product","link":"https:\/\/vivando.ch\/de\/shop\/spirituosen\/weine\/bio\/guado-de-gemoli-doc-bolgheri-superiore\/","title":{"rendered":"Guado De&#8216; Gemoli DOC Bolgheri Superiore"},"content":{"rendered":"<p>Ein Wein von gro\u00dfer chromatischer Tiefe, der die Eigenschaften des Terroirs von Bolgheri voll zum Ausdruck bringt. Eleganz, Kraft und Komplexit\u00e4t sind die Merkmale dieses Weins, der viele Jahre lang af\ufb01ne sein kann und sein organoleptisches Bouquet im Laufe der Jahre st\u00e4ndig verbessert, indem er von einem anf\u00e4nglichen Eindruck von reifen roten Fr\u00fcchten, Vanille und Gew\u00fcrzen zu Noten von extremer Komplexit\u00e4t wie Lakritz, Tabak, Zeder und Zimt \u00fcbergeht. Der Abgang ist fest, s\u00fc\u00df und sehr anhaltend.<\/p>\n","protected":false},"excerpt":{"rendered":"<p>Aromen von reifen roten Fr\u00fcchten, Vanille und Gew\u00fcrzen mit Noten von Lakritz, Tabak, Zedernholz und Zimt. Der Abgang ist fest, s\u00fc\u00df und sehr anhaltend.<\/p>\n","protected":false},"featured_media":3420,"template":"","meta":[],"product_brand":[],"product_cat":[807,810,786,805],"product_tag":[1022,1304],"class_list":{"0":"post-5783","1":"product","2":"type-product","3":"status-publish","4":"has-post-thumbnail","6":"product_cat-bio","7":"product_cat-rot","8":"product_cat-spirituosen","9":"product_cat-weine","10":"product_tag-bio-de","11":"product_tag-chiappini-de","12":"pa_abbinamenti-vorspeisen","13":"pa_allergeni-sulfite","14":"pa_annata-2021-de","15":"pa_cantina-chiappini-de","16":"pa_colore-rot","17":"pa_denominazione-doc-de","18":"pa_formato-bottiglia-standard-de","19":"pa_gradazione-alcolica-14-5-de","20":"pa_nazione-italien","21":"pa_note-lakritz","22":"pa_note-reife-rote-fruchte","23":"pa_note-tabak","24":"pa_note-vanille","25":"pa_note-zedernholz","26":"pa_note-zimt","27":"pa_regione-toskana","28":"pa_sapore-entscheidend","29":"pa_sapore-persistent","30":"pa_sapore-sus","31":"pa_tipologia-stopp","32":"pa_uvaggio-cabernet-sauvignon-de","33":"pa_uvaggio-merlot-de","35":"first","36":"instock","37":"taxable","38":"shipping-taxable","39":"purchasable","40":"product-type-simple"},"_links":{"self":[{"href":"https:\/\/vivando.ch\/de\/wp-json\/wp\/v2\/product\/5783","targetHints":{"allow":["GET"]}}],"collection":[{"href":"https:\/\/vivando.ch\/de\/wp-json\/wp\/v2\/product"}],"about":[{"href":"https:\/\/vivando.ch\/de\/wp-json\/wp\/v2\/types\/product"}],"wp:featuredmedia":[{"embeddable":true,"href":"https:\/\/vivando.ch\/de\/wp-json\/wp\/v2\/media\/3420"}],"wp:attachment":[{"href":"https:\/\/vivando.ch\/de\/wp-json\/wp\/v2\/media?parent=5783"}],"wp:term":[{"taxonomy":"product_brand","embeddable":true,"href":"https:\/\/vivando.ch\/de\/wp-json\/wp\/v2\/product_brand?post=5783"},{"taxonomy":"product_cat","embeddable":true,"href":"https:\/\/vivando.ch\/de\/wp-json\/wp\/v2\/product_cat?post=5783"},{"taxonomy":"product_tag","embeddable":true,"href":"https:\/\/vivando.ch\/de\/wp-json\/wp\/v2\/product_tag?post=5783"}],"curies":[{"name":"wp","href":"https:\/\/api.w.org\/{rel}","templated":true}]}}