{"id":5781,"date":"2022-06-01T14:04:47","date_gmt":"2023-01-25T21:19:51","guid":{"rendered":"https:\/\/vivando.ch\/shop\/unkategorisiert\/grignolino-dasti-doc\/"},"modified":"2023-01-25T22:19:51","modified_gmt":"2023-01-25T21:19:51","slug":"grignolino-dasti-doc","status":"publish","type":"product","link":"https:\/\/vivando.ch\/de\/shop\/spirituosen\/weine\/rot\/grignolino-dasti-doc\/","title":{"rendered":"Grignolino D&#8217;Asti DOC"},"content":{"rendered":"<p style=\"font-weight: 400\">Die Cantina Amerio Rocco ist ein historisches Weingut aus der Nachkriegszeit, das in den Langhe Astigiane aufgewachsen ist und auf soliden Prinzipien der Tradition und Authentizit\u00e4t beruht. Jeder Wein der Kellerei Amerio Rocco ist in der Lage, einzigartige Emotionen zu bieten, die auf der st\u00e4ndigen Suche nach immer h\u00f6herer Qualit\u00e4t basieren. Dank seiner Leidenschaft und seines Mutes wurde das Unternehmen als Hersteller von eleganten, frisch schmeckenden Weinen belohnt und anerkannt. Intensive Aromen, Geschmack und Eleganz sind die Merkmale der Weine von Amerio Rocco.<br \/>\nDer Grignolino d&#8217;Asti hat eine leuchtend kirschrote Farbe, die mit zunehmendem Alter ins Granatrot tendiert. Charakteristischer, delikater Geruch mit angenehmen Noten von Brombeeren und Himbeeren. Der Geschmack ist trocken, angenehm bitter und delikat mit einem leicht tanninhaltigen Nachgeschmack. Passt gut zu Vorspeisen, Suppen und gekochtem Fleisch; wei\u00dfes Fleisch.<\/p>\n","protected":false},"excerpt":{"rendered":"<p>Noten von Brombeeren und Himbeeren, trockener Geschmack, angenehm bitterer, leicht tanninhaltiger Nachgeschmack. Passt gut zu Vorspeisen, Suppen und gekochtem Fleisch; wei\u00dfes Fleisch.<\/p>\n","protected":false},"featured_media":3160,"template":"","meta":[],"product_brand":[],"product_cat":[810,786,805],"product_tag":[1294],"class_list":{"0":"post-5781","1":"product","2":"type-product","3":"status-publish","4":"has-post-thumbnail","6":"product_cat-rot","7":"product_cat-spirituosen","8":"product_cat-weine","9":"product_tag-amerio-de","10":"pa_abbinamenti-gekocht","11":"pa_abbinamenti-suppen","12":"pa_abbinamenti-vorspeisen","13":"pa_abbinamenti-weises-fleisch","14":"pa_annata-2023-de","15":"pa_cantina-amerio-de","16":"pa_colore-rot","17":"pa_denominazione-doc-de","18":"pa_formato-bottiglia-standard-de","19":"pa_gradazione-alcolica-12-5-de","20":"pa_nazione-italien","21":"pa_note-blaue-himbeere","22":"pa_note-charakteristisch","23":"pa_note-himbeere","24":"pa_note-zartes","25":"pa_regione-piemont","26":"pa_sapore-bitter","27":"pa_sapore-gerbsaure","28":"pa_sapore-trocken-de","29":"pa_sapore-zartes","30":"pa_tipologia-stopp","31":"pa_uvaggio-grignolino-de","33":"first","34":"instock","35":"taxable","36":"shipping-taxable","37":"purchasable","38":"product-type-simple"},"_links":{"self":[{"href":"https:\/\/vivando.ch\/de\/wp-json\/wp\/v2\/product\/5781","targetHints":{"allow":["GET"]}}],"collection":[{"href":"https:\/\/vivando.ch\/de\/wp-json\/wp\/v2\/product"}],"about":[{"href":"https:\/\/vivando.ch\/de\/wp-json\/wp\/v2\/types\/product"}],"wp:featuredmedia":[{"embeddable":true,"href":"https:\/\/vivando.ch\/de\/wp-json\/wp\/v2\/media\/3160"}],"wp:attachment":[{"href":"https:\/\/vivando.ch\/de\/wp-json\/wp\/v2\/media?parent=5781"}],"wp:term":[{"taxonomy":"product_brand","embeddable":true,"href":"https:\/\/vivando.ch\/de\/wp-json\/wp\/v2\/product_brand?post=5781"},{"taxonomy":"product_cat","embeddable":true,"href":"https:\/\/vivando.ch\/de\/wp-json\/wp\/v2\/product_cat?post=5781"},{"taxonomy":"product_tag","embeddable":true,"href":"https:\/\/vivando.ch\/de\/wp-json\/wp\/v2\/product_tag?post=5781"}],"curies":[{"name":"wp","href":"https:\/\/api.w.org\/{rel}","templated":true}]}}