{"id":5773,"date":"2022-06-03T15:20:05","date_gmt":"2023-01-25T19:00:43","guid":{"rendered":"https:\/\/vivando.ch\/shop\/unkategorisiert\/gattinara-docg-riserva\/"},"modified":"2023-01-25T20:00:43","modified_gmt":"2023-01-25T19:00:43","slug":"gattinara-docg-riserva","status":"publish","type":"product","link":"https:\/\/vivando.ch\/de\/shop\/spirituosen\/weine\/rot\/gattinara-docg-riserva\/","title":{"rendered":"Gattinara DOCG Riserva"},"content":{"rendered":"<p>Die Appellation Gattinara DOCG ist eines der wichtigsten Weinanbaugebiete des Piemont. Die Weine der Appellation Gattinara DOCG werden haupts\u00e4chlich aus den Rebsorten Nebbiolo, Vespolina und Uva Rara hergestellt.<br \/>\nDer Wein wird nur in den besten Jahrg\u00e4ngen hergestellt. Intensive granatrote Farbe, in der Nase zart w\u00fcrzige Noten, dominiert von einer klaren und starken Mineralit\u00e4t, die an Kirsche, Rose und Lakritze erinnert. Angenehmer Gerbstoffgehalt, frisch und anhaltend. Er passt gut zu w\u00fcrzigen Fleischgerichten, Wild und reifem K\u00e4se.<\/p>\n","protected":false},"excerpt":{"rendered":"<p>Zarte w\u00fcrzige Noten, klare und starke Mineralit\u00e4t; erinnert an Kirsche, Rose und Lakritze. F\u00fcr herzhafte Gerichte, Wild und reife K\u00e4sesorten.<\/p>\n","protected":false},"featured_media":3126,"template":"","meta":[],"product_brand":[],"product_cat":[810,786,805],"product_tag":[1315],"class_list":{"0":"post-5773","1":"product","2":"type-product","3":"status-publish","4":"has-post-thumbnail","6":"product_cat-rot","7":"product_cat-spirituosen","8":"product_cat-weine","9":"product_tag-travaglini-giancarlo-de","10":"pa_annata-2020-de","11":"pa_cantina-travaglini-de","12":"pa_colore-rot","13":"pa_denominazione-docg-de","14":"pa_formato-bottiglia-standard-de","15":"pa_gradazione-alcolica-12-5-de","16":"pa_nazione-italien","17":"pa_note-hagebutte","18":"pa_note-kirsche","19":"pa_note-lakritz","20":"pa_regione-piemont","21":"pa_sapore-blumen","22":"pa_sapore-frisch","23":"pa_sapore-rote-fruchte","24":"pa_sapore-schmackhaftes","25":"pa_tipologia-stopp","26":"pa_uvaggio-nebbiolo-de","28":"first","29":"instock","30":"taxable","31":"shipping-taxable","32":"purchasable","33":"product-type-simple"},"_links":{"self":[{"href":"https:\/\/vivando.ch\/de\/wp-json\/wp\/v2\/product\/5773","targetHints":{"allow":["GET"]}}],"collection":[{"href":"https:\/\/vivando.ch\/de\/wp-json\/wp\/v2\/product"}],"about":[{"href":"https:\/\/vivando.ch\/de\/wp-json\/wp\/v2\/types\/product"}],"wp:featuredmedia":[{"embeddable":true,"href":"https:\/\/vivando.ch\/de\/wp-json\/wp\/v2\/media\/3126"}],"wp:attachment":[{"href":"https:\/\/vivando.ch\/de\/wp-json\/wp\/v2\/media?parent=5773"}],"wp:term":[{"taxonomy":"product_brand","embeddable":true,"href":"https:\/\/vivando.ch\/de\/wp-json\/wp\/v2\/product_brand?post=5773"},{"taxonomy":"product_cat","embeddable":true,"href":"https:\/\/vivando.ch\/de\/wp-json\/wp\/v2\/product_cat?post=5773"},{"taxonomy":"product_tag","embeddable":true,"href":"https:\/\/vivando.ch\/de\/wp-json\/wp\/v2\/product_tag?post=5773"}],"curies":[{"name":"wp","href":"https:\/\/api.w.org\/{rel}","templated":true}]}}