{"id":5771,"date":"2022-06-02T13:10:07","date_gmt":"2023-01-25T18:58:19","guid":{"rendered":"https:\/\/vivando.ch\/shop\/unkategorisiert\/gattinara-docg-doppio-magnum-cassetta-legno\/"},"modified":"2023-01-25T19:58:19","modified_gmt":"2023-01-25T18:58:19","slug":"gattinara-docg-doppio-magnum-cassetta-legno","status":"publish","type":"product","link":"https:\/\/vivando.ch\/de\/shop\/spirituosen\/weine\/rot\/gattinara-docg-doppio-magnum-cassetta-legno\/","title":{"rendered":"Gattinara DOCG Doppio Magnum (Cassetta Legno)"},"content":{"rendered":"<p>Die Appellation Gattinara DOCG ist eines der wichtigsten Weinanbaugebiete des Piemont. Die Weine der Appellation Gattinara DOCG werden haupts\u00e4chlich aus den Rebsorten Nebbiolo, Vespolina und Uva Rara hergestellt. Der Wein wird nur in den besten Jahrg\u00e4ngen hergestellt. Intensive granatrote Farbe, in der Nase reichlich fruchtige, warme und reife Aromen von Marmelade, Pflaumen und Tamarinde. Im Mund gewinnt er an Kraft durch die soliden Tannine, aber vor allem durch den frischen, w\u00fcrzigen Abgang. Er passt gut zu strukturierten ersten G\u00e4ngen, rotem Fleisch, Wild und reifem K\u00e4se.<\/p>\n","protected":false},"excerpt":{"rendered":"<p>Wein, der nur in den besten Jahrg\u00e4ngen aus seltenen Trauben hergestellt wird. Fruchtig, warm und reif mit Noten von Marmelade, Pflaumen und Tamarinde. Geeignet f\u00fcr strukturierte Gerichte.<\/p>\n","protected":false},"featured_media":3134,"template":"","meta":[],"product_brand":[],"product_cat":[810,786,805],"product_tag":[1315],"class_list":{"0":"post-5771","1":"product","2":"type-product","3":"status-publish","4":"has-post-thumbnail","6":"product_cat-rot","7":"product_cat-spirituosen","8":"product_cat-weine","9":"product_tag-travaglini-giancarlo-de","10":"pa_annata-2021-de","11":"pa_cantina-travaglini-de","12":"pa_colore-rot","13":"pa_denominazione-docg-de","14":"pa_formato-bottiglia-doppia-magnum-de","15":"pa_gradazione-alcolica-13-5-de","16":"pa_nazione-italien","17":"pa_note-fruchtig","18":"pa_note-marmelade","19":"pa_note-pflaumen","20":"pa_note-tamarindo-de","21":"pa_regione-piemont","22":"pa_sapore-blumen","23":"pa_sapore-fruchtgummis","24":"pa_sapore-rote-fruchte","25":"pa_tipologia-stopp","26":"pa_uvaggio-nebbiolo-de","28":"first","29":"instock","30":"taxable","31":"shipping-taxable","32":"purchasable","33":"product-type-simple"},"_links":{"self":[{"href":"https:\/\/vivando.ch\/de\/wp-json\/wp\/v2\/product\/5771","targetHints":{"allow":["GET"]}}],"collection":[{"href":"https:\/\/vivando.ch\/de\/wp-json\/wp\/v2\/product"}],"about":[{"href":"https:\/\/vivando.ch\/de\/wp-json\/wp\/v2\/types\/product"}],"wp:featuredmedia":[{"embeddable":true,"href":"https:\/\/vivando.ch\/de\/wp-json\/wp\/v2\/media\/3134"}],"wp:attachment":[{"href":"https:\/\/vivando.ch\/de\/wp-json\/wp\/v2\/media?parent=5771"}],"wp:term":[{"taxonomy":"product_brand","embeddable":true,"href":"https:\/\/vivando.ch\/de\/wp-json\/wp\/v2\/product_brand?post=5771"},{"taxonomy":"product_cat","embeddable":true,"href":"https:\/\/vivando.ch\/de\/wp-json\/wp\/v2\/product_cat?post=5771"},{"taxonomy":"product_tag","embeddable":true,"href":"https:\/\/vivando.ch\/de\/wp-json\/wp\/v2\/product_tag?post=5771"}],"curies":[{"name":"wp","href":"https:\/\/api.w.org\/{rel}","templated":true}]}}