{"id":5764,"date":"2022-06-06T10:50:38","date_gmt":"2022-06-06T09:50:38","guid":{"rendered":"https:\/\/vivando.ch\/shop\/unkategorisiert\/ferruggini-bolgheri-doc-bio\/"},"modified":"2023-01-25T19:47:28","modified_gmt":"2023-01-25T18:47:28","slug":"ferruggini-bolgheri-doc-bio","status":"publish","type":"product","link":"https:\/\/vivando.ch\/de\/shop\/spirituosen\/weine\/bio\/ferruggini-bolgheri-doc-bio\/","title":{"rendered":"Ferruggini Bolgheri DOC BIO"},"content":{"rendered":"<div id=\"product-description-short-81\">\n<p>Ein Wein von gro\u00dfer Trinkbarkeit und Vielseitigkeit, mit einer rubinroten Farbe, \u00f6ffnet er sich mit Noten von reifen roten Fr\u00fcchten und einem dynamischen, frischen Geschmack, der zu den traditionellen toskanischen Gerichten im Alltag passt.<\/p>\n<\/div>\n","protected":false},"excerpt":{"rendered":"<p>Noten von reifen roten Fr\u00fcchten und ein dynamisches, frisches Mundgef\u00fchl, das in der Lage ist, traditionelle toskanische Gerichte auf vielf\u00e4ltige Weise zu adaptieren.<\/p>\n","protected":false},"featured_media":3418,"template":"","meta":[],"product_brand":[],"product_cat":[807,810,786,805],"product_tag":[1022,1304],"class_list":{"0":"post-5764","1":"product","2":"type-product","3":"status-publish","4":"has-post-thumbnail","6":"product_cat-bio","7":"product_cat-rot","8":"product_cat-spirituosen","9":"product_cat-weine","10":"product_tag-bio-de","11":"product_tag-chiappini-de","12":"pa_abbinamenti-pasta-de","13":"pa_abbinamenti-rotes-fleisch","14":"pa_abbinamenti-weises-fleisch","15":"pa_allergeni-sulfite","16":"pa_annata-2022-de","17":"pa_cantina-chiappini-de","18":"pa_colore-rot","19":"pa_denominazione-doc-de","20":"pa_formato-bottiglia-standard-de","21":"pa_gradazione-alcolica-14-de","22":"pa_nazione-italien","23":"pa_note-reife-rote-fruchte","24":"pa_regione-toskana","25":"pa_sapore-dynamisch","26":"pa_sapore-frisch","27":"pa_tipologia-stopp","28":"pa_uvaggio-cabernet-sauvignon-de","29":"pa_uvaggio-sangiovese-de","30":"pa_uvaggio-syrah-de","32":"first","33":"instock","34":"taxable","35":"shipping-taxable","36":"purchasable","37":"product-type-simple"},"_links":{"self":[{"href":"https:\/\/vivando.ch\/de\/wp-json\/wp\/v2\/product\/5764","targetHints":{"allow":["GET"]}}],"collection":[{"href":"https:\/\/vivando.ch\/de\/wp-json\/wp\/v2\/product"}],"about":[{"href":"https:\/\/vivando.ch\/de\/wp-json\/wp\/v2\/types\/product"}],"wp:featuredmedia":[{"embeddable":true,"href":"https:\/\/vivando.ch\/de\/wp-json\/wp\/v2\/media\/3418"}],"wp:attachment":[{"href":"https:\/\/vivando.ch\/de\/wp-json\/wp\/v2\/media?parent=5764"}],"wp:term":[{"taxonomy":"product_brand","embeddable":true,"href":"https:\/\/vivando.ch\/de\/wp-json\/wp\/v2\/product_brand?post=5764"},{"taxonomy":"product_cat","embeddable":true,"href":"https:\/\/vivando.ch\/de\/wp-json\/wp\/v2\/product_cat?post=5764"},{"taxonomy":"product_tag","embeddable":true,"href":"https:\/\/vivando.ch\/de\/wp-json\/wp\/v2\/product_tag?post=5764"}],"curies":[{"name":"wp","href":"https:\/\/api.w.org\/{rel}","templated":true}]}}