{"id":5736,"date":"2022-06-06T11:23:51","date_gmt":"2023-01-25T17:53:30","guid":{"rendered":"https:\/\/vivando.ch\/shop\/unkategorisiert\/cappello-di-prete-salento-igt\/"},"modified":"2023-01-25T18:53:30","modified_gmt":"2023-01-25T17:53:30","slug":"cappello-di-prete-salento-igt","status":"publish","type":"product","link":"https:\/\/vivando.ch\/de\/shop\/spirituosen\/weine\/rot\/cappello-di-prete-salento-igt\/","title":{"rendered":"Cappello Di Prete Salento IGT"},"content":{"rendered":"<p>Die Tiefe der rubinroten Farbe und der violette Schimmer charakterisieren diesen Wein mit seinem intensiven Aroma, den gebrochenen Noten und dem zarten Hauch von Vanille. Seine gro\u00dfe Struktur und sein voller, samtiger Geschmack machen ihn zu einer bemerkenswerten Rasse. Er passt gut zu ged\u00fcnstetem Fisch, gebratenem oder gegrilltem Rindfleisch und Hartk\u00e4se.<\/p>\n","protected":false},"excerpt":{"rendered":"<p>Intensives Aroma mit gebrochenen Noten und einem zarten Hauch von Vanille. Seine gro\u00dfe Struktur und sein voller, samtiger Geschmack machen ihn zu einer bemerkenswerten Rasse.<\/p>\n","protected":false},"featured_media":3517,"template":"","meta":[],"product_brand":[],"product_cat":[810,786,805],"product_tag":[1060],"class_list":{"0":"post-5736","1":"product","2":"type-product","3":"status-publish","4":"has-post-thumbnail","6":"product_cat-rot","7":"product_cat-spirituosen","8":"product_cat-weine","9":"product_tag-candido-de","10":"pa_abbinamenti-braten","11":"pa_abbinamenti-fischsuppen","12":"pa_abbinamenti-hartkase","13":"pa_abbinamenti-rotes-fleisch","14":"pa_allergeni-sulfite","15":"pa_annata-2021-de","16":"pa_cantina-candido-de","17":"pa_colore-rot","18":"pa_denominazione-igt-de","19":"pa_formato-bottiglia-standard-de","20":"pa_gradazione-alcolica-14-de","21":"pa_nazione-italien","22":"pa_note-pikant","23":"pa_note-vanille","24":"pa_regione-apulien","25":"pa_sapore-samtig","26":"pa_tipologia-stopp","27":"pa_uvaggio-negroamaro-de","29":"first","30":"instock","31":"taxable","32":"shipping-taxable","33":"purchasable","34":"product-type-simple"},"_links":{"self":[{"href":"https:\/\/vivando.ch\/de\/wp-json\/wp\/v2\/product\/5736","targetHints":{"allow":["GET"]}}],"collection":[{"href":"https:\/\/vivando.ch\/de\/wp-json\/wp\/v2\/product"}],"about":[{"href":"https:\/\/vivando.ch\/de\/wp-json\/wp\/v2\/types\/product"}],"wp:featuredmedia":[{"embeddable":true,"href":"https:\/\/vivando.ch\/de\/wp-json\/wp\/v2\/media\/3517"}],"wp:attachment":[{"href":"https:\/\/vivando.ch\/de\/wp-json\/wp\/v2\/media?parent=5736"}],"wp:term":[{"taxonomy":"product_brand","embeddable":true,"href":"https:\/\/vivando.ch\/de\/wp-json\/wp\/v2\/product_brand?post=5736"},{"taxonomy":"product_cat","embeddable":true,"href":"https:\/\/vivando.ch\/de\/wp-json\/wp\/v2\/product_cat?post=5736"},{"taxonomy":"product_tag","embeddable":true,"href":"https:\/\/vivando.ch\/de\/wp-json\/wp\/v2\/product_tag?post=5736"}],"curies":[{"name":"wp","href":"https:\/\/api.w.org\/{rel}","templated":true}]}}