{"id":5720,"date":"2022-06-02T13:52:12","date_gmt":"2023-01-25T16:55:41","guid":{"rendered":"https:\/\/vivando.ch\/shop\/unkategorisiert\/bisavolo-barbera-dasti-docg-superiore\/"},"modified":"2023-01-25T17:55:41","modified_gmt":"2023-01-25T16:55:41","slug":"bisavolo-barbera-dasti-docg-superiore","status":"publish","type":"product","link":"https:\/\/vivando.ch\/de\/shop\/spirituosen\/weine\/rot\/bisavolo-barbera-dasti-docg-superiore\/","title":{"rendered":"Bisavolo Barbera D&#8217;Asti DOCG Superiore"},"content":{"rendered":"<p>Das 1923 von Stefano Ferraris gegr\u00fcndete Unternehmen hat seinen Sitz in Agliano Terme, im Herzen des historischen Barbera d&#8217;Asti-Gebiets, in einem der f\u00fcr den Weinbau am besten geeigneten Gebiete, was Boden und Mikroklima betrifft. Es gibt 9 Hektar Rebfl\u00e4che, von denen einige sehr alte Rebst\u00f6cke sind, die in einigen F\u00e4llen bis zu 80 Jahre alt sind. Das Erziehungssystem ist das traditionelle Guyot-System, die Hektarertr\u00e4ge liegen zwischen 50 und 80 ql. Ende Juli wird die Gr\u00fcnlese durchgef\u00fchrt und \u00fcbersch\u00fcssige Trauben werden ausged\u00fcnnt. Die Trauben werden in mehreren Etappen geerntet, um die volle Reife zu erreichen. Die G\u00e4rung erfolgt in Stahlbeh\u00e4ltern bei einer kontrollierten Temperatur von 25\u00b0 bis 28\u00b0 Grad und dauert im Durchschnitt zehn bis f\u00fcnfzehn Tage, je nach Jahrgang.<\/p>\n","protected":false},"excerpt":{"rendered":"<p>Das 1923 von Stefano Ferraris gegr\u00fcndete Unternehmen befindet sich in Agliano Terme im Herzen des historischen Barbera d&#8217;Asti-Gebiets.<\/p>\n","protected":false},"featured_media":3171,"template":"","meta":[],"product_brand":[],"product_cat":[810,786,805],"product_tag":[1240],"class_list":{"0":"post-5720","1":"product","2":"type-product","3":"status-publish","4":"has-post-thumbnail","6":"product_cat-rot","7":"product_cat-spirituosen","8":"product_cat-weine","9":"product_tag-azienda-agricola-ferraris-de","10":"pa_abbinamenti-braten","11":"pa_abbinamenti-gereifter-kase","12":"pa_abbinamenti-pasta-de","13":"pa_abbinamenti-rotes-fleisch","14":"pa_abbinamenti-wild","15":"pa_annata-2023-de","16":"pa_cantina-aziena-agricola-roberto-ferraris-de","17":"pa_colore-rot","18":"pa_denominazione-docg-de","19":"pa_formato-bottiglia-standard-de","20":"pa_gradazione-alcolica-15-de","21":"pa_nazione-italien","22":"pa_note-angenehm","23":"pa_note-ausgewogene","24":"pa_note-frisch","25":"pa_note-weich","26":"pa_regione-piemont","27":"pa_sapore-blaubeeren","28":"pa_sapore-kirsche","29":"pa_sapore-pflaume","30":"pa_sapore-schwarze-fruchte","31":"pa_tipologia-stopp","32":"pa_uvaggio-barbera-de","34":"first","35":"instock","36":"taxable","37":"shipping-taxable","38":"purchasable","39":"product-type-simple"},"_links":{"self":[{"href":"https:\/\/vivando.ch\/de\/wp-json\/wp\/v2\/product\/5720","targetHints":{"allow":["GET"]}}],"collection":[{"href":"https:\/\/vivando.ch\/de\/wp-json\/wp\/v2\/product"}],"about":[{"href":"https:\/\/vivando.ch\/de\/wp-json\/wp\/v2\/types\/product"}],"wp:featuredmedia":[{"embeddable":true,"href":"https:\/\/vivando.ch\/de\/wp-json\/wp\/v2\/media\/3171"}],"wp:attachment":[{"href":"https:\/\/vivando.ch\/de\/wp-json\/wp\/v2\/media?parent=5720"}],"wp:term":[{"taxonomy":"product_brand","embeddable":true,"href":"https:\/\/vivando.ch\/de\/wp-json\/wp\/v2\/product_brand?post=5720"},{"taxonomy":"product_cat","embeddable":true,"href":"https:\/\/vivando.ch\/de\/wp-json\/wp\/v2\/product_cat?post=5720"},{"taxonomy":"product_tag","embeddable":true,"href":"https:\/\/vivando.ch\/de\/wp-json\/wp\/v2\/product_tag?post=5720"}],"curies":[{"name":"wp","href":"https:\/\/api.w.org\/{rel}","templated":true}]}}