{"id":5709,"date":"2022-06-01T14:32:01","date_gmt":"2023-01-24T21:31:53","guid":{"rendered":"https:\/\/vivando.ch\/shop\/unkategorisiert\/aldiano-montepulciano-dabruzzo-dop-riserva\/"},"modified":"2023-03-24T16:37:53","modified_gmt":"2023-03-24T15:37:53","slug":"aldiano-montepulciano-dabruzzo-dop-riserva","status":"publish","type":"product","link":"https:\/\/vivando.ch\/de\/shop\/spirituosen\/weine\/rot\/aldiano-montepulciano-dabruzzo-dop-riserva\/","title":{"rendered":"Aldiano Montepulciano D&#8217;Abruzzo DOP Riserva"},"content":{"rendered":"<div id=\"product-description-short-421\">\n<p>Montepulciano d&#8217;Abruzzo 100% Rebsorte, 25\/30 Jahre alt, in den Gemeinden Tollo und Bucchianico (CH), 130\/200 Meter \u00fcber dem Meeresspiegel mit lehmig-kalkigen und lehmig-schluffigen B\u00f6den und S\u00fcd- und S\u00fcdostlage. Art der Bepflanzung Zelt und gespornte Kordonreihen. Pflanzdichte 1600 Rebst\u00f6cke pro Hektar in der Markise und 4000 in den Reihen. Durchschnittlicher Ertrag pro Hektar von 90\/100 Doppelzentnern. Manuelle Ernte in der zweiten Oktoberh\u00e4lfte. Reifung 12 Monate in slawonischen Eichenf\u00e4ssern (70%) und Barriques (30%); 6 Monate in der Flasche. Bei der Verkostung zeigt er eine intensive rubinrote Farbe mit violetten Reflexen. Intensive fruchtige Aromen mit Noten von schwarzen Kirschen und Waldbeeren, die sich mit feinen Gew\u00fcrznoten vermischen. Der Geschmack ist voll und anhaltend, mit einem integrierten und angenehmen Tanningehalt. Hervorragend zu saftigen ersten G\u00e4ngen mit roter So\u00dfe, Braten und verschiedenen halbgereiften K\u00e4sesorten.<\/p>\n<\/div>\n<div class=\"product-actions\">\n<div class=\"product-variants\"><\/div>\n<section class=\"product-discounts\"><\/section>\n<div class=\"product-add-to-cart\">\n<div class=\"product-quantity\">\n<div class=\"input-group bootstrap-touchspin\"><\/div>\n<\/div>\n<\/div>\n<\/div>\n","protected":false},"excerpt":{"rendered":"<p>Intensive rubinrote Farbe. Fruchtiges und w\u00fcrziges Aroma. Voller und anhaltender Geschmack. Ideal zu ersten roten Gerichten, Braten und halbgereiften K\u00e4sesorten.<\/p>\n","protected":false},"featured_media":3475,"template":"","meta":[],"product_brand":[],"product_cat":[810,786,805],"product_tag":[1197],"class_list":{"0":"post-5709","1":"product","2":"type-product","3":"status-publish","4":"has-post-thumbnail","6":"product_cat-rot","7":"product_cat-spirituosen","8":"product_cat-weine","9":"product_tag-cantine-tollo-de","10":"pa_abbinamenti-braten","11":"pa_abbinamenti-erste-gange-mit-fleischsaucen","12":"pa_abbinamenti-weichkase","13":"pa_annata-2020-de","14":"pa_cantina-cantina-tollo-de","15":"pa_colore-rose","16":"pa_denominazione-dop-de","17":"pa_formato-bottiglia-standard-de","18":"pa_gradazione-alcolica-14-de","19":"pa_nazione-italien","20":"pa_note-amarena-de","21":"pa_note-beeren","22":"pa_note-pikant","23":"pa_regione-abruzzen","24":"pa_sapore-persistent","25":"pa_sapore-vollstandig","26":"pa_tipologia-stopp","27":"pa_uvaggio-montepulciano-de","29":"first","30":"instock","31":"taxable","32":"shipping-taxable","33":"purchasable","34":"product-type-simple"},"_links":{"self":[{"href":"https:\/\/vivando.ch\/de\/wp-json\/wp\/v2\/product\/5709","targetHints":{"allow":["GET"]}}],"collection":[{"href":"https:\/\/vivando.ch\/de\/wp-json\/wp\/v2\/product"}],"about":[{"href":"https:\/\/vivando.ch\/de\/wp-json\/wp\/v2\/types\/product"}],"wp:featuredmedia":[{"embeddable":true,"href":"https:\/\/vivando.ch\/de\/wp-json\/wp\/v2\/media\/3475"}],"wp:attachment":[{"href":"https:\/\/vivando.ch\/de\/wp-json\/wp\/v2\/media?parent=5709"}],"wp:term":[{"taxonomy":"product_brand","embeddable":true,"href":"https:\/\/vivando.ch\/de\/wp-json\/wp\/v2\/product_brand?post=5709"},{"taxonomy":"product_cat","embeddable":true,"href":"https:\/\/vivando.ch\/de\/wp-json\/wp\/v2\/product_cat?post=5709"},{"taxonomy":"product_tag","embeddable":true,"href":"https:\/\/vivando.ch\/de\/wp-json\/wp\/v2\/product_tag?post=5709"}],"curies":[{"name":"wp","href":"https:\/\/api.w.org\/{rel}","templated":true}]}}