{"id":5689,"date":"2022-06-06T11:40:07","date_gmt":"2023-01-23T11:22:50","guid":{"rendered":"https:\/\/vivando.ch\/shop\/unkategorisiert\/la-real-casa-custoza-doc\/"},"modified":"2023-01-23T12:22:50","modified_gmt":"2023-01-23T11:22:50","slug":"la-real-casa-custoza-doc","status":"publish","type":"product","link":"https:\/\/vivando.ch\/de\/shop\/spirituosen\/weine\/weiss\/la-real-casa-custoza-doc\/","title":{"rendered":"La Real Casa Custoza DOC"},"content":{"rendered":"<p>Er stammt aus einem Gebiet, das auf gut exponierten H\u00fcgeln liegt, die reich an glazialen und fluvialen Ablagerungen sind. Die B\u00f6den verleihen diesem Wein eine sehr ausgepr\u00e4gte mineralische Komponente. Weinberge in den Gemeinden Sona und Castelnuovo Veronese, mit S\u00fcd-West-Ausrichtung und auf einer H\u00f6he von 120-150 Metern, wo das Klima k\u00fchl und bel\u00fcftet ist und durch den Einfluss des Gardasees gemildert wird. Guyot-Reben mit einer Pflanzdichte zwischen 3500 und 4500 Rebst\u00f6cken pro Hektar.<br \/>\nHelle, strohgelbe Farbe; nicht zu ausgepr\u00e4gtes, duftendes Bouquet mit blumiger Dominanz und Ankl\u00e4ngen an wei\u00dfe Tropenfr\u00fcchte; der Geschmack ist frisch und harmonisch, sehr schmackhaft und mit einem delikaten Hintergrund aus reifen Fr\u00fcchten, der lange im Mund verweilt. Es ist ein Wein, der sofort angenehm ist, typisch, einfach und sehr angenehm. Er passt gut zu delikaten ersten G\u00e4ngen, Seefisch, frischen Vorspeisen und Meeresfr\u00fcchtesalaten.<\/p>\n","protected":false},"excerpt":{"rendered":"<div class=\"page\" title=\"Page 1\">\n<div class=\"layoutArea\">\n<div class=\"column\">\n<p>Die Rebsorten Garganega, Trebbiano und Cortese verleihen diesem Wein eine sehr ausgepr\u00e4gte mineralische Komponente. Ein einfacher, aber interessanter Wein.<\/p>\n<\/div>\n<\/div>\n<\/div>\n","protected":false},"featured_media":3347,"template":"","meta":[],"product_brand":[],"product_cat":[805,806],"product_tag":[1104],"class_list":{"0":"post-5689","1":"product","2":"type-product","3":"status-publish","4":"has-post-thumbnail","6":"product_cat-weine","7":"product_cat-weiss","8":"product_tag-bolla-de","9":"pa_abbinamenti-delikate-erste-gange","10":"pa_abbinamenti-fisch","11":"pa_abbinamenti-meeresfruchtesalate","12":"pa_abbinamenti-vorspeisen","13":"pa_allergeni-sulfite","14":"pa_cantina-bolla-de","15":"pa_colore-weise","16":"pa_denominazione-doc-de","17":"pa_formato-bottiglia-standard-de","18":"pa_gradazione-alcolica-12-de","19":"pa_nazione-italien","20":"pa_note-blumen","21":"pa_note-weise-tropische-fruchte","22":"pa_regione-venetien","23":"pa_sapore-frisch","24":"pa_sapore-harmonische","25":"pa_sapore-reifes-obst","26":"pa_tipologia-stopp","27":"pa_uvaggio-chardonnay-de","28":"pa_uvaggio-garganega-de","29":"pa_uvaggio-trebbiano-toscano-de","31":"first","32":"instock","33":"taxable","34":"shipping-taxable","35":"purchasable","36":"product-type-simple"},"_links":{"self":[{"href":"https:\/\/vivando.ch\/de\/wp-json\/wp\/v2\/product\/5689","targetHints":{"allow":["GET"]}}],"collection":[{"href":"https:\/\/vivando.ch\/de\/wp-json\/wp\/v2\/product"}],"about":[{"href":"https:\/\/vivando.ch\/de\/wp-json\/wp\/v2\/types\/product"}],"wp:featuredmedia":[{"embeddable":true,"href":"https:\/\/vivando.ch\/de\/wp-json\/wp\/v2\/media\/3347"}],"wp:attachment":[{"href":"https:\/\/vivando.ch\/de\/wp-json\/wp\/v2\/media?parent=5689"}],"wp:term":[{"taxonomy":"product_brand","embeddable":true,"href":"https:\/\/vivando.ch\/de\/wp-json\/wp\/v2\/product_brand?post=5689"},{"taxonomy":"product_cat","embeddable":true,"href":"https:\/\/vivando.ch\/de\/wp-json\/wp\/v2\/product_cat?post=5689"},{"taxonomy":"product_tag","embeddable":true,"href":"https:\/\/vivando.ch\/de\/wp-json\/wp\/v2\/product_tag?post=5689"}],"curies":[{"name":"wp","href":"https:\/\/api.w.org\/{rel}","templated":true}]}}