{"id":5640,"date":"2022-06-01T09:48:06","date_gmt":"2023-01-17T07:16:05","guid":{"rendered":"https:\/\/vivando.ch\/shop\/unkategorisiert\/athesis-alto-adige-suedtirol-doc-brut-rose-klassische-methode-magnum\/"},"modified":"2023-01-17T08:16:05","modified_gmt":"2023-01-17T07:16:05","slug":"athesis-alto-adige-sudtirol-doc-metodo-classico-brut-rose-magnum","status":"publish","type":"product","link":"https:\/\/vivando.ch\/de\/shop\/spirituosen\/weine\/rose\/athesis-alto-adige-sudtirol-doc-metodo-classico-brut-rose-magnum\/","title":{"rendered":"Athesis Alto Adige &#8211; S\u00fcdtirol DOC Brut Ros\u00e8 Klassische Methode Magnum"},"content":{"rendered":"<p>Zartrosa Farbe mit Pfirsichreflexen, feine und anhaltende Perlage, bringt fruchtige Noten von Himbeeren mit angenehmen Hefenoten zum Ausdruck. Der Geschmack ist trocken, voll und harmonisch. Er eignet sich als Aperitif, passt aber auch zu einer ganzen Mahlzeit, insbesondere zu \u00fcppigen Meeresfr\u00fcchtegerichten. Interessant f\u00fcr orientalische Gerichte und w\u00fcrzige Speisen im Allgemeinen.<\/p>\n","protected":false},"excerpt":{"rendered":"<p>Er eignet sich als Aperitif, aber auch als Begleiter einer ganzen Mahlzeit mit reichhaltigen Meeresfr\u00fcchtegerichten. Interessant f\u00fcr die orientalische K\u00fcche und w\u00fcrzige Gerichte.<\/p>\n","protected":false},"featured_media":3207,"template":"","meta":[],"product_brand":[],"product_cat":[809,811,786,805],"product_tag":[1037],"class_list":{"0":"post-5640","1":"product","2":"type-product","3":"status-publish","4":"has-post-thumbnail","6":"product_cat-rose","7":"product_cat-schaumwein","8":"product_cat-spirituosen","9":"product_cat-weine","10":"product_tag-kettmeir-de","11":"pa_abbinamenti-aperitifs","12":"pa_abbinamenti-orientalischen-kuche","13":"pa_abbinamenti-vorspeisen","14":"pa_cantina-kettmeir-de","15":"pa_colore-rose","16":"pa_denominazione-doc-de","17":"pa_formato-bottiglia-magnum-de","18":"pa_gradazione-alcolica-12-5-de","19":"pa_nazione-italien","20":"pa_note-hefe","21":"pa_note-himbeere","22":"pa_regione-trentino-sudtirol","23":"pa_sapore-beeren","24":"pa_sapore-dynamisch","25":"pa_sapore-elegant","26":"pa_sapore-frisch","27":"pa_sapore-gewurzkrauter","28":"pa_tipologia-schaumwein","29":"pa_uvaggio-chardonnay-de","30":"pa_uvaggio-pinot-nero-de","32":"first","33":"instock","34":"taxable","35":"shipping-taxable","36":"purchasable","37":"product-type-simple"},"_links":{"self":[{"href":"https:\/\/vivando.ch\/de\/wp-json\/wp\/v2\/product\/5640","targetHints":{"allow":["GET"]}}],"collection":[{"href":"https:\/\/vivando.ch\/de\/wp-json\/wp\/v2\/product"}],"about":[{"href":"https:\/\/vivando.ch\/de\/wp-json\/wp\/v2\/types\/product"}],"wp:featuredmedia":[{"embeddable":true,"href":"https:\/\/vivando.ch\/de\/wp-json\/wp\/v2\/media\/3207"}],"wp:attachment":[{"href":"https:\/\/vivando.ch\/de\/wp-json\/wp\/v2\/media?parent=5640"}],"wp:term":[{"taxonomy":"product_brand","embeddable":true,"href":"https:\/\/vivando.ch\/de\/wp-json\/wp\/v2\/product_brand?post=5640"},{"taxonomy":"product_cat","embeddable":true,"href":"https:\/\/vivando.ch\/de\/wp-json\/wp\/v2\/product_cat?post=5640"},{"taxonomy":"product_tag","embeddable":true,"href":"https:\/\/vivando.ch\/de\/wp-json\/wp\/v2\/product_tag?post=5640"}],"curies":[{"name":"wp","href":"https:\/\/api.w.org\/{rel}","templated":true}]}}